{"id":10128,"date":"2022-10-10T16:43:14","date_gmt":"2022-10-10T14:43:14","guid":{"rendered":"https:\/\/www.maison-rhenanie-palatinat.org\/demos\/?page_id=10128"},"modified":"2023-10-22T10:10:30","modified_gmt":"2023-10-22T08:10:30","slug":"projets","status":"publish","type":"page","link":"https:\/\/www.maison-rhenanie-palatinat.org\/demos\/projets\/","title":{"rendered":"Projets"},"content":{"rendered":"<style>#kt-layout-id_2b543c-08 > .kt-row-column-wrap{align-content:start;}:where(#kt-layout-id_2b543c-08 > .kt-row-column-wrap) > .wp-block-kadence-column{justify-content:start;}#kt-layout-id_2b543c-08 > .kt-row-column-wrap{column-gap:var(--global-kb-gap-md, 2rem);row-gap:var(--global-kb-gap-md, 2rem);padding-top:var( --global-kb-row-default-top, 25px );padding-bottom:var( --global-kb-row-default-bottom, 25px );padding-bottom:23px;grid-template-columns:minmax(0, calc(75% - ((var(--global-kb-gap-md, 2rem) * 1 )\/2))) minmax(0, calc(25% - ((var(--global-kb-gap-md, 2rem) * 1 )\/2)));}#kt-layout-id_2b543c-08 > .kt-row-layout-overlay{opacity:0.30;}@media all and (max-width: 1024px){#kt-layout-id_2b543c-08 > .kt-row-column-wrap{grid-template-columns:repeat(2, minmax(0, 1fr));}}@media all and (max-width: 767px){#kt-layout-id_2b543c-08 > .kt-row-column-wrap{grid-template-columns:minmax(0, 1fr);}}<\/style>\r\n<div class=\"wp-block-kadence-rowlayout alignnone\">\r\n<div id=\"kt-layout-id_2b543c-08\" class=\"kt-row-layout-inner kt-layout-id_2b543c-08\">\r\n<div class=\"kt-row-column-wrap kt-has-2-columns kt-gutter-default kt-v-gutter-default kt-row-valign-top kt-row-layout-equal kt-tab-layout-inherit kt-m-colapse-left-to-right kt-mobile-layout-row  kt-custom-first-width-75  kt-custom-second-width-25\"><style>.kadence-column_25a005-27 > .kt-inside-inner-col{border-top-width:0px;border-right-width:0px;border-bottom-width:0px;border-left-width:0px;}.kadence-column_25a005-27 > .kt-inside-inner-col,.kadence-column_25a005-27 > .kt-inside-inner-col:before{border-top-left-radius:0px;border-top-right-radius:0px;border-bottom-right-radius:0px;border-bottom-left-radius:0px;}.kadence-column_25a005-27 > .kt-inside-inner-col{column-gap:var(--global-kb-gap-sm, 1rem);}.kadence-column_25a005-27 > .kt-inside-inner-col{flex-direction:column;}.kadence-column_25a005-27 > .kt-inside-inner-col > .aligncenter{width:100%;}.kadence-column_25a005-27 > .kt-inside-inner-col:before{opacity:0.3;}.kadence-column_25a005-27{position:relative;}@media all and (max-width: 1024px){.kadence-column_25a005-27 > .kt-inside-inner-col{flex-direction:column;}}@media all and (max-width: 767px){.kadence-column_25a005-27 > .kt-inside-inner-col{flex-direction:column;}}<\/style>\r\n<div class=\"wp-block-kadence-column inner-column-1 kadence-column_25a005-27\">\r\n<div class=\"kt-inside-inner-col\">\r\n<p>Depuis 1997 la Maison de Rh\u00e9nanie-Palatinat assure la pr\u00e9sidence de la <strong>F\u00e9d\u00e9ration des Maisons Franco-Allemandes<\/strong>, dont elle est \u00e9galement le si\u00e8ge.<\/p>\r\n\r\n\r\n\r\n<p>\u00c9tant en charge de la pr\u00e9sidence de la F\u00e9d\u00e9ration des Maisons Franco-Allemandes, la Maison de Rh\u00e9nanie-Palatinat porte et coordonne le <strong>programme mobiklasse.de<\/strong> en France.<\/p>\r\n\r\n\r\n\r\n<p>La Maison de Rh\u00e9nanie-Palatinat organise et coordonne le <strong>Concours d\u2019histoire<\/strong> scolaire franco-allemand 2020-2021.<\/p>\r\n\r\n\r\n<style>.kb-image_1a4b84-59.kb-image-is-ratio-size, .kb-image_1a4b84-59 .kb-image-is-ratio-size{max-width:844px;width:100%;}.wp-block-kadence-column > .kt-inside-inner-col > .kb-image_1a4b84-59.kb-image-is-ratio-size, .wp-block-kadence-column > .kt-inside-inner-col > .kb-image_1a4b84-59 .kb-image-is-ratio-size{align-self:unset;}.kb-image_1a4b84-59{max-width:844px;}.image-is-svg.kb-image_1a4b84-59{-webkit-flex:0 1 100%;flex:0 1 100%;}.image-is-svg.kb-image_1a4b84-59 img{width:100%;}.kb-image_1a4b84-59 .kb-image-has-overlay:after{opacity:0.3;}<\/style>\r\n<figure class=\"wp-block-kadence-image kb-image_1a4b84-59 size-full\"><a class=\"kb-advanced-image-link\" href=\"http:\/\/www.maison-rhenanie-palatinat.org\/demos\/wp-content\/uploads\/2022\/11\/Katja-Neinert-web.jpg\"><img loading=\"lazy\" decoding=\"async\" width=\"1000\" height=\"664\" class=\"kb-img wp-image-26383\" src=\"http:\/\/www.maison-rhenanie-palatinat.org\/demos\/wp-content\/uploads\/2022\/11\/Katja-Neinert-web.jpg\" alt=\"\" srcset=\"https:\/\/www.maison-rhenanie-palatinat.org\/demos\/wp-content\/uploads\/2022\/11\/Katja-Neinert-web.jpg 1000w, https:\/\/www.maison-rhenanie-palatinat.org\/demos\/wp-content\/uploads\/2022\/11\/Katja-Neinert-web-300x199.jpg 300w, https:\/\/www.maison-rhenanie-palatinat.org\/demos\/wp-content\/uploads\/2022\/11\/Katja-Neinert-web-768x510.jpg 768w\" sizes=\"(max-width: 1000px) 100vw, 1000px\" \/><\/a><\/figure>\r\n<\/div>\r\n<\/div>\r\n\r\n\r\n<style>.kadence-column_d1b878-cd > .kt-inside-inner-col{border-top-width:0px;border-right-width:0px;border-bottom-width:0px;border-left-width:0px;}.kadence-column_d1b878-cd > .kt-inside-inner-col,.kadence-column_d1b878-cd > .kt-inside-inner-col:before{border-top-left-radius:0px;border-top-right-radius:0px;border-bottom-right-radius:0px;border-bottom-left-radius:0px;}.kadence-column_d1b878-cd > .kt-inside-inner-col{column-gap:var(--global-kb-gap-sm, 1rem);}.kadence-column_d1b878-cd > .kt-inside-inner-col{flex-direction:column;}.kadence-column_d1b878-cd > .kt-inside-inner-col > .aligncenter{width:100%;}.kadence-column_d1b878-cd > .kt-inside-inner-col:before{opacity:0.3;}.kadence-column_d1b878-cd{position:relative;}@media all and (max-width: 1024px){.kadence-column_d1b878-cd > .kt-inside-inner-col{flex-direction:column;}}@media all and (max-width: 767px){.kadence-column_d1b878-cd > .kt-inside-inner-col{flex-direction:column;}}<\/style>\r\n<div class=\"wp-block-kadence-column inner-column-2 kadence-column_d1b878-cd\">\r\n<div class=\"kt-inside-inner-col\"><style>.kadence-column_3cd01b-dd > .kt-inside-inner-col{border-top-width:0px;border-right-width:0px;border-bottom-width:0px;border-left-width:0px;}.kadence-column_3cd01b-dd > .kt-inside-inner-col,.kadence-column_3cd01b-dd > .kt-inside-inner-col:before{border-top-left-radius:0px;border-top-right-radius:0px;border-bottom-right-radius:0px;border-bottom-left-radius:0px;}.kadence-column_3cd01b-dd > .kt-inside-inner-col{column-gap:var(--global-kb-gap-sm, 1rem);}.kadence-column_3cd01b-dd > .kt-inside-inner-col{flex-direction:column;}.kadence-column_3cd01b-dd > .kt-inside-inner-col > .aligncenter{width:100%;}.kadence-column_3cd01b-dd > .kt-inside-inner-col:before{opacity:0.3;}.kadence-column_3cd01b-dd{position:relative;}@media all and (max-width: 1024px){.kadence-column_3cd01b-dd > .kt-inside-inner-col{flex-direction:column;}}@media all and (max-width: 767px){.kadence-column_3cd01b-dd > .kt-inside-inner-col{flex-direction:column;}}<\/style>\r\n<div class=\"wp-block-kadence-column inner-column-1 kadence-column_3cd01b-dd\">\r\n<div class=\"kt-inside-inner-col\">\r\n<figure class=\"wp-block-image aligncenter is-resized\"><a href=\"http:\/\/maison-rhenanie-palatinat.org\/mrp2017\/projets\/federation-des-maisons-franco-allemandes\/\"><img loading=\"lazy\" decoding=\"async\" src=\"http:\/\/maison-rhenanie-palatinat.org\/\/wp-content\/uploads\/2017\/09\/f-federation.jpg\" alt=\"http:\/\/maison-rhenanie-palatinat.org\/wp-content\/uploads\/2017\/09\/f-federation.jpg\" width=\"200\" height=\"200\" \/><\/a>\r\n<figcaption><a href=\"http:\/\/maison-rhenanie-palatinat.org\/projets\/federation-des-maisons-franco-allemandes\/\" target=\"_blank\" rel=\"noreferrer noopener\"><strong>F\u00e9d\u00e9ration des Maisons Franco-Allemandes<\/strong><\/a><\/figcaption>\r\n<\/figure>\r\n\r\n\r\n\r\n<figure class=\"wp-block-image aligncenter is-resized\"><a href=\"http:\/\/maison-rhenanie-palatinat.org\/projets\/mobilklasse\/\"><img loading=\"lazy\" decoding=\"async\" class=\"wp-image-13440\" src=\"http:\/\/maison-rhenanie-palatinat.org\/wp-content\/uploads\/2018\/10\/mobiklasse-logo_300px.jpg\" alt=\"\" width=\"150\" height=\"150\" \/><\/a>\r\n<figcaption><a href=\"http:\/\/maison-rhenanie-palatinat.org\/projets\/mobilklasse\/\" target=\"_blank\" rel=\"noreferrer noopener\"><strong>Mobiklasse.de<\/strong><\/a><\/figcaption>\r\n<\/figure>\r\n\r\n\r\n\r\n<figure class=\"wp-block-image aligncenter is-resized\"><a href=\"http:\/\/maison-rhenanie-palatinat.org\/projets\/concours-dhistoire\/\" target=\"_blank\" rel=\"noreferrer noopener\"><img loading=\"lazy\" decoding=\"async\" class=\"wp-image-18970\" src=\"http:\/\/maison-rhenanie-palatinat.org\/wp-content\/uploads\/2020\/09\/photo-de-profil-fb_insta1-300x300.jpg\" alt=\"\" width=\"150\" height=\"150\" \/><\/a>\r\n<figcaption><a href=\"http:\/\/maison-rhenanie-palatinat.org\/projets\/concours-dhistoire\/\" target=\"_blank\" rel=\"noreferrer noopener\"><strong>Concours d\u2019histoire scolaire franco-allemand 2020-21<\/strong><\/a><\/figcaption>\r\n<\/figure>\r\n<\/div>\r\n<\/div>\r\n<\/div>\r\n<\/div>\r\n<\/div>\r\n<\/div>\r\n<\/div>\r\n\r\n\r\n","protected":false},"excerpt":{"rendered":"<p>Depuis 1997 la Maison de Rh\u00e9nanie-Palatinat assure la pr\u00e9sidence de la F\u00e9d\u00e9ration des Maisons Franco-Allemandes, dont elle est \u00e9galement le si\u00e8ge. \u00c9tant en charge de la pr\u00e9sidence de la F\u00e9d\u00e9ration des Maisons Franco-Allemandes, la Maison de Rh\u00e9nanie-Palatinat porte et coordonne le programme mobiklasse.de en France. La Maison de Rh\u00e9nanie-Palatinat organise et coordonne le Concours d\u2019histoire&#8230;<\/p>\n","protected":false},"author":1,"featured_media":26383,"parent":0,"menu_order":0,"comment_status":"closed","ping_status":"closed","template":"","meta":{"_acf_changed":false,"_piecal_is_event":false,"_piecal_start_date":"","_piecal_end_date":"","_piecal_is_allday":false,"_uag_custom_page_level_css":"","_kad_blocks_custom_css":"","_kad_blocks_head_custom_js":"","_kad_blocks_body_custom_js":"","_kad_blocks_footer_custom_js":"","_kadence_starter_templates_imported_post":false,"_kad_post_transparent":"default","_kad_post_title":"default","_kad_post_layout":"default","_kad_post_sidebar_id":"","_kad_post_content_style":"default","_kad_post_vertical_padding":"default","_kad_post_feature":"","_kad_post_feature_position":"","_kad_post_header":false,"_kad_post_footer":false,"footnotes":""},"acf":[],"taxonomy_info":[],"featured_image_src_large":["https:\/\/www.maison-rhenanie-palatinat.org\/demos\/wp-content\/uploads\/2022\/11\/Katja-Neinert-web.jpg",1000,664,false],"author_info":{"display_name":"admin","author_link":"https:\/\/www.maison-rhenanie-palatinat.org\/demos\/author\/admin\/"},"comment_info":0,"uagb_featured_image_src":{"full":["https:\/\/www.maison-rhenanie-palatinat.org\/demos\/wp-content\/uploads\/2022\/11\/Katja-Neinert-web.jpg",1000,664,false],"thumbnail":["https:\/\/www.maison-rhenanie-palatinat.org\/demos\/wp-content\/uploads\/2022\/11\/Katja-Neinert-web-150x150.jpg",150,150,true],"medium":["https:\/\/www.maison-rhenanie-palatinat.org\/demos\/wp-content\/uploads\/2022\/11\/Katja-Neinert-web-300x199.jpg",300,199,true],"medium_large":["https:\/\/www.maison-rhenanie-palatinat.org\/demos\/wp-content\/uploads\/2022\/11\/Katja-Neinert-web-768x510.jpg",768,510,true],"large":["https:\/\/www.maison-rhenanie-palatinat.org\/demos\/wp-content\/uploads\/2022\/11\/Katja-Neinert-web.jpg",1000,664,false],"1536x1536":["https:\/\/www.maison-rhenanie-palatinat.org\/demos\/wp-content\/uploads\/2022\/11\/Katja-Neinert-web.jpg",1000,664,false],"2048x2048":["https:\/\/www.maison-rhenanie-palatinat.org\/demos\/wp-content\/uploads\/2022\/11\/Katja-Neinert-web.jpg",1000,664,false]},"uagb_author_info":{"display_name":"admin","author_link":"https:\/\/www.maison-rhenanie-palatinat.org\/demos\/author\/admin\/"},"uagb_comment_info":0,"uagb_excerpt":"Depuis 1997 la Maison de Rh\u00e9nanie-Palatinat assure la pr\u00e9sidence de la F\u00e9d\u00e9ration des Maisons Franco-Allemandes, dont elle est \u00e9galement le si\u00e8ge. \u00c9tant en charge de la pr\u00e9sidence de la F\u00e9d\u00e9ration des Maisons Franco-Allemandes, la Maison de Rh\u00e9nanie-Palatinat porte et coordonne le programme mobiklasse.de en France. La Maison de Rh\u00e9nanie-Palatinat organise et coordonne le Concours d\u2019histoire...","_links":{"self":[{"href":"https:\/\/www.maison-rhenanie-palatinat.org\/demos\/wp-json\/wp\/v2\/pages\/10128"}],"collection":[{"href":"https:\/\/www.maison-rhenanie-palatinat.org\/demos\/wp-json\/wp\/v2\/pages"}],"about":[{"href":"https:\/\/www.maison-rhenanie-palatinat.org\/demos\/wp-json\/wp\/v2\/types\/page"}],"author":[{"embeddable":true,"href":"https:\/\/www.maison-rhenanie-palatinat.org\/demos\/wp-json\/wp\/v2\/users\/1"}],"replies":[{"embeddable":true,"href":"https:\/\/www.maison-rhenanie-palatinat.org\/demos\/wp-json\/wp\/v2\/comments?post=10128"}],"version-history":[{"count":10,"href":"https:\/\/www.maison-rhenanie-palatinat.org\/demos\/wp-json\/wp\/v2\/pages\/10128\/revisions"}],"predecessor-version":[{"id":27691,"href":"https:\/\/www.maison-rhenanie-palatinat.org\/demos\/wp-json\/wp\/v2\/pages\/10128\/revisions\/27691"}],"wp:featuredmedia":[{"embeddable":true,"href":"https:\/\/www.maison-rhenanie-palatinat.org\/demos\/wp-json\/wp\/v2\/media\/26383"}],"wp:attachment":[{"href":"https:\/\/www.maison-rhenanie-palatinat.org\/demos\/wp-json\/wp\/v2\/media?parent=10128"}],"curies":[{"name":"wp","href":"https:\/\/api.w.org\/{rel}","templated":true}]}}