{"id":10132,"date":"2022-10-10T16:45:59","date_gmt":"2022-10-10T14:45:59","guid":{"rendered":"https:\/\/www.maison-rhenanie-palatinat.org\/demos\/?page_id=10132"},"modified":"2022-11-07T10:23:00","modified_gmt":"2022-11-07T08:23:00","slug":"centrale-ofaj","status":"publish","type":"page","link":"https:\/\/www.maison-rhenanie-palatinat.org\/demos\/centrale-ofaj\/","title":{"rendered":"Centrale OFAJ"},"content":{"rendered":"<style>#kt-layout-id_50ce46-4c > .kt-row-column-wrap{align-content:start;}:where(#kt-layout-id_50ce46-4c > .kt-row-column-wrap) > .wp-block-kadence-column{justify-content:start;}#kt-layout-id_50ce46-4c > .kt-row-column-wrap{column-gap:var(--global-kb-gap-md, 2rem);row-gap:var(--global-kb-gap-md, 2rem);padding-top:var( --global-kb-row-default-top, 25px );padding-bottom:var( --global-kb-row-default-bottom, 25px );padding-top:var(--global-kb-spacing-sm, 1.5rem);padding-bottom:var(--global-kb-spacing-sm, 1.5rem);grid-template-columns:minmax(0, 2fr) minmax(0, 1fr);}#kt-layout-id_50ce46-4c > .kt-row-layout-overlay{opacity:0.30;}@media all and (max-width: 1024px){#kt-layout-id_50ce46-4c > .kt-row-column-wrap{grid-template-columns:repeat(2, minmax(0, 1fr));}}@media all and (max-width: 767px){#kt-layout-id_50ce46-4c > .kt-row-column-wrap{grid-template-columns:minmax(0, 1fr);}}<\/style>\n<div class=\"wp-block-kadence-rowlayout alignnone\"><div id=\"kt-layout-id_50ce46-4c\" class=\"kt-row-layout-inner kt-layout-id_50ce46-4c\"><div class=\"kt-row-column-wrap kt-has-2-columns kt-gutter-default kt-v-gutter-default kt-row-valign-top kt-row-layout-left-golden kt-tab-layout-inherit kt-m-colapse-left-to-right kt-mobile-layout-row\"><style>.kadence-column_cd6f26-ca > .kt-inside-inner-col{padding-right:33px;}.kadence-column_cd6f26-ca > .kt-inside-inner-col{border-color:var(--global-palette2, #2B6CB0);border-top-width:0px;border-right-width:1px;border-bottom-width:0px;border-left-width:0px;}.kadence-column_cd6f26-ca > .kt-inside-inner-col,.kadence-column_cd6f26-ca > .kt-inside-inner-col:before{border-top-left-radius:0px;border-top-right-radius:0px;border-bottom-right-radius:0px;border-bottom-left-radius:0px;}.kadence-column_cd6f26-ca > .kt-inside-inner-col{column-gap:var(--global-kb-gap-sm, 1rem);}.kadence-column_cd6f26-ca > .kt-inside-inner-col{flex-direction:column;}.kadence-column_cd6f26-ca > .kt-inside-inner-col > .aligncenter{width:100%;}.kadence-column_cd6f26-ca > .kt-inside-inner-col:before{opacity:0.3;}.kadence-column_cd6f26-ca{position:relative;}@media all and (max-width: 1024px){.kadence-column_cd6f26-ca > .kt-inside-inner-col{flex-direction:column;}}@media all and (max-width: 767px){.kadence-column_cd6f26-ca > .kt-inside-inner-col{flex-direction:column;}}<\/style>\n<div class=\"wp-block-kadence-column inner-column-1 kadence-column_cd6f26-ca\"><div class=\"kt-inside-inner-col\">\n<h1 class=\"wp-block-heading\">Centrale de l\u2019Office Franco-Allemand pour la Jeunesse (OFAJ) en Bourgogne-Franche-Comt\u00e9<\/h1>\n\n\n\n<p>La Maison de Rh\u00e9nanie-Palatinat est \u00e9galement centrale pour l\u2019Office Franco-Allemand pour la Jeunesse (OFAJ). Nous vous aidons dans le montage, l\u2019organisation et le financement de vos projets franco-allemands, notamment dans les domaines de la formation professionnelle et des jumelages.<\/p>\n\n\n\n<p>N\u2019h\u00e9sitez pas \u00e0 contacter la responsable du bureau des stages et de la mobilit\u00e9 pour toute information compl\u00e9mentaire et prenez rendez-vous :<\/p>\n\n\n\n<p><strong>Franziska RIEGGER<\/strong><br>Responsable du bureau des stages et de la mobilit\u00e9<br>T\u00e9l. : 03 80 68 06 96<br>E-mail :&nbsp;<a href=\"mailto:stages@maison-rhenanie-palatinat.org\">stages@maison-rhenanie-palatinat.org<\/a><\/p>\n\n\n<style>.wp-block-kadence-advancedheading.kt-adv-heading_77fbc7-85, .wp-block-kadence-advancedheading.kt-adv-heading_77fbc7-85[data-kb-block=\"kb-adv-heading_77fbc7-85\"]{font-style:normal;}.wp-block-kadence-advancedheading.kt-adv-heading_77fbc7-85 mark, .wp-block-kadence-advancedheading.kt-adv-heading_77fbc7-85[data-kb-block=\"kb-adv-heading_77fbc7-85\"] mark{font-style:normal;color:#f76a0c;padding-top:0px;padding-right:0px;padding-bottom:0px;padding-left:0px;}<\/style>\n<h2 class=\"kt-adv-heading_77fbc7-85 wp-block-kadence-advancedheading\" data-kb-block=\"kb-adv-heading_77fbc7-85\">Qu&rsquo;est-ce que l\u2019Office Franco-Allemand pour la Jeunesse (OFAJ)?<\/h2>\n\n\n\n<p><\/p>\n\n\n\n<p><a href=\"https:\/\/www.ofaj.org\/\"><\/a>L\u2019<a rel=\"noreferrer noopener\" href=\"https:\/\/www.ofaj.org\/\" target=\"_blank\"><strong>OFAJ<\/strong><\/a>&nbsp;est une organisation internationale au service de la coop\u00e9ration franco-allemande qui a pour mission d\u2019approfondir les liens qui unissent les enfants, les jeunes, les jeunes adultes et les acteurs du travail en faveur de la jeunesse des deux pays.<br>Depuis sa cr\u00e9ation en&nbsp;<strong>1963<\/strong>, l\u2019OFAJ a permis \u00e0 plus de&nbsp;<strong>9 millions de jeunes<\/strong>&nbsp;de France et d\u2019Allemagne de participer \u00e0&nbsp;<strong>376 000 programmes d\u2019\u00e9changes<\/strong>.Dans cette optique et selon le principe de subsidiarit\u00e9, l\u2019OFAJ travaille avec de&nbsp;<strong>multiples partenaires<\/strong>, notamment :<\/p>\n\n\n\n<ul><li>associations et f\u00e9d\u00e9rations de jeunesse ;<\/li><li>institutions, organisations et associations actives dans le domaine de la formation des jeunes et des adultes, de la culture, des sports, de la science, des m\u00e9dias, de l\u2019enseignement scolaire, de l\u2019enseignement sup\u00e9rieur et de la formation professionnelle ;<\/li><li>comit\u00e9s de jumelage.<\/li><\/ul>\n\n\n\n<p><\/p>\n\n\n<style>.wp-block-kadence-advancedheading.kt-adv-heading_b021d5-28, .wp-block-kadence-advancedheading.kt-adv-heading_b021d5-28[data-kb-block=\"kb-adv-heading_b021d5-28\"]{font-style:normal;}.wp-block-kadence-advancedheading.kt-adv-heading_b021d5-28 mark, .wp-block-kadence-advancedheading.kt-adv-heading_b021d5-28[data-kb-block=\"kb-adv-heading_b021d5-28\"] mark{font-style:normal;color:#f76a0c;padding-top:0px;padding-right:0px;padding-bottom:0px;padding-left:0px;}<\/style>\n<h2 class=\"kt-adv-heading_b021d5-28 wp-block-kadence-advancedheading\" data-kb-block=\"kb-adv-heading_b021d5-28\">Les principaux objectifs de l\u2019OFAJ sont de :<\/h2>\n\n\n\n<p><\/p>\n\n\n\n<ul><li>renforcer la&nbsp;<strong>coop\u00e9ration franco-allemande<\/strong>&nbsp;et la&nbsp;<strong>compr\u00e9hension r\u00e9ciproque<\/strong>&nbsp;\u00e0 tous les niveaux de la soci\u00e9t\u00e9 ;<\/li><li>susciter l\u2019<strong>int\u00e9r\u00eat pour la langue du partenaire<\/strong>&nbsp;;<\/li><li>favoriser l\u2019<strong>apprentissage interculturel<\/strong>, dans la vie personnelle et professionnelle ;<\/li><li>transmettre des&nbsp;<strong>comp\u00e9tences<\/strong>&nbsp;<strong>pour l\u2019Europe<\/strong>&nbsp;;<\/li><li>partager avec des&nbsp;<strong>pays tiers<\/strong>&nbsp;des exp\u00e9riences des \u00e9changes franco-allemands et du travail de r\u00e9conciliation.Pour atteindre ces objectifs, l\u2019OFAJ travaille en \u00e9troite collaboration avec des partenaires, qui peuvent exercer la fonction de&nbsp;<strong>Centrale<\/strong>. En tant qu\u2019organisations partenaires de l\u2019OFAJ, elles&nbsp;<strong>conseillent et accompagnent les porteurs de projets de rencontres franco-allemandes et trinationales<\/strong>&nbsp;: la Maison de Rh\u00e9nanie-Palatinat endosse ce r\u00f4le&nbsp;<strong>depuis le 1<sup>er<\/sup>&nbsp;janvier 2018<\/strong>.<\/li><\/ul>\n\n\n<style>.wp-block-kadence-advancedheading.kt-adv-heading_8fa637-e6, .wp-block-kadence-advancedheading.kt-adv-heading_8fa637-e6[data-kb-block=\"kb-adv-heading_8fa637-e6\"]{font-style:normal;}.wp-block-kadence-advancedheading.kt-adv-heading_8fa637-e6 mark, .wp-block-kadence-advancedheading.kt-adv-heading_8fa637-e6[data-kb-block=\"kb-adv-heading_8fa637-e6\"] mark{font-style:normal;color:#f76a0c;padding-top:0px;padding-right:0px;padding-bottom:0px;padding-left:0px;}<\/style>\n<h2 class=\"kt-adv-heading_8fa637-e6 wp-block-kadence-advancedheading\" data-kb-block=\"kb-adv-heading_8fa637-e6\">En quoi consiste le r\u00f4le de la centrale OFAJ?<\/h2>\n\n\n\n<p><\/p>\n\n\n\n<ul><li>Nous servons d\u2019interface entre les porteurs de projet et l\u2019OFAJ lui-m\u00eame<\/li><li>Nous conseillons et aidons les porteurs de projets dans le montage de leur dossier<\/li><li>Nous r\u00e9ceptionnons les dossiers des demandeurs (<strong>vous n\u2019avez plus \u00e0 vous adresser directement \u00e0&nbsp;l\u2019OFAJ<\/strong>)<\/li><li>Nous v\u00e9rifions la conformit\u00e9 des dossiers re\u00e7us avec les directives de l\u2019OFAJ<\/li><li>Nous envoyons les dossiers \u00e0 l\u2019OFAJ \u00e0 votre place<\/li><li>L\u2019OFAJ nous transmet en retour les accords de subvention<\/li><li>Nous vous faisons suivre les accords aux porteurs de projets<\/li><li>Les subventions accord\u00e9es sont vers\u00e9es par l\u2019OFAJ \u00e0 la centrale, qui se charge de les faire suivre aux b\u00e9n\u00e9ficiaires<\/li><\/ul>\n\n\n\n<p><\/p>\n<\/div><\/div>\n\n\n<style>.kadence-column_ea8efd-38 > .kt-inside-inner-col{padding-top:25px;padding-bottom:25px;padding-left:25px;padding-right:25px;}.kadence-column_ea8efd-38 > .kt-inside-inner-col{border-top-width:0px;border-right-width:0px;border-bottom-width:0px;border-left-width:0px;}.kadence-column_ea8efd-38 > .kt-inside-inner-col,.kadence-column_ea8efd-38 > .kt-inside-inner-col:before{border-top-left-radius:0px;border-top-right-radius:0px;border-bottom-right-radius:0px;border-bottom-left-radius:0px;}.kadence-column_ea8efd-38 > .kt-inside-inner-col{column-gap:var(--global-kb-gap-sm, 1rem);}.kadence-column_ea8efd-38 > .kt-inside-inner-col{flex-direction:column;}.kadence-column_ea8efd-38 > .kt-inside-inner-col > .aligncenter{width:100%;}.kadence-column_ea8efd-38 > .kt-inside-inner-col:before{opacity:0.3;}.kadence-column_ea8efd-38{position:relative;}@media all and (max-width: 1024px){.kadence-column_ea8efd-38 > .kt-inside-inner-col{flex-direction:column;}}@media all and (max-width: 767px){.kadence-column_ea8efd-38 > .kt-inside-inner-col{flex-direction:column;}}<\/style>\n<div class=\"wp-block-kadence-column inner-column-2 kadence-column_ea8efd-38\"><div class=\"kt-inside-inner-col\">\n<figure class=\"wp-block-image size-full\"><img loading=\"lazy\" decoding=\"async\" width=\"215\" height=\"93\" src=\"https:\/\/www.maison-rhenanie-palatinat.org\/demos\/wp-content\/uploads\/2022\/11\/ofaj2021.jpg\" alt=\"\" class=\"wp-image-26561\"\/><\/figure>\n\n\n\n<p><strong>Franziska RIEGGER<\/strong><br>Responsable du bureau des stages et de la mobilit\u00e9<\/p>\n\n\n\n<p>T\u00e9l. : 03 80 68 06 96<\/p>\n\n\n\n<p>E-mail :&nbsp;<a href=\"mailto:stages@maison-rhenanie-palatinat.org\">stages@maison-rhenanie-palatinat.org<\/a><\/p>\n\n\n<style>.wp-block-kadence-spacer.kt-block-spacer-_1c928d-f3 .kt-block-spacer{height:77px;}.wp-block-kadence-spacer.kt-block-spacer-_1c928d-f3 .kt-divider{border-top-width:1px;height:1px;border-top-color:#eee;width:100%;border-top-style:solid;}<\/style>\n<div class=\"wp-block-kadence-spacer aligncenter kt-block-spacer-_1c928d-f3\"><div class=\"kt-block-spacer kt-block-spacer-halign-center\"><hr class=\"kt-divider\"\/><\/div><\/div>\n\n\n\n<p><em><strong>Petit conseil : concevez vos projets selon les orientations et les directives de l\u2019OFAJ<\/strong><\/em><\/p>\n\n\n\n<p>Lisez attentivement les&nbsp;<a rel=\"noreferrer noopener\" href=\"https:\/\/www.ofaj.org\/media\/orientations-2020-2022.pdf\" target=\"_blank\"><strong>orientations<\/strong><\/a>&nbsp;et&nbsp;<strong><a rel=\"noreferrer noopener\" href=\"https:\/\/www.ofaj.org\/media\/derogations-generales-aux-directives.pdf\" target=\"_blank\">directives<\/a><\/strong>&nbsp;de l\u2019OFAJ : elles vous aideront \u00e0 concevoir vos actions et de mettre toutes les chances de votre c\u00f4t\u00e9 pour obtenir les subventions souhait\u00e9es.<\/p>\n<\/div><\/div>\n<\/div><\/div><\/div>\n\n\n","protected":false},"excerpt":{"rendered":"<p>Centrale de l\u2019Office Franco-Allemand pour la Jeunesse (OFAJ) en Bourgogne-Franche-Comt\u00e9 La Maison de Rh\u00e9nanie-Palatinat est \u00e9galement centrale pour l\u2019Office Franco-Allemand pour la Jeunesse (OFAJ). Nous vous aidons dans le montage, l\u2019organisation et le financement de vos projets franco-allemands, notamment dans les domaines de la formation professionnelle et des jumelages. N\u2019h\u00e9sitez pas \u00e0 contacter la responsable&#8230;<\/p>\n","protected":false},"author":1,"featured_media":0,"parent":0,"menu_order":0,"comment_status":"closed","ping_status":"closed","template":"","meta":{"_acf_changed":false,"_piecal_is_event":false,"_piecal_start_date":"","_piecal_end_date":"","_piecal_is_allday":false,"_uag_custom_page_level_css":"","_kad_blocks_custom_css":"","_kad_blocks_head_custom_js":"","_kad_blocks_body_custom_js":"","_kad_blocks_footer_custom_js":"","_kadence_starter_templates_imported_post":false,"_kad_post_transparent":"","_kad_post_title":"","_kad_post_layout":"","_kad_post_sidebar_id":"","_kad_post_content_style":"","_kad_post_vertical_padding":"","_kad_post_feature":"","_kad_post_feature_position":"","_kad_post_header":false,"_kad_post_footer":false,"footnotes":""},"acf":[],"taxonomy_info":[],"featured_image_src_large":false,"author_info":{"display_name":"admin","author_link":"https:\/\/www.maison-rhenanie-palatinat.org\/demos\/author\/admin\/"},"comment_info":0,"uagb_featured_image_src":{"full":false,"thumbnail":false,"medium":false,"medium_large":false,"large":false,"1536x1536":false,"2048x2048":false},"uagb_author_info":{"display_name":"admin","author_link":"https:\/\/www.maison-rhenanie-palatinat.org\/demos\/author\/admin\/"},"uagb_comment_info":0,"uagb_excerpt":"Centrale de l\u2019Office Franco-Allemand pour la Jeunesse (OFAJ) en Bourgogne-Franche-Comt\u00e9 La Maison de Rh\u00e9nanie-Palatinat est \u00e9galement centrale pour l\u2019Office Franco-Allemand pour la Jeunesse (OFAJ). Nous vous aidons dans le montage, l\u2019organisation et le financement de vos projets franco-allemands, notamment dans les domaines de la formation professionnelle et des jumelages. N\u2019h\u00e9sitez pas \u00e0 contacter la responsable...","_links":{"self":[{"href":"https:\/\/www.maison-rhenanie-palatinat.org\/demos\/wp-json\/wp\/v2\/pages\/10132"}],"collection":[{"href":"https:\/\/www.maison-rhenanie-palatinat.org\/demos\/wp-json\/wp\/v2\/pages"}],"about":[{"href":"https:\/\/www.maison-rhenanie-palatinat.org\/demos\/wp-json\/wp\/v2\/types\/page"}],"author":[{"embeddable":true,"href":"https:\/\/www.maison-rhenanie-palatinat.org\/demos\/wp-json\/wp\/v2\/users\/1"}],"replies":[{"embeddable":true,"href":"https:\/\/www.maison-rhenanie-palatinat.org\/demos\/wp-json\/wp\/v2\/comments?post=10132"}],"version-history":[{"count":8,"href":"https:\/\/www.maison-rhenanie-palatinat.org\/demos\/wp-json\/wp\/v2\/pages\/10132\/revisions"}],"predecessor-version":[{"id":26565,"href":"https:\/\/www.maison-rhenanie-palatinat.org\/demos\/wp-json\/wp\/v2\/pages\/10132\/revisions\/26565"}],"wp:attachment":[{"href":"https:\/\/www.maison-rhenanie-palatinat.org\/demos\/wp-json\/wp\/v2\/media?parent=10132"}],"curies":[{"name":"wp","href":"https:\/\/api.w.org\/{rel}","templated":true}]}}