{"id":10136,"date":"2022-10-10T16:48:13","date_gmt":"2022-10-10T14:48:13","guid":{"rendered":"https:\/\/www.maison-rhenanie-palatinat.org\/demos\/?page_id=10136"},"modified":"2023-10-22T10:06:21","modified_gmt":"2023-10-22T08:06:21","slug":"partir-en-allemagne","status":"publish","type":"page","link":"https:\/\/www.maison-rhenanie-palatinat.org\/demos\/partir-en-allemagne\/","title":{"rendered":"Partir en Allemagne"},"content":{"rendered":"<style>.kb-row-layout-id10136_812082-f8 > .kt-row-column-wrap{align-content:start;}:where(.kb-row-layout-id10136_812082-f8 > .kt-row-column-wrap) > .wp-block-kadence-column{justify-content:start;}.kb-row-layout-id10136_812082-f8 > .kt-row-column-wrap{column-gap:var(--global-kb-gap-md, 2rem);row-gap:var(--global-kb-gap-md, 2rem);padding-top:var(--global-kb-spacing-sm, 1.5rem);padding-bottom:var(--global-kb-spacing-sm, 1.5rem);grid-template-columns:minmax(0, 1fr);}.kb-row-layout-id10136_812082-f8 > .kt-row-layout-overlay{opacity:0.30;}@media all and (max-width: 1024px){.kb-row-layout-id10136_812082-f8 > .kt-row-column-wrap{grid-template-columns:minmax(0, 1fr);}}@media all and (max-width: 767px){.kb-row-layout-id10136_812082-f8 > .kt-row-column-wrap{grid-template-columns:minmax(0, 1fr);}}<\/style><div class=\"kb-row-layout-wrap kb-row-layout-id10136_812082-f8 alignnone wp-block-kadence-rowlayout\"><div class=\"kt-row-column-wrap kt-has-1-columns kt-row-layout-equal kt-tab-layout-inherit kt-mobile-layout-row kt-row-valign-top\">\r\n\r\n<style>.kadence-column10136_d18b09-13 > .kt-inside-inner-col,.kadence-column10136_d18b09-13 > .kt-inside-inner-col:before{border-top-left-radius:0px;border-top-right-radius:0px;border-bottom-right-radius:0px;border-bottom-left-radius:0px;}.kadence-column10136_d18b09-13 > .kt-inside-inner-col{column-gap:var(--global-kb-gap-sm, 1rem);}.kadence-column10136_d18b09-13 > .kt-inside-inner-col{flex-direction:column;}.kadence-column10136_d18b09-13 > .kt-inside-inner-col > .aligncenter{width:100%;}.kadence-column10136_d18b09-13 > .kt-inside-inner-col:before{opacity:0.3;}.kadence-column10136_d18b09-13{position:relative;}@media all and (max-width: 1024px){.kadence-column10136_d18b09-13 > .kt-inside-inner-col{flex-direction:column;}}@media all and (max-width: 767px){.kadence-column10136_d18b09-13 > .kt-inside-inner-col{flex-direction:column;}}<\/style>\r\n<div class=\"wp-block-kadence-column kadence-column10136_d18b09-13 inner-column-1\">\r\n<div class=\"kt-inside-inner-col\">\r\n<figure class=\"wp-block-image\"><img decoding=\"async\" class=\"wp-image-16418\" src=\"http:\/\/maison-rhenanie-palatinat.org\/wp-content\/uploads\/2019\/10\/Partir-en-Allemagne_Koblenz_Seilbahn_und_Rheinufer_Deutsches_Eck_Swantje-NickolayKoblenz-Touristik-GmbH.jpg\" alt=\"\" \/><\/figure>\r\n\r\n\r\n\r\n<p><strong>Vous avez entre 13 et 30 ans\u2026<\/strong><\/p>\r\n\r\n\r\n\r\n<p><strong>\u2026 Et si vous partiez en Allemagne ?<\/strong><\/p>\r\n\r\n\r\n\r\n<p>Faire une exp\u00e9rience personnelle et\/ou professionnelle est un atout pour votre avenir.<\/p>\r\n\r\n\r\n\r\n<p>Le bureau des stages et de la mobilit\u00e9 vous aide \u00e0 trouver votre voie pour partir en Allemagne.<\/p>\r\n\r\n\r\n\r\n<p>D\u00e9couvrez sur les pages suivantes les diff\u00e9rentes possibilit\u00e9s pour effectuer un s\u00e9jour en Allemagne :<\/p>\r\n\r\n\r\n\r\n<ul>\r\n<li><a href=\"http:\/\/maison-rhenanie-palatinat.org\/mrp2017\/stages-et-mobilite\/stage-en-allemagne\/\" target=\"_blank\" rel=\"noreferrer noopener\"><strong>Un stage en Allemagne<\/strong><\/a><\/li>\r\n\r\n\r\n\r\n<li><strong><a href=\"http:\/\/maison-rhenanie-palatinat.org\/mrp2017\/stages-et-mobilite\/volontariat-franco-allemand\/\">Le volontariat franco-allemand<\/a><\/strong><\/li>\r\n\r\n\r\n\r\n<li><a href=\"http:\/\/maison-rhenanie-palatinat.org\/mrp2017\/stages-et-mobilite\/guide-de-mobilite\/\" target=\"_blank\" rel=\"noreferrer noopener\"><strong>Informations &amp; aides \u00e0 la mobilit\u00e9<\/strong><\/a><\/li>\r\n<\/ul>\r\n\r\n\r\n\r\n<p><strong><br \/>Aller plus loin<\/strong><br \/>Gr\u00e2ce \u00e0 une convention quadripartite entre la Bourgogne-Franche-Comt\u00e9, la Rh\u00e9nanie-Palatinat,\u00a0 la r\u00e9gion d\u2019Opole et la Boh\u00eame Centrale, nous pouvons \u00e9galement vous proposer un stage en Pologne et en R\u00e9publique Tch\u00e8que.<\/p>\r\n<\/div>\r\n<\/div>\r\n<\/div><\/div>\r\n\r\n","protected":false},"excerpt":{"rendered":"<p><!-- wp:kadence\/rowlayout {\"uniqueID\":\"10136_812082-f8\",\"columns\":1,\"colLayout\":\"equal\",\"kbVersion\":2,\"UAGDay\":[]} --><\/p>\n<p><!-- wp:kadence\/column {\"borderWidth\":[\"\",\"\",\"\",\"\"],\"uniqueID\":\"10136_d18b09-13\",\"borderStyle\":[{\"top\":[\"\",\"\",\"\"],\"right\":[\"\",\"\"...\n<\/p>\n","protected":false},"author":1,"featured_media":10205,"parent":0,"menu_order":0,"comment_status":"closed","ping_status":"closed","template":"","meta":{"_acf_changed":false,"_piecal_is_event":false,"_piecal_start_date":"","_piecal_end_date":"","_piecal_is_allday":false,"_uag_custom_page_level_css":"","_kad_blocks_custom_css":"","_kad_blocks_head_custom_js":"","_kad_blocks_body_custom_js":"","_kad_blocks_footer_custom_js":"","_kadence_starter_templates_imported_post":false,"_kad_post_transparent":"default","_kad_post_title":"default","_kad_post_layout":"default","_kad_post_sidebar_id":"","_kad_post_content_style":"default","_kad_post_vertical_padding":"default","_kad_post_feature":"","_kad_post_feature_position":"","_kad_post_header":false,"_kad_post_footer":false,"footnotes":""},"acf":[],"taxonomy_info":[],"featured_image_src_large":["https:\/\/www.maison-rhenanie-palatinat.org\/demos\/wp-content\/uploads\/2022\/10\/f8.jpg",300,300,false],"author_info":{"display_name":"admin","author_link":"https:\/\/www.maison-rhenanie-palatinat.org\/demos\/author\/admin\/"},"comment_info":0,"uagb_featured_image_src":{"full":["https:\/\/www.maison-rhenanie-palatinat.org\/demos\/wp-content\/uploads\/2022\/10\/f8.jpg",300,300,false],"thumbnail":["https:\/\/www.maison-rhenanie-palatinat.org\/demos\/wp-content\/uploads\/2022\/10\/f8-150x150.jpg",150,150,true],"medium":["https:\/\/www.maison-rhenanie-palatinat.org\/demos\/wp-content\/uploads\/2022\/10\/f8-300x300.jpg",300,300,true],"medium_large":["https:\/\/www.maison-rhenanie-palatinat.org\/demos\/wp-content\/uploads\/2022\/10\/f8.jpg",300,300,false],"large":["https:\/\/www.maison-rhenanie-palatinat.org\/demos\/wp-content\/uploads\/2022\/10\/f8.jpg",300,300,false],"1536x1536":["https:\/\/www.maison-rhenanie-palatinat.org\/demos\/wp-content\/uploads\/2022\/10\/f8.jpg",300,300,false],"2048x2048":["https:\/\/www.maison-rhenanie-palatinat.org\/demos\/wp-content\/uploads\/2022\/10\/f8.jpg",300,300,false]},"uagb_author_info":{"display_name":"admin","author_link":"https:\/\/www.maison-rhenanie-palatinat.org\/demos\/author\/admin\/"},"uagb_comment_info":0,"uagb_excerpt":null,"_links":{"self":[{"href":"https:\/\/www.maison-rhenanie-palatinat.org\/demos\/wp-json\/wp\/v2\/pages\/10136"}],"collection":[{"href":"https:\/\/www.maison-rhenanie-palatinat.org\/demos\/wp-json\/wp\/v2\/pages"}],"about":[{"href":"https:\/\/www.maison-rhenanie-palatinat.org\/demos\/wp-json\/wp\/v2\/types\/page"}],"author":[{"embeddable":true,"href":"https:\/\/www.maison-rhenanie-palatinat.org\/demos\/wp-json\/wp\/v2\/users\/1"}],"replies":[{"embeddable":true,"href":"https:\/\/www.maison-rhenanie-palatinat.org\/demos\/wp-json\/wp\/v2\/comments?post=10136"}],"version-history":[{"count":9,"href":"https:\/\/www.maison-rhenanie-palatinat.org\/demos\/wp-json\/wp\/v2\/pages\/10136\/revisions"}],"predecessor-version":[{"id":27687,"href":"https:\/\/www.maison-rhenanie-palatinat.org\/demos\/wp-json\/wp\/v2\/pages\/10136\/revisions\/27687"}],"wp:featuredmedia":[{"embeddable":true,"href":"https:\/\/www.maison-rhenanie-palatinat.org\/demos\/wp-json\/wp\/v2\/media\/10205"}],"wp:attachment":[{"href":"https:\/\/www.maison-rhenanie-palatinat.org\/demos\/wp-json\/wp\/v2\/media?parent=10136"}],"curies":[{"name":"wp","href":"https:\/\/api.w.org\/{rel}","templated":true}]}}