{"id":1539,"date":"2009-11-17T17:48:28","date_gmt":"2009-11-17T15:48:28","guid":{"rendered":"http:\/\/www.maison-rhenanie-palatinat.org\/?page_id=1539"},"modified":"2023-10-04T08:49:30","modified_gmt":"2023-10-04T06:49:30","slug":"cours-special-entreprises","status":"publish","type":"page","link":"https:\/\/www.maison-rhenanie-palatinat.org\/demos\/apprendre-lallemand\/cours-special-entreprises\/","title":{"rendered":"Cours sp\u00e9cial entreprises"},"content":{"rendered":"\n<p><!--:fr--><strong>Dans le cadre du CPF ou de la formation continue, vous pouvez aussi suivre :<\/strong><\/p>\n\n\n\n<p>\u2022 des programmes individuels sur mesure avec un planning \u00e0 la carte<br \/>\u2022 des modules d\u2019apprentissage par e-mail et t\u00e9l\u00e9phone<br \/>\u2022 des s\u00e9ances pr\u00e9paratoires pour passer les dipl\u00f4mes de notre centre d\u2019examens<\/p>\n\n\n\n<p><strong>Les \u00e9tapes de votre formation :<br \/><\/strong><\/p>\n\n\n\n<p>\u2022 \u00e9valuation de votre niveau<br \/>\u2022 analyse de vos objectifs et de vos besoins selon votre secteur d\u2019activit\u00e9s<br \/>\u2022 \u00e9tablissement d&rsquo;un devis<br \/>\u2022 apr\u00e8s accord de votre employeur\/OPCA, \u00e9tablissement d&rsquo;une convention et \u00e9laboration du programme de formation<br \/>\u2022 \u00e9laboration du programme (s\u00e9ances de travail, modules par mail\/t\u00e9l et auto-apprentissage)<br \/>\u2022 inscription au cours pr\u00e9alablement d\u00e9fini<br \/>\u2022 suivi individualis\u00e9 par votre professeur et \u00e9tablissement de feuilles d&rsquo;\u00e9margement<br \/>\u2022 validation par un dipl\u00f4me de votre choix<br \/>\u2022 bilan final<\/p>\n\n\n\n<p><strong>Formation continue<\/strong> : La Maison de Rh\u00e9nanie-Palatinat est un organisme agr\u00e9\u00e9 pour la formation continue sous le n\u00b0 26 9900991 21 \u2013 aux frais d\u2019inscription s\u2019ajoutent des frais de dossier<\/p>\n\n\n\n<p><strong>Voici quelques uns de nos partenaires 2016-2017 :<\/strong><\/p>\n\n\n\n<p>R\u00e9gion Bourgogne-Franche-Comt\u00e9, Ville de Dijon, C\u00f4te-d&rsquo;Or Tourisme, P\u00f4le Emploi<br \/>DB Schenker, Mulot &amp; Petitjean, Nokia &#8230;<\/p>\n","protected":false},"excerpt":{"rendered":"<p><!-- wp:paragraph --><\/p>\n<p><!--:fr--><strong>Dans le cadre du CPF ou de la formation continue, vous pouvez aussi suivre :<\/strong><\/p>\n<p><!-- \/wp:paragraph --><\/p>\n<p><!-- wp:paragraph --><\/p>\n<p>\u2022 des programmes individuels sur mesure avec un planning \u00e0 la carte<...\n<\/p>\n","protected":false},"author":1,"featured_media":0,"parent":671,"menu_order":2,"comment_status":"closed","ping_status":"closed","template":"","meta":{"_acf_changed":false,"_piecal_is_event":false,"_piecal_start_date":"","_piecal_end_date":"","_piecal_is_allday":false,"_uag_custom_page_level_css":"","_kad_blocks_custom_css":"","_kad_blocks_head_custom_js":"","_kad_blocks_body_custom_js":"","_kad_blocks_footer_custom_js":"","_kadence_starter_templates_imported_post":false,"_kad_post_transparent":"","_kad_post_title":"","_kad_post_layout":"","_kad_post_sidebar_id":"","_kad_post_content_style":"","_kad_post_vertical_padding":"","_kad_post_feature":"","_kad_post_feature_position":"","_kad_post_header":false,"_kad_post_footer":false,"footnotes":""},"acf":[],"taxonomy_info":[],"featured_image_src_large":false,"author_info":{"display_name":"admin","author_link":"https:\/\/www.maison-rhenanie-palatinat.org\/demos\/author\/admin\/"},"comment_info":0,"uagb_featured_image_src":{"full":false,"thumbnail":false,"medium":false,"medium_large":false,"large":false,"1536x1536":false,"2048x2048":false},"uagb_author_info":{"display_name":"admin","author_link":"https:\/\/www.maison-rhenanie-palatinat.org\/demos\/author\/admin\/"},"uagb_comment_info":0,"uagb_excerpt":"Dans le cadre du CPF ou de la formation continue, vous pouvez aussi suivre : \u2022 des programmes individuels sur mesure avec un planning \u00e0 la carte","_links":{"self":[{"href":"https:\/\/www.maison-rhenanie-palatinat.org\/demos\/wp-json\/wp\/v2\/pages\/1539"}],"collection":[{"href":"https:\/\/www.maison-rhenanie-palatinat.org\/demos\/wp-json\/wp\/v2\/pages"}],"about":[{"href":"https:\/\/www.maison-rhenanie-palatinat.org\/demos\/wp-json\/wp\/v2\/types\/page"}],"author":[{"embeddable":true,"href":"https:\/\/www.maison-rhenanie-palatinat.org\/demos\/wp-json\/wp\/v2\/users\/1"}],"replies":[{"embeddable":true,"href":"https:\/\/www.maison-rhenanie-palatinat.org\/demos\/wp-json\/wp\/v2\/comments?post=1539"}],"version-history":[{"count":13,"href":"https:\/\/www.maison-rhenanie-palatinat.org\/demos\/wp-json\/wp\/v2\/pages\/1539\/revisions"}],"predecessor-version":[{"id":27188,"href":"https:\/\/www.maison-rhenanie-palatinat.org\/demos\/wp-json\/wp\/v2\/pages\/1539\/revisions\/27188"}],"up":[{"embeddable":true,"href":"https:\/\/www.maison-rhenanie-palatinat.org\/demos\/wp-json\/wp\/v2\/pages\/671"}],"wp:attachment":[{"href":"https:\/\/www.maison-rhenanie-palatinat.org\/demos\/wp-json\/wp\/v2\/media?parent=1539"}],"curies":[{"name":"wp","href":"https:\/\/api.w.org\/{rel}","templated":true}]}}