{"id":1714,"date":"2009-11-23T16:03:00","date_gmt":"2009-11-23T14:03:00","guid":{"rendered":"http:\/\/www.maison-rhenanie-palatinat.org\/?page_id=1714"},"modified":"2023-10-03T17:47:58","modified_gmt":"2023-10-03T15:47:58","slug":"animations","status":"publish","type":"page","link":"https:\/\/www.maison-rhenanie-palatinat.org\/demos\/animations\/","title":{"rendered":"mobiklasse.de"},"content":{"rendered":"<style>.kb-row-layout-id1714_0ea29a-81 > .kt-row-column-wrap{align-content:start;}:where(.kb-row-layout-id1714_0ea29a-81 > .kt-row-column-wrap) > .wp-block-kadence-column{justify-content:start;}.kb-row-layout-id1714_0ea29a-81 > .kt-row-column-wrap{column-gap:var(--global-kb-gap-md, 2rem);row-gap:var(--global-kb-gap-md, 2rem);padding-top:var(--global-kb-spacing-sm, 1.5rem);padding-bottom:var(--global-kb-spacing-sm, 1.5rem);grid-template-columns:minmax(0, 1fr);}.kb-row-layout-id1714_0ea29a-81 > .kt-row-layout-overlay{opacity:0.30;}@media all and (max-width: 1024px){.kb-row-layout-id1714_0ea29a-81 > .kt-row-column-wrap{grid-template-columns:minmax(0, 1fr);}}@media all and (max-width: 767px){.kb-row-layout-id1714_0ea29a-81 > .kt-row-column-wrap{grid-template-columns:minmax(0, 1fr);}}<\/style><div class=\"kb-row-layout-wrap kb-row-layout-id1714_0ea29a-81 alignnone wp-block-kadence-rowlayout\"><div class=\"kt-row-column-wrap kt-has-1-columns kt-row-layout-equal kt-tab-layout-inherit kt-mobile-layout-row kt-row-valign-top\">\n<style>.kadence-column1714_579060-b2 > .kt-inside-inner-col,.kadence-column1714_579060-b2 > .kt-inside-inner-col:before{border-top-left-radius:0px;border-top-right-radius:0px;border-bottom-right-radius:0px;border-bottom-left-radius:0px;}.kadence-column1714_579060-b2 > .kt-inside-inner-col{column-gap:var(--global-kb-gap-sm, 1rem);}.kadence-column1714_579060-b2 > .kt-inside-inner-col{flex-direction:column;}.kadence-column1714_579060-b2 > .kt-inside-inner-col > .aligncenter{width:100%;}.kadence-column1714_579060-b2 > .kt-inside-inner-col:before{opacity:0.3;}.kadence-column1714_579060-b2{position:relative;}@media all and (max-width: 1024px){.kadence-column1714_579060-b2 > .kt-inside-inner-col{flex-direction:column;}}@media all and (max-width: 767px){.kadence-column1714_579060-b2 > .kt-inside-inner-col{flex-direction:column;}}<\/style>\n<div class=\"wp-block-kadence-column kadence-column1714_579060-b2 inner-column-1\"><div class=\"kt-inside-inner-col\"><style>.wp-block-kadence-advancedheading.kt-adv-heading1714_5ab606-c6, .wp-block-kadence-advancedheading.kt-adv-heading1714_5ab606-c6[data-kb-block=\"kb-adv-heading1714_5ab606-c6\"]{font-style:normal;}.wp-block-kadence-advancedheading.kt-adv-heading1714_5ab606-c6 mark, .wp-block-kadence-advancedheading.kt-adv-heading1714_5ab606-c6[data-kb-block=\"kb-adv-heading1714_5ab606-c6\"] mark{font-style:normal;color:#f76a0c;padding-top:0px;padding-right:0px;padding-bottom:0px;padding-left:0px;}<\/style>\n<h2 class=\"kt-adv-heading1714_5ab606-c6 wp-block-kadence-advancedheading\" data-kb-block=\"kb-adv-heading1714_5ab606-c6\">Demande d\u2019animation<\/h2>\n\n\n\n<p>Pour toute demande d\u2019animation en Bourgogne-Franche-Comt\u00e9, rendez-vous sur le site&nbsp;<a rel=\"noreferrer noopener\" href=\"http:\/\/mobiklasse.de\/\" target=\"_blank\"><strong>mobiklasse.de<\/strong><\/a>&nbsp;pour remplir une&nbsp;<a rel=\"noreferrer noopener\" href=\"http:\/\/mobiklasse.de\/registration\" target=\"_blank\"><strong>demande d\u2019animation<\/strong><\/a>&nbsp;(s\u00e9lectionner la r\u00e9gion Bourgogne-Franche-Comt\u00e9 dans le menu d\u00e9roulant).<\/p>\n\n\n\n<p><strong>Votre demande sera transmise directement \u00e0 l\u2019animatrice Anna UNTERKIRCHER.<\/strong><\/p>\n\n\n<style>.wp-block-kadence-advancedheading.kt-adv-heading1714_226fe2-d5, .wp-block-kadence-advancedheading.kt-adv-heading1714_226fe2-d5[data-kb-block=\"kb-adv-heading1714_226fe2-d5\"]{font-style:normal;}.wp-block-kadence-advancedheading.kt-adv-heading1714_226fe2-d5 mark, .wp-block-kadence-advancedheading.kt-adv-heading1714_226fe2-d5[data-kb-block=\"kb-adv-heading1714_226fe2-d5\"] mark{font-style:normal;color:#f76a0c;padding-top:0px;padding-right:0px;padding-bottom:0px;padding-left:0px;}<\/style>\n<h2 class=\"kt-adv-heading1714_226fe2-d5 wp-block-kadence-advancedheading\" data-kb-block=\"kb-adv-heading1714_226fe2-d5\">Coordination du programme<\/h2>\n\n\n\n<p>La Maison de Rh\u00e9nanie-Palatinat, en tant que si\u00e8ge de la F\u00e9d\u00e9ration des Maisons Franco-allemandes, coordonne l\u2019action&nbsp;<strong>mobiklasse.de<\/strong>&nbsp;en France.<\/p>\n\n\n\n<p><strong>mobiklasse.de<\/strong>, anciennement connu sous le nom de&nbsp;<em>DeutschMobil<\/em>, a pour objectif de promouvoir de fa\u00e7on ludique et innovante la langue et la culture allemandes dans les \u00e9tablissements scolaires et donner aux \u00e9l\u00e8ves envie de se lancer dans l\u2019aventure de la mobilit\u00e9.<\/p>\n\n\n\n<p>Pour cela, l\u2019<strong>Office franco-allemand pour la Jeunesse<\/strong>&nbsp;(OFAJ) en coop\u00e9ration avec la&nbsp;<strong>F\u00e9d\u00e9ration des Maisons Franco-Allemandes<\/strong>,&nbsp; l\u2019<strong>Office allemand d\u2019\u00e9changes universitaire<\/strong>s (DAAD), le&nbsp;<strong>Goethe-Institut&nbsp;<\/strong>et l\u2019\u00e9diteur<strong>&nbsp;Hueber Verlag,<\/strong>&nbsp;envoie 12 jeunes allemandes et allemands en France.<\/p>\n\n\n\n<p>Les r\u00e9gions&nbsp;<strong>Auvergne \u2013 Rh\u00f4nes-Alpes<\/strong>&nbsp;et&nbsp;<strong>Nouvelle Aquitaine<\/strong>, de m\u00eame que le&nbsp;<strong>D\u00e9partement du Calvados<\/strong>&nbsp;soutiennent financi\u00e8rement le projet sur leurs territoires.<\/p>\n\n\n\n<p>Le programme&nbsp;<strong>mobiklasse.de<\/strong>&nbsp;est, comme&nbsp;<strong>FranceMobil<\/strong>, son homologue en Allemagne, plac\u00e9 sous le haut-patronage du minist\u00e8re de l\u2019\u00c9ducation nationale, de la Jeunesse et des Sports et du pl\u00e9nipotentiaire pour les relations culturelles franco-allemandes en Allemagne.<\/p>\n\n\n\n<p>Pour en savoir plus sur le programme&nbsp;<strong>mobiklasse.de<\/strong>, n\u2019h\u00e9sitez pas \u00e0 consulter le site :&nbsp;<a href=\"http:\/\/mobiklasse.de\/\" target=\"_blank\" rel=\"noreferrer noopener\"><strong>mobiklasse.de<\/strong><\/a><\/p>\n<\/div><\/div>\n\n<\/div><\/div>\n\n","protected":false},"excerpt":{"rendered":"<p><!-- wp:kadence\/rowlayout {\"uniqueID\":\"1714_0ea29a-81\",\"columns\":1,\"colLayout\":\"equal\",\"kbVersion\":2} --><br \/>\n<!-- wp:kadence\/column {\"borderWidth\":[\"\",\"\",\"\",\"\"],\"uniqueID\":\"1714_579060-b2\",\"borderStyle\":[{\"top\":[\"\",\"\",\"\"],\"right\":[\"\",\"\",\"\"],\"bottom\":[\"\"...\n<\/p>\n","protected":false},"author":1,"featured_media":0,"parent":0,"menu_order":2,"comment_status":"closed","ping_status":"closed","template":"","meta":{"_acf_changed":false,"_piecal_is_event":false,"_piecal_start_date":"","_piecal_end_date":"","_piecal_is_allday":false,"_uag_custom_page_level_css":"","_kad_blocks_custom_css":"","_kad_blocks_head_custom_js":"","_kad_blocks_body_custom_js":"","_kad_blocks_footer_custom_js":"","_kadence_starter_templates_imported_post":false,"_kad_post_transparent":"","_kad_post_title":"","_kad_post_layout":"","_kad_post_sidebar_id":"","_kad_post_content_style":"","_kad_post_vertical_padding":"","_kad_post_feature":"","_kad_post_feature_position":"","_kad_post_header":false,"_kad_post_footer":false,"footnotes":""},"acf":[],"taxonomy_info":[],"featured_image_src_large":false,"author_info":{"display_name":"admin","author_link":"https:\/\/www.maison-rhenanie-palatinat.org\/demos\/author\/admin\/"},"comment_info":0,"uagb_featured_image_src":{"full":false,"thumbnail":false,"medium":false,"medium_large":false,"large":false,"1536x1536":false,"2048x2048":false},"uagb_author_info":{"display_name":"admin","author_link":"https:\/\/www.maison-rhenanie-palatinat.org\/demos\/author\/admin\/"},"uagb_comment_info":0,"uagb_excerpt":null,"_links":{"self":[{"href":"https:\/\/www.maison-rhenanie-palatinat.org\/demos\/wp-json\/wp\/v2\/pages\/1714"}],"collection":[{"href":"https:\/\/www.maison-rhenanie-palatinat.org\/demos\/wp-json\/wp\/v2\/pages"}],"about":[{"href":"https:\/\/www.maison-rhenanie-palatinat.org\/demos\/wp-json\/wp\/v2\/types\/page"}],"author":[{"embeddable":true,"href":"https:\/\/www.maison-rhenanie-palatinat.org\/demos\/wp-json\/wp\/v2\/users\/1"}],"replies":[{"embeddable":true,"href":"https:\/\/www.maison-rhenanie-palatinat.org\/demos\/wp-json\/wp\/v2\/comments?post=1714"}],"version-history":[{"count":36,"href":"https:\/\/www.maison-rhenanie-palatinat.org\/demos\/wp-json\/wp\/v2\/pages\/1714\/revisions"}],"predecessor-version":[{"id":27131,"href":"https:\/\/www.maison-rhenanie-palatinat.org\/demos\/wp-json\/wp\/v2\/pages\/1714\/revisions\/27131"}],"wp:attachment":[{"href":"https:\/\/www.maison-rhenanie-palatinat.org\/demos\/wp-json\/wp\/v2\/media?parent=1714"}],"curies":[{"name":"wp","href":"https:\/\/api.w.org\/{rel}","templated":true}]}}