{"id":1913,"date":"2010-02-03T11:36:54","date_gmt":"2010-02-03T10:36:54","guid":{"rendered":"http:\/\/www.maison-rhenanie-palatinat.org\/?page_id=1913"},"modified":"2022-11-04T09:34:03","modified_gmt":"2022-11-04T07:34:03","slug":"clics-sur-le-net","status":"publish","type":"page","link":"https:\/\/www.maison-rhenanie-palatinat.org\/demos\/bibliotheque\/clics-sur-le-net\/","title":{"rendered":"Clics sur le net"},"content":{"rendered":"<p><strong>Unsere Besten<\/strong><\/p>\n<p>\u2022 <strong><span style=\"color: #ff6600;\"><a href=\"http:\/\/adeaf.net\/\" target=\"_blank\" rel=\"noopener noreferrer\"><span style=\"color: #ff6600;\">ADEAF.NET<\/span><\/a> <\/span><\/strong><span style=\"color: #ff6600;\"><span style=\"color: #333333;\">\u2013 <\/span><\/span>le site des professeurs d&rsquo;allemand en France [fr]<\/p>\n<p>\u2022 <strong><span style=\"color: #ff6600;\"><a href=\"http:\/\/www.france-allemagne.fr\/-France-.html\" target=\"_blank\" rel=\"noopener noreferrer\"><span style=\"color: #ff6600;\"><span style=\"color: #cc6600;\"><span style=\"color: #cc6633;\"><span style=\"color: #ff6600;\">France<\/span>&#8211;<span style=\"color: #ff6600;\">Allemagne<\/span><\/span><\/span><\/span><\/a><\/span><\/strong> \u2013 le portail de la coop\u00e9ration franco-allemande [de, fr]<\/p>\n<p>\u2022 <span style=\"color: #ff6600;\"><a style=\"color: #ff6600;\" href=\"http:\/\/www.daserste.de\/specials\/ueber-uns\/funk-junges-angebot-ard-zdf-100.html\" target=\"_blank\" rel=\"noopener noreferrer\"><strong>\u00ab\u00a0funk\u00a0\u00bb<\/strong><\/a><\/span> \u2013 <em>Content-Netzwerk<\/em> von ARD &amp; ZDF (14\u201329 Jahre) [de] <span style=\"color: #ff0000;\"><strong>! nouveau !<\/strong><\/span><\/p>\n<p>\u2022 <span style=\"color: #ff6600;\"><strong><a style=\"color: #ff6600;\" href=\"http:\/\/www.goethe.de\/ins\/fr\/lp\/frindex.htm\" target=\"_blank\" rel=\"noopener noreferrer\">Goethe Institut<\/a><\/strong><\/span> en France [de, fr]<\/p>\n<p>\u2022 <strong><span style=\"color: #ff6600;\"><a href=\"http:\/\/www.dw-world.de\/dw\/0,,8030,00.html\" target=\"_blank\" rel=\"noopener noreferrer\"><span style=\"color: #ff6600;\">Nachrichten zum Deutsch-lernen (Deutsche Welle)<\/span><\/a> <\/span><\/strong>\u2013 pour \u00e9couter et lire les nouvelles en allemand (rythme lent ou rythme normal) [de]<\/p>\n<p><span style=\"color: #ff6600;\"><span style=\"color: #333333;\">\u2022<\/span> <strong><a style=\"color: #ff6600;\" href=\"http:\/\/www.tagesschau.de\/100sekunden\/\" target=\"_blank\" rel=\"noopener noreferrer\">Nachrichten in 100 Sekunden (ARD)<\/a><\/strong><\/span> \u2013 Les nouvelles en 100 secondes, cha\u00eene ARD [de]<\/p>\n<p>\u2022 <strong><span style=\"color: #ff6600;\"><a href=\"http:\/\/lyrikline.org\/index.php?id=59&amp;L=0#de\" target=\"_blank\" rel=\"noopener noreferrer\"><span style=\"color: #ff6600;\">Lyrik<\/span><\/a><\/span><\/strong> \u2013 pour lire et \u00e9couter de la po\u00e9sie en allemand [de]<\/p>\n<p>\u2022 <strong><span style=\"color: #ff6600;\"><a style=\"color: #ff6600;\" href=\"http:\/\/www.arte.tv\/fr\/104016.html\">Karambolage<\/a><\/span><\/strong> sur ARTE [de, fr]<\/p>\n<p>&nbsp;<\/p>\n<p><strong><span style=\"text-decoration: underline;\">Pour les enfants<\/span> nous vous recommandons :<\/strong><\/p>\n<p><span style=\"color: #ff6600;\"><strong><a style=\"color: #ff6600;\" href=\"http:\/\/www.wdrmaus.de\/\" target=\"_blank\" rel=\"noopener noreferrer\">Die Sendung mit der Maus<\/a><\/strong><\/span> \u2013 Lach- und Sachgeschichten f\u00fcr Kinder [de]<br \/>\n(litt\u00e9ralement <i>L&rsquo;\u00e9mission avec la souris<\/i>) est une \u00e9mission germanophone \u00e9ducative pour enfants, cr\u00e9\u00e9e en 1971. Elle est de nos jours produite par quatre cha\u00eenes de la t\u00e9l\u00e9vision allemande publique, la Westdeutscher Rundfunk, la Rundfunk Berlin-Brandenburg, la Saarl\u00e4ndischer Rundfunk et la S\u00fcdwestrundfunk. L&rsquo;\u00e9mission est sur les ondes de l&rsquo;ARD et du KI.KA tous les dimanches matin. (pour plus d&rsquo;infos voir <span style=\"color: #ff6600;\"><a style=\"color: #ff6600;\" href=\"https:\/\/fr.wikipedia.org\/wiki\/Die_Sendung_mit_der_Maus\" target=\"_blank\" rel=\"noopener noreferrer\">ici<\/a><\/span> (fr))<\/p>\n<p><strong><span style=\"color: #ff6600;\"><a href=\"http:\/\/www.sowieso.de\/portal\/\" target=\"_blank\" rel=\"noopener noreferrer\"><span style=\"color: #ff6600;\">Sowieso<\/span><\/a><\/span><\/strong> &#8211; Nachrichten f\u00fcr Kinder (Les nouvelles pour les enfants) [de]<br \/>\nA l\u2019origine, ce site a \u00e9t\u00e9 cr\u00e9\u00e9 pour un public jeune, mais les articles de ce magazine sont bien choisis et peuvent vous int\u00e9resser \u00e0 tout \u00e2ge. Vous trouverez les derni\u00e8res nouvelles de l\u2019Allemagne ainsi que des th\u00e8mes qui abordent l\u2019actualit\u00e9 internationale.<\/p>\n<p><span style=\"color: #ff6600;\"><a style=\"color: #ff6600;\" href=\"http:\/\/www.daserste.de\/specials\/ueber-uns\/funk-junges-angebot-ard-zdf-100.html\" target=\"_blank\" rel=\"noopener noreferrer\"><strong>\u00ab\u00a0funk\u00a0\u00bb<\/strong><\/a><\/span> \u2013 <em>Content-Netzwerk<\/em> von ARD &amp; ZDF (14\u201329 Jahre) [de] <span style=\"color: #ff0000;\"><strong>! nouveau !<\/strong><\/span><\/p>\n","protected":false},"excerpt":{"rendered":"<p>Unsere Besten \u2022 ADEAF.NET \u2013 le site des professeurs d&rsquo;allemand en France [fr] \u2022 France&#8211;Allemagne \u2013 le portail de la coop\u00e9ration franco-allemande [de, fr] \u2022 \u00ab\u00a0funk\u00a0\u00bb \u2013 Content-Netzwerk von ARD &amp; ZDF (14\u201329 Jahre) [de] ! nouveau ! \u2022 Goethe Institut en France [de, fr] \u2022 Nachrichten zum Deutsch-lernen (Deutsche Welle) \u2013 pour \u00e9couter et&#8230;<\/p>\n","protected":false},"author":1,"featured_media":0,"parent":29,"menu_order":5,"comment_status":"closed","ping_status":"closed","template":"","meta":{"_acf_changed":false,"_piecal_is_event":false,"_piecal_start_date":"","_piecal_end_date":"","_piecal_is_allday":false,"_uag_custom_page_level_css":"","_kad_blocks_custom_css":"","_kad_blocks_head_custom_js":"","_kad_blocks_body_custom_js":"","_kad_blocks_footer_custom_js":"","_kadence_starter_templates_imported_post":false,"_kad_post_transparent":"","_kad_post_title":"","_kad_post_layout":"","_kad_post_sidebar_id":"","_kad_post_content_style":"","_kad_post_vertical_padding":"","_kad_post_feature":"","_kad_post_feature_position":"","_kad_post_header":false,"_kad_post_footer":false,"footnotes":""},"acf":[],"taxonomy_info":[],"featured_image_src_large":false,"author_info":{"display_name":"admin","author_link":"https:\/\/www.maison-rhenanie-palatinat.org\/demos\/author\/admin\/"},"comment_info":0,"uagb_featured_image_src":{"full":false,"thumbnail":false,"medium":false,"medium_large":false,"large":false,"1536x1536":false,"2048x2048":false},"uagb_author_info":{"display_name":"admin","author_link":"https:\/\/www.maison-rhenanie-palatinat.org\/demos\/author\/admin\/"},"uagb_comment_info":0,"uagb_excerpt":"Unsere Besten \u2022 ADEAF.NET \u2013 le site des professeurs d&rsquo;allemand en France [fr] \u2022 France&#8211;Allemagne \u2013 le portail de la coop\u00e9ration franco-allemande [de, fr] \u2022 \u00ab\u00a0funk\u00a0\u00bb \u2013 Content-Netzwerk von ARD &amp; ZDF (14\u201329 Jahre) [de] ! nouveau ! \u2022 Goethe Institut en France [de, fr] \u2022 Nachrichten zum Deutsch-lernen (Deutsche Welle) \u2013 pour \u00e9couter et...","_links":{"self":[{"href":"https:\/\/www.maison-rhenanie-palatinat.org\/demos\/wp-json\/wp\/v2\/pages\/1913"}],"collection":[{"href":"https:\/\/www.maison-rhenanie-palatinat.org\/demos\/wp-json\/wp\/v2\/pages"}],"about":[{"href":"https:\/\/www.maison-rhenanie-palatinat.org\/demos\/wp-json\/wp\/v2\/types\/page"}],"author":[{"embeddable":true,"href":"https:\/\/www.maison-rhenanie-palatinat.org\/demos\/wp-json\/wp\/v2\/users\/1"}],"replies":[{"embeddable":true,"href":"https:\/\/www.maison-rhenanie-palatinat.org\/demos\/wp-json\/wp\/v2\/comments?post=1913"}],"version-history":[{"count":33,"href":"https:\/\/www.maison-rhenanie-palatinat.org\/demos\/wp-json\/wp\/v2\/pages\/1913\/revisions"}],"predecessor-version":[{"id":26189,"href":"https:\/\/www.maison-rhenanie-palatinat.org\/demos\/wp-json\/wp\/v2\/pages\/1913\/revisions\/26189"}],"up":[{"embeddable":true,"href":"https:\/\/www.maison-rhenanie-palatinat.org\/demos\/wp-json\/wp\/v2\/pages\/29"}],"wp:attachment":[{"href":"https:\/\/www.maison-rhenanie-palatinat.org\/demos\/wp-json\/wp\/v2\/media?parent=1913"}],"curies":[{"name":"wp","href":"https:\/\/api.w.org\/{rel}","templated":true}]}}