{"id":2245,"date":"2010-02-03T15:20:02","date_gmt":"2010-02-03T14:20:02","guid":{"rendered":"http:\/\/www.maison-rhenanie-palatinat.org\/?page_id=2245"},"modified":"2015-09-10T19:30:12","modified_gmt":"2015-09-10T17:30:12","slug":"litterature-allemande","status":"publish","type":"page","link":"https:\/\/www.maison-rhenanie-palatinat.org\/demos\/bibliotheque\/litterature-allemande\/","title":{"rendered":"Litt\u00e9rature allemande"},"content":{"rendered":"<p>Vous trouverez sous cette page d&rsquo;ici peu des dossiers th\u00e9matiques sur la litt\u00e9rature allemande dans notre biblioth\u00e8que.<\/p>\n<p><strong>Pour plus d&rsquo;informations sur notre litt\u00e9rature allemande, consultez notre\u00a0 <span style=\"color: #ff6600;\"><a style=\"color: #ff6600;\" href=\"http:\/\/www.maison-rhenanie-palatinat.org\/bibliotheque\/catalogue-en-ligne-opac-version-beta\">Catalogue en ligne<\/a><\/span> !<\/strong><\/p>\n<p>&nbsp;<\/p>\n<table border=\"1\" width=\"640\" frame=\"ABOVE\" rules=\"NONE\" cellspacing=\"3\" cellpadding=\"4\">\n<tbody>\n<tr>\n<td valign=\"TOP\" width=\"100%\"><\/td>\n<\/tr>\n<tr>\n<td valign=\"TOP\" width=\"100%\"><\/td>\n<\/tr>\n<tr>\n<td valign=\"TOP\" width=\"100%\"><\/td>\n<\/tr>\n<tr>\n<td valign=\"TOP\" width=\"100%\"><\/td>\n<\/tr>\n<\/tbody>\n<\/table>\n","protected":false},"excerpt":{"rendered":"<p>Vous trouverez sous cette page d&rsquo;ici peu des dossiers th\u00e9matiques sur la litt\u00e9rature allemande dans notre biblioth\u00e8que. Pour plus d&rsquo;informations sur notre litt\u00e9rature allemande, consultez notre\u00a0 Catalogue en ligne ! &nbsp;<\/p>\n","protected":false},"author":1,"featured_media":0,"parent":29,"menu_order":2,"comment_status":"closed","ping_status":"closed","template":"","meta":{"_acf_changed":false,"_piecal_is_event":false,"_piecal_start_date":"","_piecal_end_date":"","_piecal_is_allday":false,"_uag_custom_page_level_css":"","_kad_blocks_custom_css":"","_kad_blocks_head_custom_js":"","_kad_blocks_body_custom_js":"","_kad_blocks_footer_custom_js":"","_kadence_starter_templates_imported_post":false,"_kad_post_transparent":"","_kad_post_title":"","_kad_post_layout":"","_kad_post_sidebar_id":"","_kad_post_content_style":"","_kad_post_vertical_padding":"","_kad_post_feature":"","_kad_post_feature_position":"","_kad_post_header":false,"_kad_post_footer":false,"footnotes":""},"acf":[],"taxonomy_info":[],"featured_image_src_large":false,"author_info":{"display_name":"admin","author_link":"https:\/\/www.maison-rhenanie-palatinat.org\/demos\/author\/admin\/"},"comment_info":0,"uagb_featured_image_src":{"full":false,"thumbnail":false,"medium":false,"medium_large":false,"large":false,"1536x1536":false,"2048x2048":false},"uagb_author_info":{"display_name":"admin","author_link":"https:\/\/www.maison-rhenanie-palatinat.org\/demos\/author\/admin\/"},"uagb_comment_info":0,"uagb_excerpt":"Vous trouverez sous cette page d&rsquo;ici peu des dossiers th\u00e9matiques sur la litt\u00e9rature allemande dans notre biblioth\u00e8que. Pour plus d&rsquo;informations sur notre litt\u00e9rature allemande, consultez notre\u00a0 Catalogue en ligne ! &nbsp;","_links":{"self":[{"href":"https:\/\/www.maison-rhenanie-palatinat.org\/demos\/wp-json\/wp\/v2\/pages\/2245"}],"collection":[{"href":"https:\/\/www.maison-rhenanie-palatinat.org\/demos\/wp-json\/wp\/v2\/pages"}],"about":[{"href":"https:\/\/www.maison-rhenanie-palatinat.org\/demos\/wp-json\/wp\/v2\/types\/page"}],"author":[{"embeddable":true,"href":"https:\/\/www.maison-rhenanie-palatinat.org\/demos\/wp-json\/wp\/v2\/users\/1"}],"replies":[{"embeddable":true,"href":"https:\/\/www.maison-rhenanie-palatinat.org\/demos\/wp-json\/wp\/v2\/comments?post=2245"}],"version-history":[{"count":13,"href":"https:\/\/www.maison-rhenanie-palatinat.org\/demos\/wp-json\/wp\/v2\/pages\/2245\/revisions"}],"predecessor-version":[{"id":6823,"href":"https:\/\/www.maison-rhenanie-palatinat.org\/demos\/wp-json\/wp\/v2\/pages\/2245\/revisions\/6823"}],"up":[{"embeddable":true,"href":"https:\/\/www.maison-rhenanie-palatinat.org\/demos\/wp-json\/wp\/v2\/pages\/29"}],"wp:attachment":[{"href":"https:\/\/www.maison-rhenanie-palatinat.org\/demos\/wp-json\/wp\/v2\/media?parent=2245"}],"curies":[{"name":"wp","href":"https:\/\/api.w.org\/{rel}","templated":true}]}}