{"id":2248,"date":"2010-02-03T11:33:17","date_gmt":"2010-02-03T10:33:17","guid":{"rendered":"http:\/\/www.maison-rhenanie-palatinat.org\/?page_id=2248"},"modified":"2016-10-18T17:31:10","modified_gmt":"2016-10-18T15:31:10","slug":"presse-allemande","status":"publish","type":"page","link":"https:\/\/www.maison-rhenanie-palatinat.org\/demos\/bibliotheque\/presse-allemande\/","title":{"rendered":"Presse allemande"},"content":{"rendered":"<p><!--:fr-->Pour vous informer sur les actualit\u00e9s en Allemagne et en Rh\u00e9nanie-Palatinat en particulier, nous vous proposons\u00a0de passer dans notre hall d&rsquo;entr\u00e9e o\u00f9 vous attend un vaste choix de journaux et magazines.*<\/p>\n<p><strong>Les quotidiens nationaux :<\/strong><\/p>\n<p>\u2022 <strong><span style=\"color: #cc6633;\"><a title=\"FAZ\" href=\"http:\/\/www.faz.net\" target=\"_blank\"><span style=\"color: #cc6633;\">Frankfurter Allgemeine Zeitung<\/span><\/a><\/span><\/strong><br \/>\n\u2022 <strong><span style=\"color: #cc6633;\"><a title=\"S\u00fcddeutsche\" href=\"http:\/\/www.sueddeutsche.de\" target=\"_blank\"><span style=\"color: #cc6633;\">S\u00fcddeutsche Zeitung<\/span><\/a><\/span><\/strong><\/p>\n<p><strong>Les quotidiens r\u00e9gionaux rh\u00e9nan-palatins :<\/strong><\/p>\n<p>\u2022 <strong><span style=\"color: #cc6633;\"><a title=\"Rheinpfalz\" href=\"http:\/\/www.rheinpfalz.de\" target=\"_blank\"><span style=\"color: #cc6633;\">Die Rheinpfalz<\/span><\/a><\/span><\/strong><br \/>\n\u2022 <strong><span style=\"color: #cc6633;\"><a href=\"http:\/\/www.allgemeine-zeitung.de\/index.htm\" target=\"_blank\"><span style=\"color: #cc6633;\">Allgemeine Zeitung Mainz<\/span><\/a><\/span><\/strong><\/p>\n<p><strong>Les hebdomadaires :<\/strong><\/p>\n<p>\u2022 <strong><span style=\"color: #cc6633;\"><a title=\"Das Parlament\" href=\"http:\/\/www.das-parlament.de\/\"><span style=\"color: #cc6633;\">Das Parlament<\/span><\/a><\/span><\/strong><br \/>\n\u2022 <strong><span style=\"color: #cc6633;\"><a href=\"http:\/\/www.paulinus.de\"><span style=\"color: #cc6633;\">Paulinus<\/span><\/a> <\/span><\/strong>&#8211; Wochenzeitung im Bistum Trier<span style=\"color: #cc6633;\"><span style=\"color: #cc6633;\"><br \/>\n<\/span><\/span><br \/>\n\u2022 <strong><span style=\"color: #cc6633;\"><a title=\"Der Spiegel\" href=\"http:\/\/www.spiegel.de\" target=\"_blank\"><span style=\"color: #cc6633;\">Der Spiegel<\/span><\/a><\/span><\/strong> &#8211; Magazine d&rsquo;enqu\u00eates et d&rsquo;investigation, actualit\u00e9 allemande<br \/>\n\u2022 <strong><span style=\"color: #cc6633;\"><a title=\"Die Zeit\" href=\"http:\/\/www.zeit.de\" target=\"_blank\"><span style=\"color: #cc6633;\">DIE ZEIT<\/span><\/a><\/span><\/strong> &#8211; Actualit\u00e9 nationale et\u00a0internationale sur de nombreux sujets: politique, \u00e9conomie, culture, etc.<\/p>\n<p><strong>Les mensuels :<\/strong><\/p>\n<p>\u2022 <strong><span style=\"color: #cc6633;\"><a title=\"Art\" href=\"http:\/\/www.art-magazin.de\/\" target=\"_blank\"><span style=\"color: #cc6633;\">Art<\/span><\/a><\/span><\/strong> &#8211; Magazine de l&rsquo;art, architecture et design contemporain<br \/>\n\u2022 <strong><span style=\"color: #cc6633;\"><a title=\"Deutsch perfekt\" href=\"http:\/\/www.deutsch-perfekt.com\/\"><span style=\"color: #cc6633;\">Deutsch perfekt<\/span><\/a><\/span> <\/strong>&#8211; Apprendre l&rsquo;allemand<br \/>\n\u2022 <strong><span style=\"color: #cc6633;\"><a title=\"Dokumente \/ Documents\" href=\"http:\/\/www.dokumente-documents.info\/\"><span style=\"color: #cc6633;\">Dokumente \/ Documents<\/span><\/a><\/span><\/strong> &#8211; Revue du dialogue franco-allemand<\/p>\n<p><strong>Les bimensuels et + :<\/strong><\/p>\n<p>\u2022 <strong><span style=\"color: #cc6633;\"><a title=\"Brigitte\" href=\"http:\/\/www.brigitte.de\" target=\"_blank\"><span style=\"color: #cc6633;\">Brigitte<\/span><\/a><\/span><\/strong> &#8211; Magazine f\u00e9minin<br \/>\n\u2022 <strong><span style=\"color: #cc6633;\"><a href=\"http:\/\/www.francoallemand.com\/fr\/medias-presse\/magazine-contact\/\" target=\"_blank\"><span style=\"color: #cc6633;\">Contact<\/span><\/a> <\/span><\/strong>&#8211; Magazine pour le march\u00e9 franco-allemand<br \/>\n\u2022 <strong><span style=\"color: #cc6633;\"><a title=\"DE - Magazin Deutschland\" href=\"http:\/\/www.magazin-deutschland.de\/\"><span style=\"color: #cc6633;\">DE Magazin Deutschland<\/span><\/a><\/span><\/strong> &#8211; L&rsquo;Allemagne par th\u00e8me (version fr.\/all.)<br \/>\n\u2022 <strong><span style=\"color: #cc6633;\"><a title=\"Deutsches Handwerksblatt\" href=\"http:\/\/www.handwerksblatt.de\/\"><span style=\"color: #cc6633;\">Deutsches Handwerksblatt<\/span><\/a><\/span><\/strong><br \/>\n\u2022 <strong><span style=\"color: #cc6633;\"><a title=\"fluter\" href=\"http:\/\/www.fluter.de\/\"><span style=\"color: #cc6633;\">fluter<\/span><\/a><\/span><\/strong><span style=\"color: #cc6633;\"><span style=\"color: #cc6633;\"><span style=\"color: #333333;\"> &#8211;<\/span> <span style=\"color: #000000;\">Magazine pour les jeunes<\/span><br \/>\n<\/span><\/span><br \/>\n\u2022 <strong><span style=\"color: #cc6633;\"><a href=\"http:\/\/www.dji.de\/cgi-bin\/projekte\/output.php?projekt=98\"><span style=\"color: #cc6633;\">Impulse<\/span><\/a><\/span><\/strong> &#8211; Bulletin des deutschen Jugendinstituts (version all.)<br \/>\n\u2022 <strong><span style=\"color: #cc6633;\"><a title=\"Kulturaustausch\" href=\"http:\/\/www.ifa.de\/pub\/kulturaustausch\/\"><span style=\"color: #cc6633;\">Kulturaustausch<\/span><\/a><\/span><\/strong> &#8211; Zeitschrift f\u00fcr Internationale Perspektiven<br \/>\n\u2022 <strong><span style=\"color: #cc6633;\"><a title=\"Staatszeitung Rheinland-Pfalz\" href=\"http:\/\/www.rlp.de\/aktuelles\/staatszeitung\/2012\/\"><span style=\"color: #cc6633;\">Staatszeitung Rheinland-Pfalz<\/span><\/a><\/span><\/strong><br \/>\n\u2022 <strong><span style=\"color: #cc6633;\"><a title=\"Regards sur l'\u00e9conomie allemande\" href=\"http:\/\/www.cirac.u-cergy.fr\/\"><span style=\"color: #cc6633;\">Regards sur l&rsquo;\u00e9conomie allemande<\/span><\/a><\/span><\/strong> &#8211; Bulletin \u00e9conomique du CIRAC<\/p>\n<p>* Les 3 derniers exemplaires actuels des journaux et magazines sont \u00e0 consulter sur place uniquement. Les exemplaires plus anciens sont conserv\u00e9s dans les archives de la biblioth\u00e8que et peuvent \u00eatre emprunt\u00e9s.<\/p>\n","protected":false},"excerpt":{"rendered":"<p>Pour vous informer sur les actualit\u00e9s en Allemagne et en Rh\u00e9nanie-Palatinat en particulier, nous vous proposons\u00a0de passer dans notre hall d&rsquo;entr\u00e9e o\u00f9 vous attend un vaste choix de journaux et magazines.* Les quotidiens nationaux : \u2022 Frankfurter Allgemeine Zeitung \u2022 S\u00fcddeutsche Zeitung Les quotidiens r\u00e9gionaux rh\u00e9nan-palatins : \u2022 Die Rheinpfalz \u2022 Allgemeine Zeitung Mainz Les&#8230;<\/p>\n","protected":false},"author":1,"featured_media":0,"parent":29,"menu_order":1,"comment_status":"closed","ping_status":"closed","template":"","meta":{"_acf_changed":false,"_piecal_is_event":false,"_piecal_start_date":"","_piecal_end_date":"","_piecal_is_allday":false,"_uag_custom_page_level_css":"","_kad_blocks_custom_css":"","_kad_blocks_head_custom_js":"","_kad_blocks_body_custom_js":"","_kad_blocks_footer_custom_js":"","_kadence_starter_templates_imported_post":false,"_kad_post_transparent":"","_kad_post_title":"","_kad_post_layout":"","_kad_post_sidebar_id":"","_kad_post_content_style":"","_kad_post_vertical_padding":"","_kad_post_feature":"","_kad_post_feature_position":"","_kad_post_header":false,"_kad_post_footer":false,"footnotes":""},"acf":[],"taxonomy_info":[],"featured_image_src_large":false,"author_info":{"display_name":"admin","author_link":"https:\/\/www.maison-rhenanie-palatinat.org\/demos\/author\/admin\/"},"comment_info":0,"uagb_featured_image_src":{"full":false,"thumbnail":false,"medium":false,"medium_large":false,"large":false,"1536x1536":false,"2048x2048":false},"uagb_author_info":{"display_name":"admin","author_link":"https:\/\/www.maison-rhenanie-palatinat.org\/demos\/author\/admin\/"},"uagb_comment_info":0,"uagb_excerpt":"Pour vous informer sur les actualit\u00e9s en Allemagne et en Rh\u00e9nanie-Palatinat en particulier, nous vous proposons\u00a0de passer dans notre hall d&rsquo;entr\u00e9e o\u00f9 vous attend un vaste choix de journaux et magazines.* Les quotidiens nationaux : \u2022 Frankfurter Allgemeine Zeitung \u2022 S\u00fcddeutsche Zeitung Les quotidiens r\u00e9gionaux rh\u00e9nan-palatins : \u2022 Die Rheinpfalz \u2022 Allgemeine Zeitung Mainz Les...","_links":{"self":[{"href":"https:\/\/www.maison-rhenanie-palatinat.org\/demos\/wp-json\/wp\/v2\/pages\/2248"}],"collection":[{"href":"https:\/\/www.maison-rhenanie-palatinat.org\/demos\/wp-json\/wp\/v2\/pages"}],"about":[{"href":"https:\/\/www.maison-rhenanie-palatinat.org\/demos\/wp-json\/wp\/v2\/types\/page"}],"author":[{"embeddable":true,"href":"https:\/\/www.maison-rhenanie-palatinat.org\/demos\/wp-json\/wp\/v2\/users\/1"}],"replies":[{"embeddable":true,"href":"https:\/\/www.maison-rhenanie-palatinat.org\/demos\/wp-json\/wp\/v2\/comments?post=2248"}],"version-history":[{"count":24,"href":"https:\/\/www.maison-rhenanie-palatinat.org\/demos\/wp-json\/wp\/v2\/pages\/2248\/revisions"}],"predecessor-version":[{"id":7893,"href":"https:\/\/www.maison-rhenanie-palatinat.org\/demos\/wp-json\/wp\/v2\/pages\/2248\/revisions\/7893"}],"up":[{"embeddable":true,"href":"https:\/\/www.maison-rhenanie-palatinat.org\/demos\/wp-json\/wp\/v2\/pages\/29"}],"wp:attachment":[{"href":"https:\/\/www.maison-rhenanie-palatinat.org\/demos\/wp-json\/wp\/v2\/media?parent=2248"}],"curies":[{"name":"wp","href":"https:\/\/api.w.org\/{rel}","templated":true}]}}