{"id":26168,"date":"2022-11-04T09:04:40","date_gmt":"2022-11-04T07:04:40","guid":{"rendered":"http:\/\/www.maison-rhenanie-palatinat.org\/demos\/?page_id=26168"},"modified":"2022-11-04T09:04:41","modified_gmt":"2022-11-04T07:04:41","slug":"federation-des-maisons-franco-allemandes","status":"publish","type":"page","link":"https:\/\/www.maison-rhenanie-palatinat.org\/demos\/federation-des-maisons-franco-allemandes\/","title":{"rendered":"F\u00e9d\u00e9ration des Maisons Franco-Allemandes"},"content":{"rendered":"<style>#kt-layout-id_b1b76e-10 > .kt-row-column-wrap{align-content:start;}:where(#kt-layout-id_b1b76e-10 > .kt-row-column-wrap) > .wp-block-kadence-column{justify-content:start;}#kt-layout-id_b1b76e-10 > .kt-row-column-wrap{column-gap:var(--global-kb-gap-md, 2rem);row-gap:var(--global-kb-gap-md, 2rem);padding-top:var( --global-kb-row-default-top, 25px );padding-bottom:var( --global-kb-row-default-bottom, 25px );padding-top:var(--global-kb-spacing-sm, 1.5rem);padding-bottom:var(--global-kb-spacing-sm, 1.5rem);grid-template-columns:minmax(0, 1fr);}#kt-layout-id_b1b76e-10 > .kt-row-layout-overlay{opacity:0.30;}@media all and (max-width: 1024px){#kt-layout-id_b1b76e-10 > .kt-row-column-wrap{grid-template-columns:minmax(0, 1fr);}}@media all and (max-width: 767px){#kt-layout-id_b1b76e-10 > .kt-row-column-wrap{grid-template-columns:minmax(0, 1fr);}}<\/style>\n<div class=\"wp-block-kadence-rowlayout alignnone\"><div id=\"kt-layout-id_b1b76e-10\" class=\"kt-row-layout-inner kt-layout-id_b1b76e-10\"><div class=\"kt-row-column-wrap kt-has-1-columns kt-gutter-default kt-v-gutter-default kt-row-valign-top kt-row-layout-equal kt-tab-layout-inherit kt-m-colapse-left-to-right kt-mobile-layout-row\"><style>.kadence-column_d6691a-0e > .kt-inside-inner-col{border-top-width:0px;border-right-width:0px;border-bottom-width:0px;border-left-width:0px;}.kadence-column_d6691a-0e > .kt-inside-inner-col,.kadence-column_d6691a-0e > .kt-inside-inner-col:before{border-top-left-radius:0px;border-top-right-radius:0px;border-bottom-right-radius:0px;border-bottom-left-radius:0px;}.kadence-column_d6691a-0e > .kt-inside-inner-col{column-gap:var(--global-kb-gap-sm, 1rem);}.kadence-column_d6691a-0e > .kt-inside-inner-col{flex-direction:column;}.kadence-column_d6691a-0e > .kt-inside-inner-col > .aligncenter{width:100%;}.kadence-column_d6691a-0e > .kt-inside-inner-col:before{opacity:0.3;}.kadence-column_d6691a-0e{position:relative;}@media all and (max-width: 1024px){.kadence-column_d6691a-0e > .kt-inside-inner-col{flex-direction:column;}}@media all and (max-width: 767px){.kadence-column_d6691a-0e > .kt-inside-inner-col{flex-direction:column;}}<\/style>\n<div class=\"wp-block-kadence-column inner-column-1 kadence-column_d6691a-0e\"><div class=\"kt-inside-inner-col\"><div class=\"wp-block-image\">\n<figure class=\"alignright\"><img decoding=\"async\" src=\"http:\/\/www.maisons-franco-allemandes.fr\/wp-content\/uploads\/fedhead2017.jpg\" alt=\"http:\/\/www.maisons-franco-allemandes.fr\/wp-content\/uploads\/fedhead2017.jpg\"\/><\/figure><\/div>\n\n\n<p><strong>La F\u00e9d\u00e9ration des Maisons Franco-Allemandes,&nbsp;dont le si\u00e8ge se trouve \u00e0 Dijon, est un r\u00e9seau qui a \u00e9t\u00e9 cr\u00e9\u00e9 en 1997 en tant qu\u2019association loi 1901 \u00e0 Montpellier.<\/strong><\/p>\n\n\n\n<p><strong>Le r\u00e9seau relie aujourd\u2019hui les Maison Franco-Allemandes suivantes :<\/strong><\/p>\n\n\n\n<p>\u2022&nbsp;<a href=\"http:\/\/www.cfaprovence.com\/\" target=\"_blank\" rel=\"noreferrer noopener\">le Centre Franco-Allemand \u00e0 Aix-en-Provence<br><\/a>\u2022&nbsp;<a href=\"http:\/\/www.mda-brest.fr\/\" target=\"_blank\" rel=\"noreferrer noopener\">la Maison de l\u2019Allemagne \u00e0 Brest<\/a><br>\u2022&nbsp;<a href=\"http:\/\/www.maison-rhenanie-palatinat.org\/\" target=\"_blank\" rel=\"noreferrer noopener\">la Maison de Rh\u00e9nanie-Palatinat \u00e0 Dijon<\/a><br>\u2022&nbsp;<a href=\"http:\/\/www.ccfa-nantes.org\/\" target=\"_blank\" rel=\"noreferrer noopener\">le Centre Culturel Franco-Allemand&nbsp;\u00e0 Nantes<\/a><br>\u2022&nbsp;<a href=\"http:\/\/www.ccfa-nice.fr\/de\/home\/\" target=\"_blank\" rel=\"noreferrer noopener\">le Centre Culturel Franco-Allemand \u00e0 Nice<br><\/a>\u2022&nbsp;<a href=\"http:\/\/www.maison-heinrich-heine.org\/\" target=\"_blank\" rel=\"noreferrer noopener\">la Maison Heinrich-Heine \u00e0 Paris<\/a><br>\u2022&nbsp;<a href=\"http:\/\/ihm64.hautetfort.com\/\" target=\"_blank\" rel=\"noreferrer noopener\">l\u2019Institut Heinrich Mann \u00e0 Pau<\/a><br>\u2022&nbsp;<a href=\"http:\/\/www.franco-allemand-touraine.fr\/\" target=\"_blank\" rel=\"noreferrer noopener\">le Centre Franco-Allemand de Touraine \u00e0 Tours<\/a><\/p>\n\n\n\n<p>Promouvoir la coop\u00e9ration franco-allemande aux niveaux communal, r\u00e9gional et universitaire, en compl\u00e9ment des institutions existantes au niveau national et binational est le but de la F\u00e9d\u00e9ration des Maisons Franco-Allemandes.<\/p>\n\n\n\n<p>Les actions communes et novatrices de la F\u00e9d\u00e9ration des Maisons Franco-Allemandes sont \u201c<a href=\"http:\/\/mobiklasse.de\/\" target=\"_blank\" rel=\"noreferrer noopener\"><strong>mobiklasse.de<\/strong><\/a>\u201d (qui a re\u00e7u, sous le titre de \u201cDeutschMobil\u201d, entre autres le prix Adenauer-De Gaulle), le&nbsp;<a href=\"http:\/\/maison-rhenanie-palatinat.org\/projets\/concours-dhistoire\/\" target=\"_blank\" rel=\"noreferrer noopener\"><strong>concours d\u2019histoire scolaire franco-allemand<\/strong><\/a>, ainsi que les \u201cSemaines Franco-Allemandes\u201d.<\/p>\n\n\n\n<p>La F\u00e9d\u00e9ration des Maisons Franco-Allemandes a des membres associ\u00e9s qui sont : les Amis du Roi des Aulnes et le Conseil g\u00e9n\u00e9ral du Calvados et coop\u00e8re avec des partenaires tels que le Centre d\u2019Information de Recherche sur l\u2019Allemagne Contemporaine (CIRAC), l\u2019Institut Franco-Allemand (DFI) et le Goethe Institut (GI).<\/p>\n\n\n\n<p>Par ailleurs, les membres de la F\u00e9d\u00e9ration sont Point-Info de l\u2019Office Franco-Allemand pour la Jeunesse (OFAJ), de l\u2019Office Allemand d\u2019Echanges Universitaires (DAAD) et de l\u2019Office National Allemand du Tourisme (DZT).<\/p>\n\n\n\n<p>Pour en savoir plus sur le r\u00e9seau et les actions des Maisons Franco-Allemandes, vous trouverez de nombreuses informations sur le site internet de la f\u00e9d\u00e9ration :&nbsp;<strong><a href=\"http:\/\/www.maisons-franco-allemandes.fr\/\" target=\"_blank\" rel=\"noreferrer noopener\">www.maisons-franco-allemandes.fr<\/a><\/strong><\/p>\n<\/div><\/div>\n<\/div><\/div><\/div>\n\n\n","protected":false},"excerpt":{"rendered":"<p>La F\u00e9d\u00e9ration des Maisons Franco-Allemandes,&nbsp;dont le si\u00e8ge se trouve \u00e0 Dijon, est un r\u00e9seau qui a \u00e9t\u00e9 cr\u00e9\u00e9 en 1997 en tant qu\u2019association loi 1901 \u00e0 Montpellier. Le r\u00e9seau relie aujourd\u2019hui les Maison Franco-Allemandes suivantes : \u2022&nbsp;le Centre Franco-Allemand \u00e0 Aix-en-Provence\u2022&nbsp;la Maison de l\u2019Allemagne \u00e0 Brest\u2022&nbsp;la Maison de Rh\u00e9nanie-Palatinat \u00e0 Dijon\u2022&nbsp;le Centre Culturel Franco-Allemand&nbsp;\u00e0 Nantes\u2022&nbsp;le&#8230;<\/p>\n","protected":false},"author":1,"featured_media":0,"parent":0,"menu_order":0,"comment_status":"closed","ping_status":"closed","template":"","meta":{"_acf_changed":false,"_piecal_is_event":false,"_piecal_start_date":"","_piecal_end_date":"","_piecal_is_allday":false,"_uag_custom_page_level_css":"","_kad_blocks_custom_css":"","_kad_blocks_head_custom_js":"","_kad_blocks_body_custom_js":"","_kad_blocks_footer_custom_js":"","_kadence_starter_templates_imported_post":false,"_kad_post_transparent":"","_kad_post_title":"","_kad_post_layout":"","_kad_post_sidebar_id":"","_kad_post_content_style":"","_kad_post_vertical_padding":"","_kad_post_feature":"","_kad_post_feature_position":"","_kad_post_header":false,"_kad_post_footer":false,"footnotes":""},"acf":[],"taxonomy_info":[],"featured_image_src_large":false,"author_info":{"display_name":"admin","author_link":"https:\/\/www.maison-rhenanie-palatinat.org\/demos\/author\/admin\/"},"comment_info":0,"uagb_featured_image_src":{"full":false,"thumbnail":false,"medium":false,"medium_large":false,"large":false,"1536x1536":false,"2048x2048":false},"uagb_author_info":{"display_name":"admin","author_link":"https:\/\/www.maison-rhenanie-palatinat.org\/demos\/author\/admin\/"},"uagb_comment_info":0,"uagb_excerpt":"La F\u00e9d\u00e9ration des Maisons Franco-Allemandes,&nbsp;dont le si\u00e8ge se trouve \u00e0 Dijon, est un r\u00e9seau qui a \u00e9t\u00e9 cr\u00e9\u00e9 en 1997 en tant qu\u2019association loi 1901 \u00e0 Montpellier. Le r\u00e9seau relie aujourd\u2019hui les Maison Franco-Allemandes suivantes : \u2022&nbsp;le Centre Franco-Allemand \u00e0 Aix-en-Provence\u2022&nbsp;la Maison de l\u2019Allemagne \u00e0 Brest\u2022&nbsp;la Maison de Rh\u00e9nanie-Palatinat \u00e0 Dijon\u2022&nbsp;le Centre Culturel Franco-Allemand&nbsp;\u00e0 Nantes\u2022&nbsp;le...","_links":{"self":[{"href":"https:\/\/www.maison-rhenanie-palatinat.org\/demos\/wp-json\/wp\/v2\/pages\/26168"}],"collection":[{"href":"https:\/\/www.maison-rhenanie-palatinat.org\/demos\/wp-json\/wp\/v2\/pages"}],"about":[{"href":"https:\/\/www.maison-rhenanie-palatinat.org\/demos\/wp-json\/wp\/v2\/types\/page"}],"author":[{"embeddable":true,"href":"https:\/\/www.maison-rhenanie-palatinat.org\/demos\/wp-json\/wp\/v2\/users\/1"}],"replies":[{"embeddable":true,"href":"https:\/\/www.maison-rhenanie-palatinat.org\/demos\/wp-json\/wp\/v2\/comments?post=26168"}],"version-history":[{"count":2,"href":"https:\/\/www.maison-rhenanie-palatinat.org\/demos\/wp-json\/wp\/v2\/pages\/26168\/revisions"}],"predecessor-version":[{"id":26170,"href":"https:\/\/www.maison-rhenanie-palatinat.org\/demos\/wp-json\/wp\/v2\/pages\/26168\/revisions\/26170"}],"wp:attachment":[{"href":"https:\/\/www.maison-rhenanie-palatinat.org\/demos\/wp-json\/wp\/v2\/media?parent=26168"}],"curies":[{"name":"wp","href":"https:\/\/api.w.org\/{rel}","templated":true}]}}