{"id":2702,"date":"2010-09-08T09:55:42","date_gmt":"2010-09-08T08:55:42","guid":{"rendered":"http:\/\/www.maison-rhenanie-palatinat.org\/?page_id=2702"},"modified":"2022-11-05T10:36:02","modified_gmt":"2022-11-05T08:36:02","slug":"volontariat-franco-allemand","status":"publish","type":"page","link":"https:\/\/www.maison-rhenanie-palatinat.org\/demos\/volontariat-franco-allemand\/","title":{"rendered":"Volontariat franco-allemand"},"content":{"rendered":"<style>#kt-layout-id_b1bad5-08 > .kt-row-column-wrap{align-content:start;}:where(#kt-layout-id_b1bad5-08 > .kt-row-column-wrap) > .wp-block-kadence-column{justify-content:start;}#kt-layout-id_b1bad5-08 > .kt-row-column-wrap{column-gap:var(--global-kb-gap-md, 2rem);row-gap:var(--global-kb-gap-md, 2rem);padding-top:var( --global-kb-row-default-top, 25px );padding-bottom:var( --global-kb-row-default-bottom, 25px );padding-top:var(--global-kb-spacing-sm, 1.5rem);padding-bottom:var(--global-kb-spacing-sm, 1.5rem);grid-template-columns:minmax(0, calc(60% - ((var(--global-kb-gap-md, 2rem) * 1 )\/2))) minmax(0, calc(40% - ((var(--global-kb-gap-md, 2rem) * 1 )\/2)));}#kt-layout-id_b1bad5-08 > .kt-row-layout-overlay{opacity:0.30;}@media all and (max-width: 1024px){#kt-layout-id_b1bad5-08 > .kt-row-column-wrap{grid-template-columns:repeat(2, minmax(0, 1fr));}}@media all and (max-width: 767px){#kt-layout-id_b1bad5-08 > .kt-row-column-wrap{grid-template-columns:minmax(0, 1fr);}}<\/style>\n<div class=\"wp-block-kadence-rowlayout alignnone\"><div id=\"kt-layout-id_b1bad5-08\" class=\"kt-row-layout-inner kt-layout-id_b1bad5-08\"><div class=\"kt-row-column-wrap kt-has-2-columns kt-gutter-default kt-v-gutter-default kt-row-valign-top kt-row-layout-left-golden kt-tab-layout-inherit kt-m-colapse-left-to-right kt-mobile-layout-row  kt-custom-first-width-60  kt-custom-second-width-40\"><style>.kadence-column_179c18-f7 > .kt-inside-inner-col{border-top-width:0px;border-right-width:0px;border-bottom-width:0px;border-left-width:0px;}.kadence-column_179c18-f7 > .kt-inside-inner-col,.kadence-column_179c18-f7 > .kt-inside-inner-col:before{border-top-left-radius:0px;border-top-right-radius:0px;border-bottom-right-radius:0px;border-bottom-left-radius:0px;}.kadence-column_179c18-f7 > .kt-inside-inner-col{column-gap:var(--global-kb-gap-sm, 1rem);}.kadence-column_179c18-f7 > .kt-inside-inner-col{flex-direction:column;}.kadence-column_179c18-f7 > .kt-inside-inner-col > .aligncenter{width:100%;}.kadence-column_179c18-f7 > .kt-inside-inner-col:before{opacity:0.3;}.kadence-column_179c18-f7{position:relative;}@media all and (max-width: 1024px){.kadence-column_179c18-f7 > .kt-inside-inner-col{flex-direction:column;}}@media all and (max-width: 767px){.kadence-column_179c18-f7 > .kt-inside-inner-col{flex-direction:column;}}<\/style>\n<div class=\"wp-block-kadence-column inner-column-1 kadence-column_179c18-f7\"><div class=\"kt-inside-inner-col\"><style>.wp-block-kadence-advancedheading.kt-adv-heading_2fd5c7-60, .wp-block-kadence-advancedheading.kt-adv-heading_2fd5c7-60[data-kb-block=\"kb-adv-heading_2fd5c7-60\"]{font-style:normal;}.wp-block-kadence-advancedheading.kt-adv-heading_2fd5c7-60 mark, .wp-block-kadence-advancedheading.kt-adv-heading_2fd5c7-60[data-kb-block=\"kb-adv-heading_2fd5c7-60\"] mark{font-style:normal;color:#f76a0c;padding-top:0px;padding-right:0px;padding-bottom:0px;padding-left:0px;}<\/style>\n<h3 class=\"kt-adv-heading_2fd5c7-60 wp-block-kadence-advancedheading\" data-kb-block=\"kb-adv-heading_2fd5c7-60\">Pour qui ?<\/h3>\n\n\n\n<p>\u2022 Des jeunes fran\u00e7ais.e.s et allemand.e.s \u00e2g\u00e9.e.s de 18 \u00e0 25 ans<br>\u2022 Des connaissances linguistiques dans la langue du pays partenaire repr\u00e9sentent un plus, mais ne sont pas exig\u00e9es dans toutes les structures d\u2019accueil<\/p>\n\n\n<style>.wp-block-kadence-advancedheading.kt-adv-heading_e0ccc5-53, .wp-block-kadence-advancedheading.kt-adv-heading_e0ccc5-53[data-kb-block=\"kb-adv-heading_e0ccc5-53\"]{font-style:normal;}.wp-block-kadence-advancedheading.kt-adv-heading_e0ccc5-53 mark, .wp-block-kadence-advancedheading.kt-adv-heading_e0ccc5-53[data-kb-block=\"kb-adv-heading_e0ccc5-53\"] mark{font-style:normal;color:#f76a0c;padding-top:0px;padding-right:0px;padding-bottom:0px;padding-left:0px;}<\/style>\n<h3 class=\"kt-adv-heading_e0ccc5-53 wp-block-kadence-advancedheading\" data-kb-block=\"kb-adv-heading_e0ccc5-53\">Pourquoi ?<\/h3>\n\n\n\n<p>\u2022 Une ann\u00e9e de formation et d\u2019orientation professionnelle<br>\u2022 Un enrichissement personnel<br>\u2022 Un statut, des droits et des devoirs reconnus<br>\u2022 Un autre regard sur sa propre culture<br>\u2022 D\u00e9couverte d\u2019un nouveau pays et d\u2019une nouvelle culture<br>\u2022 Renforcement&nbsp;des comp\u00e9tences, notamment dans les domaines interculturel et linguistique<br>\u2022 Nouveaux amis et un apport humain inestimable<br>\u2022 Un atout pour la formation et les possibilit\u00e9s de trouver un emploi<\/p>\n\n\n<style>.wp-block-kadence-advancedheading.kt-adv-heading_6d3298-60, .wp-block-kadence-advancedheading.kt-adv-heading_6d3298-60[data-kb-block=\"kb-adv-heading_6d3298-60\"]{font-style:normal;}.wp-block-kadence-advancedheading.kt-adv-heading_6d3298-60 mark, .wp-block-kadence-advancedheading.kt-adv-heading_6d3298-60[data-kb-block=\"kb-adv-heading_6d3298-60\"] mark{font-style:normal;color:#f76a0c;padding-top:0px;padding-right:0px;padding-bottom:0px;padding-left:0px;}<\/style>\n<h3 class=\"kt-adv-heading_6d3298-60 wp-block-kadence-advancedheading\" data-kb-block=\"kb-adv-heading_6d3298-60\">\u00catre volontaire<\/h3>\n\n\n\n<p>\u2022 Un engagement d\u2019une dur\u00e9e de 12 mois dans le pays partenaire au service d\u2019une mission d\u2019int\u00e9r\u00eat g\u00e9n\u00e9ral<br>\u2022 Des missions s\u2019inscrivant dans diff\u00e9rents domaines : culturel, \u00e9cologique<br>\u2022 Un accompagnement personnalis\u00e9 (tuteur.trice sur le lieu de mission et responsable p\u00e9dagogique de la structure d\u2019envoi)<br>\u2022 Participation \u00e0 quatre s\u00e9minaires d\u2019accompagnement p\u00e9dagogique financ\u00e9s par l\u2019<a href=\"https:\/\/www.ofaj.org\/\" target=\"_blank\" rel=\"noreferrer noopener\">OFAJ<\/a><br>\u2022 Une indemnisation par l\u2019<a href=\"http:\/\/www.service-civique.gouv.fr\/\" target=\"_blank\" rel=\"noreferrer noopener\">Agence du Service Civique<\/a><\/p>\n\n\n<style>.wp-block-kadence-advancedheading.kt-adv-heading_82eb01-f1, .wp-block-kadence-advancedheading.kt-adv-heading_82eb01-f1[data-kb-block=\"kb-adv-heading_82eb01-f1\"]{font-style:normal;}.wp-block-kadence-advancedheading.kt-adv-heading_82eb01-f1 mark, .wp-block-kadence-advancedheading.kt-adv-heading_82eb01-f1[data-kb-block=\"kb-adv-heading_82eb01-f1\"] mark{font-style:normal;color:#f76a0c;padding-top:0px;padding-right:0px;padding-bottom:0px;padding-left:0px;}<\/style>\n<h3 class=\"kt-adv-heading_82eb01-f1 wp-block-kadence-advancedheading\" data-kb-block=\"kb-adv-heading_82eb01-f1\">Le financement<\/h3>\n\n\n\n<p>\u2022 Assur\u00e9 par les \u00c9tats fran\u00e7ais et allemand, ainsi que les structures d\u2019accueil allemandes et fran\u00e7aises<br>\u2022 Les volontaires b\u00e9n\u00e9ficient d\u2019une assurance maladie et de responsabilit\u00e9 civile, prise en charge par l\u2019organisme d\u2019envoi<br>\u2022 Les volontaires restent dans leurs syst\u00e8mes sociaux respectifs<br>\u2022 Les frais de transport li\u00e9s aux s\u00e9minaires seront d\u00e9dommag\u00e9s<\/p>\n\n\n\n<p><\/p>\n<\/div><\/div>\n\n\n<style>.kadence-column_1b08ea-d8 > .kt-inside-inner-col{padding-top:15px;padding-bottom:15px;padding-left:15px;padding-right:15px;}.kadence-column_1b08ea-d8 > .kt-inside-inner-col{border-top-width:0px;border-right-width:0px;border-bottom-width:0px;border-left-width:0px;}.kadence-column_1b08ea-d8 > .kt-inside-inner-col,.kadence-column_1b08ea-d8 > .kt-inside-inner-col:before{border-top-left-radius:0px;border-top-right-radius:0px;border-bottom-right-radius:0px;border-bottom-left-radius:0px;}.kadence-column_1b08ea-d8 > .kt-inside-inner-col{column-gap:var(--global-kb-gap-sm, 1rem);}.kadence-column_1b08ea-d8 > .kt-inside-inner-col{flex-direction:column;}.kadence-column_1b08ea-d8 > .kt-inside-inner-col > .aligncenter{width:100%;}.kadence-column_1b08ea-d8 > .kt-inside-inner-col{background-color:var(--global-palette8, #F7FAFC);}.kadence-column_1b08ea-d8 > .kt-inside-inner-col:before{opacity:0.3;}.kadence-column_1b08ea-d8{position:relative;}@media all and (max-width: 1024px){.kadence-column_1b08ea-d8 > .kt-inside-inner-col{flex-direction:column;}}@media all and (max-width: 767px){.kadence-column_1b08ea-d8 > .kt-inside-inner-col{flex-direction:column;}}<\/style>\n<div class=\"wp-block-kadence-column inner-column-2 kadence-column_1b08ea-d8\"><div class=\"kt-inside-inner-col\"><style>.wp-block-kadence-advancedheading.kt-adv-heading_09a2e3-84, .wp-block-kadence-advancedheading.kt-adv-heading_09a2e3-84[data-kb-block=\"kb-adv-heading_09a2e3-84\"]{font-style:normal;}.wp-block-kadence-advancedheading.kt-adv-heading_09a2e3-84 mark, .wp-block-kadence-advancedheading.kt-adv-heading_09a2e3-84[data-kb-block=\"kb-adv-heading_09a2e3-84\"] mark{font-style:normal;color:#f76a0c;padding-top:0px;padding-right:0px;padding-bottom:0px;padding-left:0px;}<\/style>\n<h4 class=\"kt-adv-heading_09a2e3-84 wp-block-kadence-advancedheading\" data-kb-block=\"kb-adv-heading_09a2e3-84\"><strong>Volontariat \u00c9cologique Franco-Allemand<\/strong><\/h4>\n\n\n<div class=\"wp-block-image\">\n<figure class=\"aligncenter\"><a href=\"http:\/\/maison-rhenanie-palatinat.org\/stages-et-mobilite\/volontariat-franco-allemand\/mission\/\"><img decoding=\"async\" src=\"http:\/\/maison-rhenanie-palatinat.org\/wp-content\/uploads\/2017\/10\/Cyprien-Paul_690.jpeg\" alt=\"\" class=\"wp-image-11058\"\/><\/a><\/figure><\/div>\n\n\n<p>Tu es int\u00e9ress\u00e9.e par l\u2019\u00e9cologie?<br>Le VEFA offre la possibilit\u00e9 de passer une ann\u00e9e en Allemagne, afin d\u2019acqu\u00e9rir des comp\u00e9tences en lien avec l\u2019environnement et d\u2019apprendre ou d\u2019am\u00e9liorer votre allemand.<\/p>\n\n\n\n<p><strong><a href=\"http:\/\/maison-rhenanie-palatinat.org\/stages-et-mobilite\/volontariat-franco-allemand\/mission\/\">Lire plus &gt;<\/a><\/strong><\/p>\n\n\n<style>.wp-block-kadence-advancedheading.kt-adv-heading_cb1e6b-9b, .wp-block-kadence-advancedheading.kt-adv-heading_cb1e6b-9b[data-kb-block=\"kb-adv-heading_cb1e6b-9b\"]{font-style:normal;}.wp-block-kadence-advancedheading.kt-adv-heading_cb1e6b-9b mark, .wp-block-kadence-advancedheading.kt-adv-heading_cb1e6b-9b[data-kb-block=\"kb-adv-heading_cb1e6b-9b\"] mark{font-style:normal;color:#f76a0c;padding-top:0px;padding-right:0px;padding-bottom:0px;padding-left:0px;}<\/style>\n<h4 class=\"kt-adv-heading_cb1e6b-9b wp-block-kadence-advancedheading\" data-kb-block=\"kb-adv-heading_cb1e6b-9b\"><strong>Volontariat Culturel Franco-Allemand<\/strong><\/h4>\n\n\n<div class=\"wp-block-image\">\n<figure class=\"aligncenter\"><a href=\"http:\/\/maison-rhenanie-palatinat.org\/stages-et-mobilite\/volontariat-franco-allemand\/volontariat-culturel-franco-allemand\/\"><img decoding=\"async\" src=\"http:\/\/maison-rhenanie-palatinat.org\/wp-content\/uploads\/2018\/11\/VCFA_titel_690px.jpg\" alt=\"\" class=\"wp-image-9664\"\/><\/a><\/figure><\/div>\n\n\n<p>Tu es int\u00e9ress\u00e9.e par la culture?<br>Le VCFA offre la possibilit\u00e9 de passer une ann\u00e9e en Allemagne, afin d\u2019acqu\u00e9rir des comp\u00e9tences en lien avec la culture et d\u2019apprendre ou d\u2019am\u00e9liorer votre allemand.<\/p>\n\n\n\n<p><strong><a href=\"http:\/\/maison-rhenanie-palatinat.org\/stages-et-mobilite\/volontariat-franco-allemand\/volontariat-culturel-franco-allemand\/\">Lire plus &gt;<\/a><\/strong><\/p>\n<\/div><\/div>\n<\/div><\/div><\/div>\n\n\n","protected":false},"excerpt":{"rendered":"<p>Pour qui ? \u2022 Des jeunes fran\u00e7ais.e.s et allemand.e.s \u00e2g\u00e9.e.s de 18 \u00e0 25 ans\u2022 Des connaissances linguistiques dans la langue du pays partenaire repr\u00e9sentent un plus, mais ne sont pas exig\u00e9es dans toutes les structures d\u2019accueil Pourquoi ? \u2022 Une ann\u00e9e de formation et d\u2019orientation professionnelle\u2022 Un enrichissement personnel\u2022 Un statut, des droits et&#8230;<\/p>\n","protected":false},"author":1,"featured_media":0,"parent":0,"menu_order":0,"comment_status":"closed","ping_status":"closed","template":"","meta":{"_acf_changed":false,"_piecal_is_event":false,"_piecal_start_date":"","_piecal_end_date":"","_piecal_is_allday":false,"_uag_custom_page_level_css":"","_kad_blocks_custom_css":"","_kad_blocks_head_custom_js":"","_kad_blocks_body_custom_js":"","_kad_blocks_footer_custom_js":"","_kadence_starter_templates_imported_post":false,"_kad_post_transparent":"","_kad_post_title":"","_kad_post_layout":"","_kad_post_sidebar_id":"","_kad_post_content_style":"","_kad_post_vertical_padding":"","_kad_post_feature":"","_kad_post_feature_position":"","_kad_post_header":false,"_kad_post_footer":false,"footnotes":""},"acf":[],"taxonomy_info":[],"featured_image_src_large":false,"author_info":{"display_name":"admin","author_link":"https:\/\/www.maison-rhenanie-palatinat.org\/demos\/author\/admin\/"},"comment_info":0,"uagb_featured_image_src":{"full":false,"thumbnail":false,"medium":false,"medium_large":false,"large":false,"1536x1536":false,"2048x2048":false},"uagb_author_info":{"display_name":"admin","author_link":"https:\/\/www.maison-rhenanie-palatinat.org\/demos\/author\/admin\/"},"uagb_comment_info":0,"uagb_excerpt":"Pour qui ? \u2022 Des jeunes fran\u00e7ais.e.s et allemand.e.s \u00e2g\u00e9.e.s de 18 \u00e0 25 ans\u2022 Des connaissances linguistiques dans la langue du pays partenaire repr\u00e9sentent un plus, mais ne sont pas exig\u00e9es dans toutes les structures d\u2019accueil Pourquoi ? \u2022 Une ann\u00e9e de formation et d\u2019orientation professionnelle\u2022 Un enrichissement personnel\u2022 Un statut, des droits et...","_links":{"self":[{"href":"https:\/\/www.maison-rhenanie-palatinat.org\/demos\/wp-json\/wp\/v2\/pages\/2702"}],"collection":[{"href":"https:\/\/www.maison-rhenanie-palatinat.org\/demos\/wp-json\/wp\/v2\/pages"}],"about":[{"href":"https:\/\/www.maison-rhenanie-palatinat.org\/demos\/wp-json\/wp\/v2\/types\/page"}],"author":[{"embeddable":true,"href":"https:\/\/www.maison-rhenanie-palatinat.org\/demos\/wp-json\/wp\/v2\/users\/1"}],"replies":[{"embeddable":true,"href":"https:\/\/www.maison-rhenanie-palatinat.org\/demos\/wp-json\/wp\/v2\/comments?post=2702"}],"version-history":[{"count":29,"href":"https:\/\/www.maison-rhenanie-palatinat.org\/demos\/wp-json\/wp\/v2\/pages\/2702\/revisions"}],"predecessor-version":[{"id":26276,"href":"https:\/\/www.maison-rhenanie-palatinat.org\/demos\/wp-json\/wp\/v2\/pages\/2702\/revisions\/26276"}],"wp:attachment":[{"href":"https:\/\/www.maison-rhenanie-palatinat.org\/demos\/wp-json\/wp\/v2\/media?parent=2702"}],"curies":[{"name":"wp","href":"https:\/\/api.w.org\/{rel}","templated":true}]}}