{"id":2712,"date":"2010-09-08T10:25:53","date_gmt":"2010-09-08T09:25:53","guid":{"rendered":"http:\/\/www.maison-rhenanie-palatinat.org\/?page_id=2712"},"modified":"2022-11-06T16:33:13","modified_gmt":"2022-11-06T14:33:13","slug":"action-coup-de-coeur","status":"publish","type":"page","link":"https:\/\/www.maison-rhenanie-palatinat.org\/demos\/stages-et-mobilite\/action-coup-de-coeur\/","title":{"rendered":"Action Coup de Coeur"},"content":{"rendered":"\n<p>Hallo et Salut !<\/p>\n\n\n<div class=\"wp-block-image\">\n<figure class=\"alignright size-full\"><img loading=\"lazy\" decoding=\"async\" width=\"231\" height=\"300\" src=\"http:\/\/www.maison-rhenanie-palatinat.org\/demos\/wp-content\/uploads\/2022\/11\/Anke-Bild_Vorstellung-231x300-1.jpg\" alt=\"\" class=\"wp-image-26500\"\/><\/figure><\/div>\n\n\n<p>Je suis Anke FRITSCH, la nouvelle charg\u00e9e de mission&nbsp; \u201cjeunes\u201d&nbsp; pour l\u2019ann\u00e9e scolaire 2022\/23 au sein de la Maison de Rh\u00e9nanie-Palatinat.<\/p>\n\n\n\n<p>\u00c0 l\u2019\u00e2ge de 9 ans \u00e0 l\u2019\u00e9cole primaire, j\u2019ai particip\u00e9 \u00e0 mon premier petit cours de fran\u00e7ais. C\u2019\u00e9tait le d\u00e9but de ma fascination et de mon enthousiasme pour la France, sa culture et sa langue. Ayant fait plusieurs \u00e9changes (non) scolaires franco-allemands, comme par exemple l\u2019\u00e9change Brigitte-Sauzay, j\u2019ai \u00e9galement fait un service volontaire europ\u00e9en pr\u00e8s de Clermont-Ferrand. Suite \u00e0 cela, j\u2019ai suivi un cursus int\u00e9gr\u00e9 dans le domaine du tourisme pendant lequel j\u2019ai v\u00e9cu une ann\u00e9e \u00e0 Colmar. Apr\u00e8s avoir obtenu ma double licence, j\u2019ai travaill\u00e9 pour l\u2019Universit\u00e9 franco-allemande.<\/p>\n\n\n\n<p>La mobilit\u00e9 franco-allemande ainsi que l\u2019\u00e9change franco-allemand repr\u00e9sentent des \u00e9l\u00e9ments essentiels de ma vie et je suis tr\u00e8s reconnaissante d\u2019avoir pu faire ces exp\u00e9riences que je ne peux que recommander \u00e0 tout le monde. Cette id\u00e9e, d\u2019apprendre \u00e0 conna\u00eetre une nouvelle culture et de vivre un autre quotidien, nous aide \u00e0 prendre conscience d\u2019autres r\u00e9alit\u00e9s de vie. En \u00e9changeant mutuellement, nous pouvons non seulement en apprendre plus sur l\u2019autre culture, mais aussi sur la n\u00f4tre. Dans une \u00e9poque dans laquelle la coop\u00e9ration internationale et interdisciplinaire est indispensable, c\u2019est un petit pas que l\u2019on peut choisir de faire nous-m\u00eame pour \u00e9largir nos horizons personnels et professionnels.<\/p>\n\n\n\n<p>Pour vous donner une id\u00e9e de comment participer \u00e0 un \u00e9change dans la mobilit\u00e9 franco-allemande, je vous propose des interventions \u201cCoup de c\u0153ur\u201d dans les coll\u00e8ges, lyc\u00e9es, CFA, IUT, universit\u00e9s, Points Informations Jeunesse ou autres institutions tourn\u00e9es vers les jeunes. Au cours de celles-ci, je parle des avantages qu\u2019un s\u00e9jour en Allemagne pr\u00e9sente non seulement au niveau linguistique, mais aussi pour le d\u00e9veloppement personnel et l\u2019avenir professionnel. J\u2019informe sur les diff\u00e9rents dispositifs d\u2019\u00e9change qui existent entre la France et l\u2019Allemagne, comme par exemple un stage en Rh\u00e9nanie-Palatinat, un \u201cvolontariat franco-allemand\u201d ou une ann\u00e9e Erasmus ou les cursus int\u00e9gr\u00e9s.<\/p>\n\n\n\n<p>Pour plus de renseignements ou une intervention, n\u2019h\u00e9sitez pas \u00e0 me contacter. Vous pouvez \u00e9galement t\u00e9l\u00e9charger la&nbsp;<a href=\"http:\/\/maison-rhenanie-palatinat.org\/wp-content\/uploads\/2022\/09\/Coup-de-Coeur-2022-23_Lettre-de-pre%CC%81sentation_Anke-FRITSCH.pdf\" target=\"_blank\" rel=\"noreferrer noopener\"><strong>lettre d\u2019information<\/strong><\/a>&nbsp;et le&nbsp;<a href=\"http:\/\/maison-rhenanie-palatinat.org\/wp-content\/uploads\/2022\/10\/Fiche-de-demande_Coup-de-Coeur-202223.pdf\" target=\"_blank\" rel=\"noreferrer noopener\"><strong>formulaire de demande<\/strong><\/a>.<\/p>\n\n\n\n<p>Alla hopp, comme on dit chez moi, \u00e0 bient\u00f4t et au plaisir de vous rencontrer !<\/p>\n","protected":false},"excerpt":{"rendered":"<p>Hallo et Salut ! Je suis Anke FRITSCH, la nouvelle charg\u00e9e de mission&nbsp; \u201cjeunes\u201d&nbsp; pour l\u2019ann\u00e9e scolaire 2022\/23 au sein de la Maison de Rh\u00e9nanie-Palatinat. \u00c0 l\u2019\u00e2ge de 9 ans \u00e0 l\u2019\u00e9cole primaire, j\u2019ai particip\u00e9 \u00e0 mon premier petit cours de fran\u00e7ais. C\u2019\u00e9tait le d\u00e9but de ma fascination et de mon enthousiasme pour la France,&#8230;<\/p>\n","protected":false},"author":1,"featured_media":0,"parent":785,"menu_order":3,"comment_status":"closed","ping_status":"closed","template":"","meta":{"_acf_changed":false,"_piecal_is_event":false,"_piecal_start_date":"","_piecal_end_date":"","_piecal_is_allday":false,"_uag_custom_page_level_css":"","_kad_blocks_custom_css":"","_kad_blocks_head_custom_js":"","_kad_blocks_body_custom_js":"","_kad_blocks_footer_custom_js":"","_kadence_starter_templates_imported_post":false,"_kad_post_transparent":"","_kad_post_title":"","_kad_post_layout":"","_kad_post_sidebar_id":"","_kad_post_content_style":"","_kad_post_vertical_padding":"","_kad_post_feature":"","_kad_post_feature_position":"","_kad_post_header":false,"_kad_post_footer":false,"footnotes":""},"acf":[],"taxonomy_info":[],"featured_image_src_large":false,"author_info":{"display_name":"admin","author_link":"https:\/\/www.maison-rhenanie-palatinat.org\/demos\/author\/admin\/"},"comment_info":0,"uagb_featured_image_src":{"full":false,"thumbnail":false,"medium":false,"medium_large":false,"large":false,"1536x1536":false,"2048x2048":false},"uagb_author_info":{"display_name":"admin","author_link":"https:\/\/www.maison-rhenanie-palatinat.org\/demos\/author\/admin\/"},"uagb_comment_info":0,"uagb_excerpt":"Hallo et Salut ! Je suis Anke FRITSCH, la nouvelle charg\u00e9e de mission&nbsp; \u201cjeunes\u201d&nbsp; pour l\u2019ann\u00e9e scolaire 2022\/23 au sein de la Maison de Rh\u00e9nanie-Palatinat. \u00c0 l\u2019\u00e2ge de 9 ans \u00e0 l\u2019\u00e9cole primaire, j\u2019ai particip\u00e9 \u00e0 mon premier petit cours de fran\u00e7ais. C\u2019\u00e9tait le d\u00e9but de ma fascination et de mon enthousiasme pour la France,...","_links":{"self":[{"href":"https:\/\/www.maison-rhenanie-palatinat.org\/demos\/wp-json\/wp\/v2\/pages\/2712"}],"collection":[{"href":"https:\/\/www.maison-rhenanie-palatinat.org\/demos\/wp-json\/wp\/v2\/pages"}],"about":[{"href":"https:\/\/www.maison-rhenanie-palatinat.org\/demos\/wp-json\/wp\/v2\/types\/page"}],"author":[{"embeddable":true,"href":"https:\/\/www.maison-rhenanie-palatinat.org\/demos\/wp-json\/wp\/v2\/users\/1"}],"replies":[{"embeddable":true,"href":"https:\/\/www.maison-rhenanie-palatinat.org\/demos\/wp-json\/wp\/v2\/comments?post=2712"}],"version-history":[{"count":30,"href":"https:\/\/www.maison-rhenanie-palatinat.org\/demos\/wp-json\/wp\/v2\/pages\/2712\/revisions"}],"predecessor-version":[{"id":26546,"href":"https:\/\/www.maison-rhenanie-palatinat.org\/demos\/wp-json\/wp\/v2\/pages\/2712\/revisions\/26546"}],"up":[{"embeddable":true,"href":"https:\/\/www.maison-rhenanie-palatinat.org\/demos\/wp-json\/wp\/v2\/pages\/785"}],"wp:attachment":[{"href":"https:\/\/www.maison-rhenanie-palatinat.org\/demos\/wp-json\/wp\/v2\/media?parent=2712"}],"curies":[{"name":"wp","href":"https:\/\/api.w.org\/{rel}","templated":true}]}}