{"id":29,"date":"2007-02-22T17:46:47","date_gmt":"2007-02-22T16:46:47","guid":{"rendered":"http:\/\/www.maison-rhenanie-palatinat.org\/web\/?page_id=38"},"modified":"2023-10-22T10:09:45","modified_gmt":"2023-10-22T08:09:45","slug":"bibliotheque","status":"publish","type":"page","link":"https:\/\/www.maison-rhenanie-palatinat.org\/demos\/bibliotheque\/","title":{"rendered":"Biblioth\u00e8que"},"content":{"rendered":"\r\n\r\n<style>#kt-layout-id_12447b-f9 > .kt-row-column-wrap{align-content:start;}:where(#kt-layout-id_12447b-f9 > .kt-row-column-wrap) > .wp-block-kadence-column{justify-content:start;}#kt-layout-id_12447b-f9 > .kt-row-column-wrap{column-gap:var(--global-kb-gap-md, 2rem);row-gap:var(--global-kb-gap-md, 2rem);padding-top:var( --global-kb-row-default-top, 25px );padding-bottom:var( --global-kb-row-default-bottom, 25px );padding-top:0px;grid-template-columns:minmax(0, 2fr) minmax(0, 1fr);}#kt-layout-id_12447b-f9 > .kt-row-layout-overlay{opacity:0.30;}@media all and (max-width: 1024px){#kt-layout-id_12447b-f9 > .kt-row-column-wrap{grid-template-columns:repeat(2, minmax(0, 1fr));}}@media all and (max-width: 767px){#kt-layout-id_12447b-f9 > .kt-row-column-wrap{grid-template-columns:minmax(0, 1fr);}}<\/style>\r\n<div class=\"wp-block-kadence-rowlayout alignnone\">\r\n<div id=\"kt-layout-id_12447b-f9\" class=\"kt-row-layout-inner kt-layout-id_12447b-f9\">\r\n<div class=\"kt-row-column-wrap kt-has-2-columns kt-gutter-default kt-v-gutter-default kt-row-valign-top kt-row-layout-left-golden kt-tab-layout-inherit kt-m-colapse-left-to-right kt-mobile-layout-row\"><style>.kadence-column_f119a9-47 > .kt-inside-inner-col{border-top-width:0px;border-right-width:0px;border-bottom-width:0px;border-left-width:0px;}.kadence-column_f119a9-47 > .kt-inside-inner-col,.kadence-column_f119a9-47 > .kt-inside-inner-col:before{border-top-left-radius:0px;border-top-right-radius:0px;border-bottom-right-radius:0px;border-bottom-left-radius:0px;}.kadence-column_f119a9-47 > .kt-inside-inner-col{column-gap:var(--global-kb-gap-sm, 1rem);}.kadence-column_f119a9-47 > .kt-inside-inner-col{flex-direction:column;}.kadence-column_f119a9-47 > .kt-inside-inner-col > .aligncenter{width:100%;}.kadence-column_f119a9-47 > .kt-inside-inner-col:before{opacity:0.3;}.kadence-column_f119a9-47{position:relative;}@media all and (max-width: 1024px){.kadence-column_f119a9-47 > .kt-inside-inner-col{flex-direction:column;}}@media all and (max-width: 767px){.kadence-column_f119a9-47 > .kt-inside-inner-col{flex-direction:column;}}<\/style>\r\n<div class=\"wp-block-kadence-column inner-column-1 kadence-column_f119a9-47\">\r\n<div class=\"kt-inside-inner-col\"><div class=\"wp-block-image\">\r\n<figure class=\"aligncenter\"><img decoding=\"async\" class=\"wp-image-17046\" src=\"http:\/\/maison-rhenanie-palatinat.org\/wp-content\/uploads\/2019\/11\/Strandkorb-Neu-Neu.jpg\" alt=\"\" \/><\/figure><\/div>\r\n\r\n\r\n<p>Venez d\u00e9couvrir la\u00a0<em>(kleine aber feine)<\/em>\u00a0biblioth\u00e8que de la Maison de Rh\u00e9nanie-Palatinat, elle est ouverte \u00e0 toutes et \u00e0 tous !<\/p>\r\n\r\n\r\n\r\n<p>\u2026\u00a0<strong>vous \u00eates int\u00e9ress\u00e9.e par la litt\u00e9rature allemande ?<\/strong><\/p>\r\n\r\n\r\n\r\n<p>Nous vous proposons une collection de livres allemands (il y a \u00e9galement des livres en langue fran\u00e7aise) pour tous les go\u00fbts et tous les \u00e2ges, que vous pouvez emprunter ou consulter sur place !<br \/>En plus, il y a un v\u00e9ritable\u00a0<em>Strandkorb<\/em>\u00a0qui s\u2019est \u00e9gar\u00e9 dans notre biblioth\u00e8que et qui vous convie \u00e0 une lecture super confortable !<\/p>\r\n\r\n\r\n\r\n<figure class=\"wp-block-image\"><img decoding=\"async\" class=\"wp-image-15425\" src=\"http:\/\/maison-rhenanie-palatinat.org\/wp-content\/uploads\/2019\/10\/Bibliothek-Fenster.jpg\" alt=\"\" \/><\/figure>\r\n\r\n\r\n\r\n<p>\u2026\u00a0<strong>vous voulez vous informer sur les actualit\u00e9s en allemand ?<\/strong><\/p>\r\n\r\n\r\n\r\n<p>Nous avons un grand choix de journaux quotidiens et hebdomadaires ainsi que de magazines allemands \u00e0 lire sur place (les num\u00e9ros archiv\u00e9s aussi \u00e0 emprunter) !<\/p>\r\n\r\n\r\n\r\n<p><strong>\u2026\u00a0vous voulez visiter l\u2019Allemagne ?<\/strong><\/p>\r\n\r\n\r\n\r\n<p>De la documentation touristique sur la Rh\u00e9nanie-Palatinat, mais aussi sur toutes les autres r\u00e9gions de l\u2019Allemagne est \u00e0 votre disposition !<\/p>\r\n\r\n\r\n\r\n<p>\u2026\u00a0<strong>vous voulez visiter l\u2019Allemagne de chez vous ?<\/strong><\/p>\r\n\r\n\r\n\r\n<p>Voici une liste de sites int\u00e9ressants pour d\u00e9couvrir la langue et la culture allemande !<\/p>\r\n\r\n\r\n\r\n<p>&nbsp;<\/p>\r\n\r\n\r\n\r\n<p><strong>Conditions d&#8217;emprunt<\/strong><\/p>\r\n\r\n\r\n\r\n<p>L\u2019emprunt des m\u00e9dias est gratuit<\/p>\r\n\r\n\r\n\r\n<p>Pour emprunter des m\u00e9dias il faut remplir et signer la fiche d\u2019adh\u00e9sion sur place<\/p>\r\n\r\n\r\n\r\n<p>Dur\u00e9e du pr\u00eat :<br \/>\u2022 Livres\/magazines : 3 semaines<br \/>\u2022 Des prolongations sont possibles (si les m\u00e9dias ne sont pas encore r\u00e9serv\u00e9s) \u2013 si vous souhaitez garder vos m\u00e9dias plus longtemps, merci de nous contacter !<\/p>\r\n\r\n\r\n\r\n<p>En cas de perte ou d\u2019endommagement des m\u00e9dias : valeur de remplacement + frais de traitement de 10 \u20ac<\/p>\r\n\r\n\r\n\r\n<p>Si vous avez encore d\u2019autres questions et\/ou des suggestions, n\u2019h\u00e9sitez pas \u00e0 nous contacter !<\/p>\r\n\r\n\r\n\r\n<p>\u00c0 tr\u00e8s bient\u00f4t !<\/p>\r\n<\/div>\r\n<\/div>\r\n\r\n\r\n<style>.kadence-column_f82942-e0 > .kt-inside-inner-col{padding-top:15px;padding-bottom:15px;padding-left:15px;padding-right:15px;}.kadence-column_f82942-e0 > .kt-inside-inner-col{border-top-width:0px;border-right-width:0px;border-bottom-width:0px;border-left-width:0px;}.kadence-column_f82942-e0 > .kt-inside-inner-col,.kadence-column_f82942-e0 > .kt-inside-inner-col:before{border-top-left-radius:0px;border-top-right-radius:0px;border-bottom-right-radius:0px;border-bottom-left-radius:0px;}.kadence-column_f82942-e0 > .kt-inside-inner-col{column-gap:var(--global-kb-gap-sm, 1rem);}.kadence-column_f82942-e0 > .kt-inside-inner-col{flex-direction:column;}.kadence-column_f82942-e0 > .kt-inside-inner-col > .aligncenter{width:100%;}.kadence-column_f82942-e0 > .kt-inside-inner-col{background-color:var(--global-palette8, #F7FAFC);}.kadence-column_f82942-e0 > .kt-inside-inner-col:before{opacity:0.3;}.kadence-column_f82942-e0{position:relative;}@media all and (max-width: 1024px){.kadence-column_f82942-e0 > .kt-inside-inner-col{flex-direction:column;}}@media all and (max-width: 767px){.kadence-column_f82942-e0 > .kt-inside-inner-col{flex-direction:column;}}<\/style>\r\n<div class=\"wp-block-kadence-column inner-column-2 kadence-column_f82942-e0\">\r\n<div class=\"kt-inside-inner-col\">\r\n<p><strong>Contact :<\/strong><br \/><br \/>Ragna HEYNOWSKI<br \/><br \/>T\u00e9l. : 03 80 68 07 03<br \/><br \/>E-Mail : documentation@maison-rhenanie-palatinat.org<\/p>\r\n\r\n\r\n\r\n<p><strong>Renseignements et pr\u00eats :<\/strong><br \/><br \/>lundi : 14h-18h<br \/><br \/>mardi : 10h-12h &amp; 14h-18h<br \/><br \/>mercredi : 10h-12h &amp; 16h30-18h<br \/><br \/>jeudi : 10h-12h &amp; 14h-18h<br \/><br \/>vendredi : 10h-12h<\/p>\r\n<\/div>\r\n<\/div>\r\n<\/div>\r\n<\/div>\r\n<\/div>\r\n","protected":false},"excerpt":{"rendered":"<p>Venez d\u00e9couvrir la\u00a0(kleine aber feine)\u00a0biblioth\u00e8que de la Maison de Rh\u00e9nanie-Palatinat, elle est ouverte \u00e0 toutes et \u00e0 tous ! \u2026\u00a0vous \u00eates int\u00e9ress\u00e9.e par la litt\u00e9rature allemande ? Nous vous proposons une collection de livres allemands (il y a \u00e9galement des livres en langue fran\u00e7aise) pour tous les go\u00fbts et tous les \u00e2ges, que vous pouvez&#8230;<\/p>\n","protected":false},"author":1,"featured_media":27689,"parent":0,"menu_order":7,"comment_status":"closed","ping_status":"closed","template":"","meta":{"_acf_changed":false,"_piecal_is_event":false,"_piecal_start_date":"","_piecal_end_date":"","_piecal_is_allday":false,"_uag_custom_page_level_css":"","_kad_blocks_custom_css":"","_kad_blocks_head_custom_js":"","_kad_blocks_body_custom_js":"","_kad_blocks_footer_custom_js":"","_kadence_starter_templates_imported_post":false,"_kad_post_transparent":"default","_kad_post_title":"default","_kad_post_layout":"default","_kad_post_sidebar_id":"","_kad_post_content_style":"default","_kad_post_vertical_padding":"default","_kad_post_feature":"","_kad_post_feature_position":"","_kad_post_header":false,"_kad_post_footer":false,"footnotes":""},"acf":[],"taxonomy_info":[],"featured_image_src_large":["https:\/\/www.maison-rhenanie-palatinat.org\/demos\/wp-content\/uploads\/2023\/10\/MRPbibliotheque-1.jpg",300,300,false],"author_info":{"display_name":"admin","author_link":"https:\/\/www.maison-rhenanie-palatinat.org\/demos\/author\/admin\/"},"comment_info":0,"uagb_featured_image_src":{"full":["https:\/\/www.maison-rhenanie-palatinat.org\/demos\/wp-content\/uploads\/2023\/10\/MRPbibliotheque-1.jpg",300,300,false],"thumbnail":["https:\/\/www.maison-rhenanie-palatinat.org\/demos\/wp-content\/uploads\/2023\/10\/MRPbibliotheque-1-150x150.jpg",150,150,true],"medium":["https:\/\/www.maison-rhenanie-palatinat.org\/demos\/wp-content\/uploads\/2023\/10\/MRPbibliotheque-1.jpg",300,300,false],"medium_large":["https:\/\/www.maison-rhenanie-palatinat.org\/demos\/wp-content\/uploads\/2023\/10\/MRPbibliotheque-1.jpg",300,300,false],"large":["https:\/\/www.maison-rhenanie-palatinat.org\/demos\/wp-content\/uploads\/2023\/10\/MRPbibliotheque-1.jpg",300,300,false],"1536x1536":["https:\/\/www.maison-rhenanie-palatinat.org\/demos\/wp-content\/uploads\/2023\/10\/MRPbibliotheque-1.jpg",300,300,false],"2048x2048":["https:\/\/www.maison-rhenanie-palatinat.org\/demos\/wp-content\/uploads\/2023\/10\/MRPbibliotheque-1.jpg",300,300,false]},"uagb_author_info":{"display_name":"admin","author_link":"https:\/\/www.maison-rhenanie-palatinat.org\/demos\/author\/admin\/"},"uagb_comment_info":0,"uagb_excerpt":"Venez d\u00e9couvrir la\u00a0(kleine aber feine)\u00a0biblioth\u00e8que de la Maison de Rh\u00e9nanie-Palatinat, elle est ouverte \u00e0 toutes et \u00e0 tous ! \u2026\u00a0vous \u00eates int\u00e9ress\u00e9.e par la litt\u00e9rature allemande ? Nous vous proposons une collection de livres allemands (il y a \u00e9galement des livres en langue fran\u00e7aise) pour tous les go\u00fbts et tous les \u00e2ges, que vous pouvez...","_links":{"self":[{"href":"https:\/\/www.maison-rhenanie-palatinat.org\/demos\/wp-json\/wp\/v2\/pages\/29"}],"collection":[{"href":"https:\/\/www.maison-rhenanie-palatinat.org\/demos\/wp-json\/wp\/v2\/pages"}],"about":[{"href":"https:\/\/www.maison-rhenanie-palatinat.org\/demos\/wp-json\/wp\/v2\/types\/page"}],"author":[{"embeddable":true,"href":"https:\/\/www.maison-rhenanie-palatinat.org\/demos\/wp-json\/wp\/v2\/users\/1"}],"replies":[{"embeddable":true,"href":"https:\/\/www.maison-rhenanie-palatinat.org\/demos\/wp-json\/wp\/v2\/comments?post=29"}],"version-history":[{"count":18,"href":"https:\/\/www.maison-rhenanie-palatinat.org\/demos\/wp-json\/wp\/v2\/pages\/29\/revisions"}],"predecessor-version":[{"id":27690,"href":"https:\/\/www.maison-rhenanie-palatinat.org\/demos\/wp-json\/wp\/v2\/pages\/29\/revisions\/27690"}],"wp:featuredmedia":[{"embeddable":true,"href":"https:\/\/www.maison-rhenanie-palatinat.org\/demos\/wp-json\/wp\/v2\/media\/27689"}],"wp:attachment":[{"href":"https:\/\/www.maison-rhenanie-palatinat.org\/demos\/wp-json\/wp\/v2\/media?parent=29"}],"curies":[{"name":"wp","href":"https:\/\/api.w.org\/{rel}","templated":true}]}}