{"id":303,"date":"2009-01-22T17:00:17","date_gmt":"2009-01-22T15:00:17","guid":{"rendered":"http:\/\/www.maison-rhenanie-palatinat.org\/?page_id=303"},"modified":"2022-11-05T17:34:43","modified_gmt":"2022-11-05T15:34:43","slug":"conseil-d-administration","status":"publish","type":"page","link":"https:\/\/www.maison-rhenanie-palatinat.org\/demos\/about-2\/conseil-d-administration\/","title":{"rendered":"Conseil d&rsquo;administration"},"content":{"rendered":"<style>.kt-tabs-id_5a4088-8c > .kt-tabs-content-wrap > .wp-block-kadence-tab{border-top-width:3px;border-right-width:0px;border-bottom-width:0px;border-left-width:0px;border-color:#0a6689;border-top-left-radius:0px;border-top-right-radius:0px;border-bottom-right-radius:0px;border-bottom-left-radius:0px;padding-top:var(--global-kb-spacing-sm, 1.5rem);padding-right:var(--global-kb-spacing-sm, 1.5rem);padding-bottom:var(--global-kb-spacing-sm, 1.5rem);padding-left:var(--global-kb-spacing-sm, 1.5rem);background:#ffffff;}.wp-block-kadence-tabs .kt-tabs-id_5a4088-8c > .kt-tabs-title-list li{margin-top:0px;margin-right:8px;margin-bottom:0px;margin-left:0px;}.wp-block-kadence-tabs .kt-tabs-id_5a4088-8c > .kt-tabs-title-list li:last-child{margin-right:0px;}.wp-block-kadence-tabs .kt-tabs-id_5a4088-8c > .kt-tabs-title-list li .kt-tab-title, .wp-block-kadence-tabs .kt-tabs-id_5a4088-8c > .kt-tabs-content-wrap > .kt-tabs-accordion-title .kt-tab-title{font-size:1.1em;line-height:1.4em;font-weight:regular;font-style:normal;border-top-width:0px;border-right-width:0px;border-bottom-width:0px;border-left-width:0px;border-top-left-radius:9px;border-top-right-radius:9px;border-bottom-right-radius:0px;border-bottom-left-radius:0px;padding-top:8px;padding-right:40px;padding-bottom:8px;padding-left:40px;border-color:#eeeeee;color:#222222;background:#ffc200;}.wp-block-kadence-tabs .kt-tabs-id_5a4088-8c > .kt-tabs-content-wrap > .kt-tabs-accordion-title .kt-tab-title{margin-top:0px;margin-right:8px;margin-bottom:0px;margin-left:0px;}.wp-block-kadence-tabs .kt-tabs-id_5a4088-8c > .kt-tabs-title-list li .kt-tab-title:hover, .wp-block-kadence-tabs .kt-tabs-id_5a4088-8c > .kt-tabs-content-wrap > .kt-tabs-accordion-title .kt-tab-title:hover{border-color:#eeeeee;color:#222222;background:#e2e2e2;}.wp-block-kadence-tabs .kt-tabs-id_5a4088-8c > .kt-tabs-title-list li.kt-tab-title-active .kt-tab-title, .wp-block-kadence-tabs .kt-tabs-id_5a4088-8c > .kt-tabs-content-wrap > .kt-tabs-accordion-title.kt-tab-title-active .kt-tab-title{border-color:#eeeeee;color:#ffffff;background:#4aa2c3;}<\/style>\n<div class=\"wp-block-kadence-tabs alignnone\"><div class=\"kt-tabs-wrap kt-tabs-id_5a4088-8c kt-tabs-has-2-tabs kt-active-tab-1 kt-tabs-layout-tabs kt-tabs-tablet-layout-inherit kt-tabs-mobile-layout-inherit kt-tab-alignment-left \" style=\"max-width:none\"><ul class=\"kt-tabs-title-list\"><li id=\"tab-francais\" class=\"kt-title-item kt-title-item-1 kt-tabs-svg-show-always kt-tabs-icon-side-right kt-tab-title-active\"><a href=\"#tab-francais\" data-tab=\"1\" class=\"kt-tab-title kt-tab-title-1 \"><span class=\"kt-title-text\">Francais<\/span><\/a><\/li><li id=\"tab-deutsch\" class=\"kt-title-item kt-title-item-2 kt-tabs-svg-show-always kt-tabs-icon-side-right kt-tab-title-inactive\"><a href=\"#tab-deutsch\" data-tab=\"2\" class=\"kt-tab-title kt-tab-title-2 \"><span class=\"kt-title-text\">Deutsch<\/span><\/a><\/li><\/ul><div class=\"kt-tabs-content-wrap\">\n<div class=\"wp-block-kadence-tab kt-tab-inner-content kt-inner-tab-1 kt-inner-tab_7c5031-b4\"><div class=\"kt-tab-inner-content-inner\"><style>.wp-block-kadence-advancedheading.kt-adv-heading_58faae-ed, .wp-block-kadence-advancedheading.kt-adv-heading_58faae-ed[data-kb-block=\"kb-adv-heading_58faae-ed\"]{padding-top:12px;padding-bottom:12px;font-style:normal;}.wp-block-kadence-advancedheading.kt-adv-heading_58faae-ed mark, .wp-block-kadence-advancedheading.kt-adv-heading_58faae-ed[data-kb-block=\"kb-adv-heading_58faae-ed\"] mark{font-style:normal;color:#f76a0c;padding-top:0px;padding-right:0px;padding-bottom:0px;padding-left:0px;}<\/style>\n<h3 class=\"kt-adv-heading_58faae-ed wp-block-kadence-advancedheading\" data-kb-block=\"kb-adv-heading_58faae-ed\"><strong>La Maison de Rh\u00e9nanie-Palatinat est une association de type loi 1901, dont le si\u00e8ge est \u00e0 Mayence.<\/strong><\/h3>\n\n\n\n<p><strong>Son conseil d&rsquo;administration est compos\u00e9 de :<\/strong><\/p>\n\n\n\n<ul><li><strong>Hendrik HERING<\/strong> &#8211; Pr\u00e9sident de l&rsquo;association \u00ab\u00a0Maison de Rh\u00e9nanie-Palatinat\u00a0\u00bb, Pr\u00e9sident du Landtag de Rh\u00e9nanie-Palatinat<\/li><li><strong>Joachim <\/strong><strong>MERTES<\/strong>, Vice-Pr\u00e9sident de l&rsquo;association \u00ab\u00a0Maison de Rh\u00e9nanie-Palatinat\u00a0\u00bb, Pr\u00e9sident du Partnerschaftsverband Rheinland-Pfalz Burgund, ancien Pr\u00e9sident du Landtag de Rh\u00e9nanie-Palatinat<\/li><li><strong>Ruth RATTER<\/strong>, Vice-Pr\u00e9sidente de l&rsquo;association \u00ab\u00a0Maison de Rh\u00e9nanie-Palatinat\u00a0\u00bb, Vice-Pr\u00e9sidente du Partnerschaftsverband Rheinland-Pfalz Burgund<\/li><li><strong>Brigitte HAYN<\/strong>, Vice-Pr\u00e9sidente de l&rsquo;association \u00ab\u00a0Maison de Rh\u00e9nanie-Palatinat\u00a0\u00bb, Vice-Pr\u00e9sidente du Partnerschaftsverband Rheinland-Pfalz Burgund<\/li><li><strong>Barbara SCHLEICHER-ROTHMUND<\/strong>, Tr\u00e9sori\u00e8re de l&rsquo;association \u00ab\u00a0Maison de Rh\u00e9nanie-Palatinat\u00a0\u00bb, Vice-Pr\u00e9sidente du Landtag de Rh\u00e9nanie-Palatinat, repr\u00e9sentante des \u00e9lus du groupement des Sociaux-D\u00e9mocrates (SPD) pour le Landtag de Rh\u00e9nanie-Palatinat \u00e0 l&rsquo;association \u00ab\u00a0Maison de Rh\u00e9nanie-Palatinat\u00a0\u00bb<\/li><li><strong>Hans-Josef BRACHT<\/strong> &#8211; Vice-Pr\u00e9sident du Landtag de Rh\u00e9nanie-Palatinat, Repr\u00e9sentant des \u00e9lus du groupement des Chr\u00e9tiens-D\u00e9mocrates (CDU) pour le Landtag de Rh\u00e9nanie-Palatinat \u00e0 l&rsquo;association \u00ab\u00a0Maison de Rh\u00e9nanie-Palatinat\u00a0\u00bb<\/li><li><strong>Martin Louis SCHMIDT<\/strong> <strong>&#8211;<\/strong> Repr\u00e9sentant des \u00e9lus du groupement Alternative f\u00fcr Deutschland (AfD) pour le Landtag de Rh\u00e9nanie-Palatinat \u00e0 l&rsquo;association \u00ab\u00a0Maison de Rh\u00e9nanie-Palatinat\u00a0\u00bb<\/li><li><strong>Cornelia WILLIUS-SENZER &#8211; <\/strong>Repr\u00e9sentante des \u00e9lus du groupement des Lib\u00e9raux-D\u00e9mocrates (FDP) pour le Landtag de Rh\u00e9nanie-Palatinat \u00e0 l&rsquo;association \u00ab\u00a0Maison de Rh\u00e9nanie-Palatinat\u00a0\u00bb<\/li><li><strong>Kurt MERKATOR<\/strong>, Adjoint aux affaires sociales, aux enfants, \u00e0 la jeunesse, aux \u00e9tablissements scolaires et \u00e0 la sant\u00e9 de la Ville de Mayence<\/li><\/ul>\n<\/div><\/div>\n\n\n\n<div class=\"wp-block-kadence-tab kt-tab-inner-content kt-inner-tab-2 kt-inner-tab_f95c69-03\"><div class=\"kt-tab-inner-content-inner\"><style>.wp-block-kadence-advancedheading.kt-adv-heading_ffa17a-94, .wp-block-kadence-advancedheading.kt-adv-heading_ffa17a-94[data-kb-block=\"kb-adv-heading_ffa17a-94\"]{padding-top:12px;padding-bottom:12px;font-style:normal;}.wp-block-kadence-advancedheading.kt-adv-heading_ffa17a-94 mark, .wp-block-kadence-advancedheading.kt-adv-heading_ffa17a-94[data-kb-block=\"kb-adv-heading_ffa17a-94\"] mark{font-style:normal;color:#f76a0c;padding-top:0px;padding-right:0px;padding-bottom:0px;padding-left:0px;}<\/style>\n<h3 class=\"kt-adv-heading_ffa17a-94 wp-block-kadence-advancedheading\" data-kb-block=\"kb-adv-heading_ffa17a-94\"><strong>Das Haus Rheinland-Pfalz ist ein gemeinn\u00fctziger Verein mit Sitz in Mainz.<\/strong><\/h3>\n\n\n\n<p><strong>Der Vorstand setzt sich wie folgt zusammen:<\/strong><\/p>\n\n\n\n<ul><li><strong>Hendrik HERING<\/strong> &#8211; Erster Vorsitzender<br>Pr\u00e4sident des Landtags Rheinland-Pfalz<\/li><\/ul>\n\n\n\n<ul><li><strong>Joachim MERTES<\/strong> &#8211; stellvertretender Vorsitzender<br>als Pr\u00e4sident des Partnerschaftsverbandes Rheinland-Pfalz\/Burgund, Landtagspr\u00e4sident a. D.<\/li><li><strong>Ruth RATTER<\/strong>, stellvertretende Vorsitzende<br>als Vizepr\u00e4sidentin des Partnerschaftsverbandes Rheinland-Pfalz\/Burgund<\/li><li><strong>Brigitte HAYN<\/strong> &#8211; stellvertretende Vorsitzende<br>als Vizepr\u00e4sidentin des Partnerschaftsverbandes Rheinland-Pfalz\/Burgund<\/li><\/ul>\n\n\n\n<ul><li><strong>Barbara SCHLEICHER-ROTHMUND, MdL<\/strong> &#8211; Schatzmeisterin<br>Vizepr\u00e4sidentin des Landtags Rheinland-Pfalz, Vorstandsmitglied auf Vorschlag der SPD-Fraktion<\/li><li><strong>Hans-Josef BRACHT, MdL<\/strong> &#8211; Vizepr\u00e4sident des Landtags Rheinland-Pfalz, Vorstandsmitglied auf Vorschlag der CDU-Fraktion<\/li><\/ul>\n\n\n\n<ul><li><strong>Martin Louis SCHMIDT, MdL&nbsp; &#8211;&nbsp;<\/strong> Vorstandsmitglied auf Vorschlag der AfD-Fraktion<\/li><li><strong>Cornelia WILLIUS-SENZER, MdL&nbsp; &#8211;&nbsp;<\/strong> Vorstandsmitglied auf Vorschlag der FDP-Fraktion<\/li><li><strong>Kurt MERKATOR &#8211;<\/strong> Vorstandsmitglied auf Vorschlag der Stadt Mainz<\/li><\/ul>\n<\/div><\/div>\n<\/div><\/div><\/div>\n\n\n","protected":false},"excerpt":{"rendered":"","protected":false},"author":1,"featured_media":0,"parent":9,"menu_order":6,"comment_status":"closed","ping_status":"closed","template":"","meta":{"_acf_changed":false,"_piecal_is_event":false,"_piecal_start_date":"","_piecal_end_date":"","_piecal_is_allday":false,"_uag_custom_page_level_css":"","_kad_blocks_custom_css":"","_kad_blocks_head_custom_js":"","_kad_blocks_body_custom_js":"","_kad_blocks_footer_custom_js":"","_kadence_starter_templates_imported_post":false,"_kad_post_transparent":"","_kad_post_title":"","_kad_post_layout":"","_kad_post_sidebar_id":"","_kad_post_content_style":"","_kad_post_vertical_padding":"","_kad_post_feature":"","_kad_post_feature_position":"","_kad_post_header":false,"_kad_post_footer":false,"footnotes":""},"acf":[],"taxonomy_info":[],"featured_image_src_large":false,"author_info":{"display_name":"admin","author_link":"https:\/\/www.maison-rhenanie-palatinat.org\/demos\/author\/admin\/"},"comment_info":0,"uagb_featured_image_src":{"full":false,"thumbnail":false,"medium":false,"medium_large":false,"large":false,"1536x1536":false,"2048x2048":false},"uagb_author_info":{"display_name":"admin","author_link":"https:\/\/www.maison-rhenanie-palatinat.org\/demos\/author\/admin\/"},"uagb_comment_info":0,"uagb_excerpt":null,"_links":{"self":[{"href":"https:\/\/www.maison-rhenanie-palatinat.org\/demos\/wp-json\/wp\/v2\/pages\/303"}],"collection":[{"href":"https:\/\/www.maison-rhenanie-palatinat.org\/demos\/wp-json\/wp\/v2\/pages"}],"about":[{"href":"https:\/\/www.maison-rhenanie-palatinat.org\/demos\/wp-json\/wp\/v2\/types\/page"}],"author":[{"embeddable":true,"href":"https:\/\/www.maison-rhenanie-palatinat.org\/demos\/wp-json\/wp\/v2\/users\/1"}],"replies":[{"embeddable":true,"href":"https:\/\/www.maison-rhenanie-palatinat.org\/demos\/wp-json\/wp\/v2\/comments?post=303"}],"version-history":[{"count":36,"href":"https:\/\/www.maison-rhenanie-palatinat.org\/demos\/wp-json\/wp\/v2\/pages\/303\/revisions"}],"predecessor-version":[{"id":26258,"href":"https:\/\/www.maison-rhenanie-palatinat.org\/demos\/wp-json\/wp\/v2\/pages\/303\/revisions\/26258"}],"up":[{"embeddable":true,"href":"https:\/\/www.maison-rhenanie-palatinat.org\/demos\/wp-json\/wp\/v2\/pages\/9"}],"wp:attachment":[{"href":"https:\/\/www.maison-rhenanie-palatinat.org\/demos\/wp-json\/wp\/v2\/media?parent=303"}],"curies":[{"name":"wp","href":"https:\/\/api.w.org\/{rel}","templated":true}]}}