{"id":322,"date":"2009-01-22T17:49:05","date_gmt":"2009-01-22T15:49:05","guid":{"rendered":"http:\/\/www.maison-rhenanie-palatinat.org\/?page_id=322"},"modified":"2022-11-03T18:37:48","modified_gmt":"2022-11-03T16:37:48","slug":"partenaires","status":"publish","type":"page","link":"https:\/\/www.maison-rhenanie-palatinat.org\/demos\/about-2\/partenaires\/","title":{"rendered":"Partenaires"},"content":{"rendered":"<style>#kt-layout-id_a65c0d-e2 > .kt-row-column-wrap{align-content:start;}:where(#kt-layout-id_a65c0d-e2 > .kt-row-column-wrap) > .wp-block-kadence-column{justify-content:start;}#kt-layout-id_a65c0d-e2 > .kt-row-column-wrap{column-gap:var(--global-kb-gap-md, 2rem);row-gap:var(--global-kb-gap-md, 2rem);padding-top:var( --global-kb-row-default-top, 25px );padding-bottom:var( --global-kb-row-default-bottom, 25px );padding-top:var(--global-kb-spacing-sm, 1.5rem);padding-bottom:var(--global-kb-spacing-sm, 1.5rem);grid-template-columns:minmax(0, 1fr);}#kt-layout-id_a65c0d-e2 > .kt-row-layout-overlay{opacity:0.30;}@media all and (max-width: 1024px){#kt-layout-id_a65c0d-e2 > .kt-row-column-wrap{grid-template-columns:minmax(0, 1fr);}}@media all and (max-width: 767px){#kt-layout-id_a65c0d-e2 > .kt-row-column-wrap{grid-template-columns:minmax(0, 1fr);}}<\/style>\n<div class=\"wp-block-kadence-rowlayout alignnone\"><div id=\"kt-layout-id_a65c0d-e2\" class=\"kt-row-layout-inner kt-layout-id_a65c0d-e2\"><div class=\"kt-row-column-wrap kt-has-1-columns kt-gutter-default kt-v-gutter-default kt-row-valign-top kt-row-layout-equal kt-tab-layout-inherit kt-m-colapse-left-to-right kt-mobile-layout-row\"><style>.kadence-column_85b97d-c3 > .kt-inside-inner-col{border-top-width:0px;border-right-width:0px;border-bottom-width:0px;border-left-width:0px;}.kadence-column_85b97d-c3 > .kt-inside-inner-col,.kadence-column_85b97d-c3 > .kt-inside-inner-col:before{border-top-left-radius:0px;border-top-right-radius:0px;border-bottom-right-radius:0px;border-bottom-left-radius:0px;}.kadence-column_85b97d-c3 > .kt-inside-inner-col{column-gap:var(--global-kb-gap-sm, 1rem);}.kadence-column_85b97d-c3 > .kt-inside-inner-col{flex-direction:column;}.kadence-column_85b97d-c3 > .kt-inside-inner-col > .aligncenter{width:100%;}.kadence-column_85b97d-c3 > .kt-inside-inner-col:before{opacity:0.3;}.kadence-column_85b97d-c3{position:relative;}@media all and (max-width: 1024px){.kadence-column_85b97d-c3 > .kt-inside-inner-col{flex-direction:column;}}@media all and (max-width: 767px){.kadence-column_85b97d-c3 > .kt-inside-inner-col{flex-direction:column;}}<\/style>\n<div class=\"wp-block-kadence-column inner-column-1 kadence-column_85b97d-c3\"><div class=\"kt-inside-inner-col\"><style>.kt-tabs-id_9bebef-59 > .kt-tabs-content-wrap > .wp-block-kadence-tab{border-top-width:3px;border-right-width:0px;border-bottom-width:0px;border-left-width:0px;border-color:#0a6689;border-top-left-radius:0px;border-top-right-radius:0px;border-bottom-right-radius:0px;border-bottom-left-radius:0px;padding-top:var(--global-kb-spacing-sm, 1.5rem);padding-right:var(--global-kb-spacing-sm, 1.5rem);padding-bottom:var(--global-kb-spacing-sm, 1.5rem);padding-left:var(--global-kb-spacing-sm, 1.5rem);background:#ffffff;}.wp-block-kadence-tabs .kt-tabs-id_9bebef-59 > .kt-tabs-title-list li{margin-top:0px;margin-right:8px;margin-bottom:0px;margin-left:0px;}.wp-block-kadence-tabs .kt-tabs-id_9bebef-59 > .kt-tabs-title-list li:last-child{margin-right:0px;}.wp-block-kadence-tabs .kt-tabs-id_9bebef-59 > .kt-tabs-title-list li .kt-tab-title, .wp-block-kadence-tabs .kt-tabs-id_9bebef-59 > .kt-tabs-content-wrap > .kt-tabs-accordion-title .kt-tab-title{font-size:1.1em;line-height:1.4em;font-weight:regular;font-style:normal;border-top-width:0px;border-right-width:0px;border-bottom-width:0px;border-left-width:0px;border-top-left-radius:4px;border-top-right-radius:4px;border-bottom-right-radius:0px;border-bottom-left-radius:0px;padding-top:8px;padding-right:20px;padding-bottom:8px;padding-left:20px;border-color:#eeeeee;color:#222222;background:#eeeeee;}.wp-block-kadence-tabs .kt-tabs-id_9bebef-59 > .kt-tabs-content-wrap > .kt-tabs-accordion-title .kt-tab-title{margin-top:0px;margin-right:8px;margin-bottom:0px;margin-left:0px;}.wp-block-kadence-tabs .kt-tabs-id_9bebef-59 > .kt-tabs-title-list li .kt-tab-title:hover, .wp-block-kadence-tabs .kt-tabs-id_9bebef-59 > .kt-tabs-content-wrap > .kt-tabs-accordion-title .kt-tab-title:hover{border-color:#eeeeee;color:#222222;background:#e2e2e2;}.wp-block-kadence-tabs .kt-tabs-id_9bebef-59 > .kt-tabs-title-list li.kt-tab-title-active .kt-tab-title, .wp-block-kadence-tabs .kt-tabs-id_9bebef-59 > .kt-tabs-content-wrap > .kt-tabs-accordion-title.kt-tab-title-active .kt-tab-title{border-color:#eeeeee;color:#ffffff;background:#0a6689;}<\/style>\n<div class=\"wp-block-kadence-tabs alignnone\"><div class=\"kt-tabs-wrap kt-tabs-id_9bebef-59 kt-tabs-has-2-tabs kt-active-tab-2 kt-tabs-layout-tabs kt-tabs-tablet-layout-inherit kt-tabs-mobile-layout-inherit kt-tab-alignment-left \" style=\"max-width:none\"><ul class=\"kt-tabs-title-list\"><li id=\"tab-francais\" class=\"kt-title-item kt-title-item-1 kt-tabs-svg-show-always kt-tabs-icon-side-right kt-tab-title-inactive\"><a href=\"#tab-francais\" data-tab=\"1\" class=\"kt-tab-title kt-tab-title-1 \"><span class=\"kt-title-text\">Francais<\/span><\/a><\/li><li id=\"tab-deutsch\" class=\"kt-title-item kt-title-item-2 kt-tabs-svg-show-always kt-tabs-icon-side-right kt-tab-title-active\"><a href=\"#tab-deutsch\" data-tab=\"2\" class=\"kt-tab-title kt-tab-title-2 \"><span class=\"kt-title-text\">Deutsch<\/span><\/a><\/li><\/ul><div class=\"kt-tabs-content-wrap\">\n<div class=\"wp-block-kadence-tab kt-tab-inner-content kt-inner-tab-1 kt-inner-tab_aa42e2-3e\"><div class=\"kt-tab-inner-content-inner\">\n<p><strong>La Maison de Rh\u00e9nanie-Palatinat est financ\u00e9e par<\/strong><\/p>\n\n\n\n<ul><li><a href=\"http:\/\/www.landtag.rlp.de\/\" target=\"_blank\" rel=\"noreferrer noopener\">Landtag Rheinland-Pfalz, Mainz<\/a><\/li><li><a href=\"https:\/\/www.bourgognefranchecomte.fr\/\" target=\"_blank\" rel=\"noreferrer noopener\">Conseil r\u00e9gional de Bourgogne-Franche-Comt\u00e9, Dijon<\/a><\/li><li><a href=\"http:\/\/www.mwkel.rlp.de\/Startseite\/\" target=\"_blank\" rel=\"noreferrer noopener\">Ministerium f\u00fcr Wirtschaft, Klimaschutz, Energie und Landesplanung Rheinland-Pfalz, Mainz<\/a><\/li><li><a href=\"http:\/\/msagd.rlp.de\/\" target=\"_blank\" rel=\"noreferrer noopener\">Ministerium f\u00fcr Soziales, Arbeit, Gesundheit und Demografie<\/a><\/li><li><a href=\"http:\/\/www.mainz.de\/\" target=\"_blank\" rel=\"noreferrer noopener\">Stadt Mainz<\/a><\/li><li><a href=\"http:\/\/www.dijon.fr\/\" target=\"_blank\" rel=\"noreferrer noopener\">Ville de Dijon<\/a><\/li><\/ul>\n\n\n\n<p><strong>Les projets de la Maison de Rh\u00e9nanie-Palatinat&nbsp; sont subventionn\u00e9s&nbsp; par<\/strong><\/p>\n\n\n\n<ul><li><a href=\"http:\/\/www.landtag.rlp.de\/\" target=\"_blank\" rel=\"noreferrer noopener\">Landtag Rheinland-Pfalz, Mainz<\/a><\/li><li><a href=\"http:\/\/www.stk.rlp.de\/\" target=\"_blank\" rel=\"noreferrer noopener\">Staatskanzlei Rheinland-Pfalz, Mainz<\/a><\/li><li><a href=\"https:\/\/www.bourgognefranchecomte.fr\/\" target=\"_blank\" rel=\"noreferrer noopener\">Conseil r\u00e9gional de Bourgogne-Franche-Comt\u00e9, Dijon<\/a><\/li><li><a href=\"http:\/\/www.dijon.fr\/\" target=\"_blank\" rel=\"noreferrer noopener\">Ville de Dijon<\/a><\/li><li><a href=\"http:\/\/www.auswaertiges-amt.de\/\" target=\"_blank\" rel=\"noreferrer noopener\">Ausw\u00e4rtiges Amt der Bundesrepublik Deutschland, Berlin<\/a><\/li><li><a href=\"http:\/\/www.bosch-stiftung.de\/\" target=\"_blank\" rel=\"noreferrer noopener\">Robert-Bosch-Stiftung, Stuttgart<\/a><\/li><li><a href=\"http:\/\/www.mbwwk.rlp.de\/\" target=\"_blank\" rel=\"noreferrer noopener\">Ministerium f\u00fcr Bildung, Wissenschaft, Weiterbildung und Kultur, Mainz<\/a><\/li><li><a href=\"http:\/\/www.mercedes-benz.de\/\" target=\"_blank\" rel=\"noreferrer noopener\">Mercedes Benz, Stuttgart<\/a><\/li><li><a href=\"http:\/\/www.dfjw.org\/\" target=\"_blank\" rel=\"noreferrer noopener\">Deutsch-Franz\u00f6sisches Jugendwerk, Paris Berlin<\/a><\/li><li><a href=\"https:\/\/www.goethe.de\/ins\/fr\/de\/\" target=\"_blank\" rel=\"noreferrer noopener\">Goethe-Institut Frankreich<\/a><\/li><\/ul>\n\n\n\n<p><strong>Outre les partenaires cit\u00e9s ci-dessus,&nbsp; la&nbsp; Maison de Rh\u00e9nanie-Palatinat coop\u00e8re&nbsp; r\u00e9guli\u00e8rement en Allemagne avec<\/strong><\/p>\n\n\n\n<ul><li><a href=\"http:\/\/www.lsb-rlp.de\/\" target=\"_blank\" rel=\"noreferrer noopener\">Landessportbund Rheinland-Pfalz, Mainz<\/a><\/li><li><a href=\"http:\/\/www.sportjugend-rlp.de\/\" target=\"_blank\" rel=\"noreferrer noopener\">Sportjugend Rheinland-Pfalz, Mainz<\/a><\/li><li><a href=\"http:\/\/www.daad.de\/\" target=\"_blank\" rel=\"noreferrer noopener\">Deutscher Akademischen Austauschdienst, Paris<\/a>&nbsp;Bonn<\/li><li><a href=\"http:\/\/www.dfi.de\/index.shtml\" target=\"_blank\" rel=\"noreferrer noopener\">Deutsch-Franz\u00f6sisches Institut, Ludwigsburg<\/a><\/li><li><a href=\"http:\/\/www.uni-mainz.de\/\" target=\"_blank\" rel=\"noreferrer noopener\">Johannes-Gutenberg-Universit\u00e4t, Mainz<\/a><\/li><li><a href=\"http:\/\/yb.alroma.de\/\" target=\"_blank\" rel=\"noreferrer noopener\">Partnerschaftsverband Rheinland-Pfalz Burgund, Mainz<\/a><\/li><li><a href=\"http:\/\/www.eu-netz-rlp-saar.de\/\" target=\"_blank\" rel=\"noreferrer noopener\">Enterprise Europe Network Rheinland-Pfalz<\/a><\/li><li><a href=\"http:\/\/www.haus-burgund.de\/\" target=\"_blank\" rel=\"noreferrer noopener\">Maison de Bourgogne, Mainz<\/a><\/li><\/ul>\n\n\n\n<p><strong>et&nbsp; en France avec<\/strong><\/p>\n\n\n\n<ul><li><a href=\"http:\/\/www.ac-dijon.fr\/\" target=\"_blank\" rel=\"noreferrer noopener\">Rectorat de l\u2019Acad\u00e9mie de Dijon, Dijon<\/a><\/li><li><a href=\"http:\/\/www.ucbrp.asso.fr\/\" target=\"_blank\" rel=\"noreferrer noopener\">Union pour la Coop\u00e9ration Bourgogne Rh\u00e9nanie-Palatinat, Dijon<\/a><\/li><li><a href=\"http:\/\/www.absports.eu\/\" target=\"_blank\" rel=\"noreferrer noopener\">Amicale Bourguignonne de Sports, Dijon<\/a><\/li><li><a href=\"http:\/\/www.u-bourgogne.fr\/\" target=\"_blank\" rel=\"noreferrer noopener\">Universit\u00e9 de Bourgogne, Dijon<\/a><\/li><li><a href=\"http:\/\/www.maisons-franco-allemandes.fr\/\" target=\"_blank\" rel=\"noreferrer noopener\">Membres la F\u00e9d\u00e9ration des Maisons franco-allemandes, Aix en Provence, Brest, Nantes, Nice, Paris, Pau, Tours<\/a><\/li><li><a href=\"http:\/\/www.paris.diplo.de\/Vertretung\/paris\/fr\/Startseite.html\" target=\"_blank\" rel=\"noreferrer noopener\">Ambassade de la R\u00e9publique f\u00e9d\u00e9rale d&rsquo;Allemagne \u00e0 Paris<\/a><\/li><li><a href=\"http:\/\/www.goethe.de\/ins\/fr\/lp\/frindex.htm\" target=\"_blank\" rel=\"noreferrer noopener\">Goethe-Institut, Frankreich<\/a><\/li><li><a href=\"http:\/\/www.allemagne-tourisme.com\/\" target=\"_blank\" rel=\"noreferrer noopener\">Deutsche Zentrale f\u00fcr Tourismus, Paris<\/a><\/li><li><a href=\"http:\/\/www.cidal.diplo.de\/\" target=\"_blank\" rel=\"noreferrer noopener\">Centre d\u2019Information de l\u2019Ambassade d\u2019Allemagne in Paris<\/a><\/li><li><a href=\"http:\/\/www.lyon.diplo.de\/\" target=\"_blank\" rel=\"noreferrer noopener\">Consulat g\u00e9n\u00e9ral de la R\u00e9publique f\u00e9d\u00e9rale d\u2019Allemagne, Lyon<\/a><\/li><li><a href=\"http:\/\/www.crous-dijon.fr\/\" target=\"_blank\" rel=\"noreferrer noopener\">CROUS, Dijon<\/a><\/li><li><a href=\"http:\/\/www.est-europe.sciences-po.fr\/\" target=\"_blank\" rel=\"noreferrer noopener\">Sciences-Po, Dijon<\/a><\/li><li><a href=\"http:\/\/www.justice.gouv.fr\/recherche-juridictions\/mapjurid.php?cour=dijon\" target=\"_blank\" rel=\"noreferrer noopener\">Cour d&rsquo;Appel de Dijon<\/a><\/li><li><a href=\"http:\/\/www.barreau-dijon.avocat.fr\/\" target=\"_blank\" rel=\"noreferrer noopener\">Ordre des avocats, Dijon<\/a><\/li><li><a href=\"http:\/\/www.cci21.fr\/\" target=\"_blank\" rel=\"noreferrer noopener\">CCI C\u00f4te d&rsquo;Or, Dijon<\/a><\/li><li><a href=\"http:\/\/www.bourgogne.cci.fr\/\" target=\"_blank\" rel=\"noreferrer noopener\">CCIR Bourgogne, Dijon<\/a><\/li><li><a href=\"http:\/\/www.ardiebourgogne.com\/\" target=\"_blank\" rel=\"noreferrer noopener\">Agence R\u00e9gionale du D\u00e9veloppement de l\u2019Innovation et de l\u2019Economie en Bourgogne, Dijon<\/a><\/li><li><a href=\"http:\/\/www.cirac.u-cergy.fr\/\" target=\"_blank\" rel=\"noreferrer noopener\">Centre d\u2019Information et de Recherche sur l\u2019Allemagne contemporaine, Paris<\/a><\/li><li><a href=\"http:\/\/www.lavoixdesmots.fr\/\" target=\"_blank\" rel=\"noreferrer noopener\">La voix des mots, Dijon<\/a><\/li><li><a href=\"http:\/\/www.leroidesaulnes.org\/\" target=\"_blank\" rel=\"noreferrer noopener\">Les amis du Roi des Aulnes, Paris<\/a><\/li><\/ul>\n<\/div><\/div>\n\n\n\n<div class=\"wp-block-kadence-tab kt-tab-inner-content kt-inner-tab-2 kt-inner-tab_8298c9-2a\"><div class=\"kt-tab-inner-content-inner\">\n<p><strong>Das Haus Rheinland-Pfalz wird getragen von<\/strong><\/p>\n\n\n\n<ul><li><a href=\"http:\/\/www.landtag.rlp.de\/\" target=\"_blank\" rel=\"noreferrer noopener\">Landtag Rheinland-Pfalz, Mainz<\/a><\/li><li><a href=\"https:\/\/www.bourgognefranchecomte.fr\/\" target=\"_blank\" rel=\"noreferrer noopener\">Conseil r\u00e9gional de Bourgogne-Franche-Comt\u00e9, Dijon<\/a><\/li><li><a href=\"http:\/\/www.mwkel.rlp.de\/Startseite\/\" target=\"_blank\" rel=\"noreferrer noopener\">Ministerium f\u00fcr Wirtschaft, Klimaschutz, Energie und Landesplanung Rheinland-Pfalz, Mainz<\/a><\/li><li><a href=\"http:\/\/msagd.rlp.de\/\" target=\"_blank\" rel=\"noreferrer noopener\">Ministerium f\u00fcr Soziales, Arbeit, Gesundheit und Demografie<\/a><\/li><li><a href=\"http:\/\/www.mainz.de\/WGAPublisher\/online\/html\/default\/home\">Stadt Mainz<\/a><\/li><li><a href=\"http:\/\/www.dijon.fr\/\" target=\"_blank\" rel=\"noreferrer noopener\">Ville de Dijon<\/a><\/li><\/ul>\n\n\n\n<p><strong>Die Projekte des Hauses Rheinland-Pfalz werden unterst\u00fctzt von<\/strong><\/p>\n\n\n\n<ul><li><a href=\"http:\/\/www.landtag.rlp.de\/\" target=\"_blank\" rel=\"noreferrer noopener\">Landtag Rheinland-Pfalz, Mainz<\/a><\/li><li><a href=\"http:\/\/www.stk.rlp.de\/\" target=\"_blank\" rel=\"noreferrer noopener\">Staatskanzlei Rheinland-Pfalz, Mainz<\/a><\/li><li><a href=\"https:\/\/www.bourgognefranchecomte.fr\/\" target=\"_blank\" rel=\"noreferrer noopener\">Conseil r\u00e9gional de Bourgogne-Franche-Comt\u00e9, Dijon<\/a><\/li><li><a href=\"http:\/\/www.dijon.fr\/\" target=\"_blank\" rel=\"noreferrer noopener\">Ville de Dijon<\/a><\/li><li><a href=\"http:\/\/www.auswaertiges-amt.de\/\" target=\"_blank\" rel=\"noreferrer noopener\">Ausw\u00e4rtiges Amt der Bundesrepublik Deutschland, Berlin<\/a><\/li><li><a href=\"http:\/\/www.bosch-stiftung.de\/\" target=\"_blank\" rel=\"noreferrer noopener\">Robert-Bosch-Stiftung, Stuttgart<\/a><\/li><li><a href=\"http:\/\/www.mbwwk.rlp.de\/\" target=\"_blank\" rel=\"noreferrer noopener\">Ministerium f\u00fcr Bildung, Wissenschaft, Weiterbildung und Kultur, Mainz<\/a><\/li><li><a href=\"http:\/\/www.mercedes-benz.de\/\" target=\"_blank\" rel=\"noreferrer noopener\">Mercedes Benz, Stuttgart<\/a><\/li><li><a href=\"http:\/\/www.dfjw.org\/\" target=\"_blank\" rel=\"noreferrer noopener\">Deutsch-Franz\u00f6sisches Jugendwerk, Paris Berlin<\/a><\/li><\/ul>\n\n\n\n<p><strong>Au\u00dfer mit den oben aufgef\u00fchrten Partnern kooperiert das Haus Rheinland-Pfalz regelm\u00e4\u00dfig mit folgenden Vereinen, Verb\u00e4nden und Einrichtungen in Deutschland:<\/strong><\/p>\n\n\n\n<ul><li><a href=\"http:\/\/www.lsb-rlp.de\/\" target=\"_blank\" rel=\"noreferrer noopener\">Landessportbund Rheinland-Pfalz, Mainz<\/a><\/li><li><a href=\"http:\/\/http\/\/www.sportjugend.de\/\" target=\"_blank\" rel=\"noreferrer noopener\">Landesportjugend Rheinland-Pfalz, Mainz<\/a><\/li><li><a href=\"http:\/\/www.daad.de\/\" target=\"_blank\" rel=\"noreferrer noopener\">Deutscher Akademischen Austauschdienst, Paris<\/a>&nbsp;Bonn<\/li><li><a href=\"http:\/\/www.dfi.de\/index.shtml\">Deutsch-Franz\u00f6sisches Institut, Ludwigsburg<\/a><\/li><li><a href=\"http:\/\/www.uni-mainz.de\/\">Johannes-Gutenberg-Universit\u00e4t, Mainz<\/a><\/li><li><a href=\"http:\/\/http\/\/yb.alroma.de\" target=\"_blank\" rel=\"noreferrer noopener\">Partnerschaftsverband Rheinland-Pfalz Burgund, Mainz<\/a><\/li><li><a href=\"http:\/\/www.eu-netz-rlp-saar.de\/\">Enterprise Europe Network Rheinland-Pfalz<\/a><\/li><li><a href=\"http:\/\/www.haus-burgund.de\/\" target=\"_blank\" rel=\"noreferrer noopener\">Maison de Bourgogne, Mainz<\/a><\/li><\/ul>\n\n\n\n<p><strong>\u2026und in Frankreich mit:<\/strong><\/p>\n\n\n\n<ul><li><a href=\"http:\/\/www.ac-dijon.fr\/\" target=\"_blank\" rel=\"noreferrer noopener\">Rectorat de l\u2019Acad\u00e9mie de Dijon, Dijon<\/a><\/li><li><a href=\"http:\/\/www.ucbrp.asso.fr\/\" target=\"_blank\" rel=\"noreferrer noopener\">Union pour la Coop\u00e9ration Bourgogne Rh\u00e9nanie-Palatinat, Dijon<\/a><\/li><li><a href=\"http:\/\/www.absports.eu\/\">Amicale Bourguignonne de Sports, Dijon<\/a><\/li><li><a href=\"http:\/\/www.u-bourgogne.fr\/\" target=\"_blank\" rel=\"noreferrer noopener\">Universit\u00e9 de Bourgogne, Dijon<\/a><\/li><li><a href=\"http:\/\/www.maisons-franco-allemandes.fr\/\" target=\"_blank\" rel=\"noreferrer noopener\">Membres la F\u00e9d\u00e9ration des Maisons franco-allemandes, Aix en Provence, Brest, Nantes, Nice, Paris, Pau, Tours<\/a><\/li><li><a href=\"http:\/\/http\/\/www.paris.diplo.de\/Vertretung\/paris\/fr\">Ambassade de la R\u00e9publique f\u00e9d\u00e9rale d&rsquo;Allemagne \u00e0 Paris<\/a><\/li><li><a href=\"http:\/\/http\/\/www.goethe.de\/ins\/fr\/lp\/deindex.htm\">Goethe-Institut, Frankreich<\/a><\/li><li><a href=\"http:\/\/www.allemagne-tourisme.com\/\" target=\"_blank\" rel=\"noreferrer noopener\">Deutsche Zentrale f\u00fcr Tourismus, Paris<\/a><\/li><li><a href=\"http:\/\/www.cidal.diplo.de\/\" target=\"_blank\" rel=\"noreferrer noopener\">Centre d\u2019Information de l\u2019Ambassade d\u2019Allemagne in Paris<\/a><\/li><li><a href=\"http:\/\/www.lyon.diplo.de\/\" target=\"_blank\" rel=\"noreferrer noopener\">Consulat g\u00e9n\u00e9ral de la R\u00e9publique f\u00e9d\u00e9rale d\u2019Allemagne, Lyon<\/a><\/li><li><a href=\"http:\/\/www.crous-dijon.fr\/\">CROUS<\/a>, Dijon<\/li><li><a href=\"http:\/\/www.est-europe.sciences-po.fr\/\" target=\"_blank\" rel=\"noreferrer noopener\">SciencesPo, Dijon<\/a><\/li><li><a href=\"http:\/\/fr.wikipedia.org\/wiki\/Cour_d'appel_de_Dijon\">Cour d&rsquo;Appel de Dijon<\/a><\/li><li><a href=\"http:\/\/www.barreau-dijon.avocat.fr\/\">Ordre des avocats, Dijon<\/a><\/li><li><a href=\"http:\/\/www.cci21.fr\/\" target=\"_blank\" rel=\"noreferrer noopener\">CCI C\u00f4te d&rsquo;Or<\/a><\/li><li><a href=\"http:\/\/www.bourgogne.cci.fr\/\">CCIR Bourgogne, Dijon<\/a><\/li><li><a href=\"http:\/\/www.ardiebourgogne.com\/\" target=\"_blank\" rel=\"noreferrer noopener\">Agence R\u00e9gionale du D\u00e9veloppement de l\u2019Innovation et de l\u2019Economie en Bourgogne, Dijon<\/a><\/li><li><a href=\"http:\/\/www.cirac.u-cergy.fr\/\">Centre d\u2019Information et de Recherche sur l\u2019Allemagne contemporaine, Paris<\/a><\/li><li><a href=\"http:\/\/www.tdb-cdn.com\/\" target=\"_blank\" rel=\"noreferrer noopener\">Th\u00e9\u00e2tre Dijon Bourgogne, Dijon<\/a><\/li><li><a href=\"http:\/\/www.lavoixdesmots.fr\/\">la voix des mots, Dijon<\/a><\/li><li><a href=\"http:\/\/www.leroidesaulnes.org\/\">le Roi de Aulnes, Paris<\/a><\/li><\/ul>\n<\/div><\/div>\n<\/div><\/div><\/div>\n<\/div><\/div>\n<\/div><\/div><\/div>\n\n\n","protected":false},"excerpt":{"rendered":"","protected":false},"author":1,"featured_media":0,"parent":9,"menu_order":5,"comment_status":"closed","ping_status":"closed","template":"","meta":{"_acf_changed":false,"_piecal_is_event":false,"_piecal_start_date":"","_piecal_end_date":"","_piecal_is_allday":false,"_uag_custom_page_level_css":"","_kad_blocks_custom_css":"","_kad_blocks_head_custom_js":"","_kad_blocks_body_custom_js":"","_kad_blocks_footer_custom_js":"","_kadence_starter_templates_imported_post":false,"_kad_post_transparent":"","_kad_post_title":"","_kad_post_layout":"","_kad_post_sidebar_id":"","_kad_post_content_style":"","_kad_post_vertical_padding":"","_kad_post_feature":"","_kad_post_feature_position":"","_kad_post_header":false,"_kad_post_footer":false,"footnotes":""},"acf":[],"taxonomy_info":[],"featured_image_src_large":false,"author_info":{"display_name":"admin","author_link":"https:\/\/www.maison-rhenanie-palatinat.org\/demos\/author\/admin\/"},"comment_info":0,"uagb_featured_image_src":{"full":false,"thumbnail":false,"medium":false,"medium_large":false,"large":false,"1536x1536":false,"2048x2048":false},"uagb_author_info":{"display_name":"admin","author_link":"https:\/\/www.maison-rhenanie-palatinat.org\/demos\/author\/admin\/"},"uagb_comment_info":0,"uagb_excerpt":null,"_links":{"self":[{"href":"https:\/\/www.maison-rhenanie-palatinat.org\/demos\/wp-json\/wp\/v2\/pages\/322"}],"collection":[{"href":"https:\/\/www.maison-rhenanie-palatinat.org\/demos\/wp-json\/wp\/v2\/pages"}],"about":[{"href":"https:\/\/www.maison-rhenanie-palatinat.org\/demos\/wp-json\/wp\/v2\/types\/page"}],"author":[{"embeddable":true,"href":"https:\/\/www.maison-rhenanie-palatinat.org\/demos\/wp-json\/wp\/v2\/users\/1"}],"replies":[{"embeddable":true,"href":"https:\/\/www.maison-rhenanie-palatinat.org\/demos\/wp-json\/wp\/v2\/comments?post=322"}],"version-history":[{"count":14,"href":"https:\/\/www.maison-rhenanie-palatinat.org\/demos\/wp-json\/wp\/v2\/pages\/322\/revisions"}],"predecessor-version":[{"id":26164,"href":"https:\/\/www.maison-rhenanie-palatinat.org\/demos\/wp-json\/wp\/v2\/pages\/322\/revisions\/26164"}],"up":[{"embeddable":true,"href":"https:\/\/www.maison-rhenanie-palatinat.org\/demos\/wp-json\/wp\/v2\/pages\/9"}],"wp:attachment":[{"href":"https:\/\/www.maison-rhenanie-palatinat.org\/demos\/wp-json\/wp\/v2\/media?parent=322"}],"curies":[{"name":"wp","href":"https:\/\/api.w.org\/{rel}","templated":true}]}}