{"id":3313,"date":"2011-07-06T09:01:56","date_gmt":"2011-07-06T08:01:56","guid":{"rendered":"http:\/\/www.maison-rhenanie-palatinat.org\/?page_id=3313"},"modified":"2022-11-05T17:06:27","modified_gmt":"2022-11-05T15:06:27","slug":"guide-de-mobilite","status":"publish","type":"page","link":"https:\/\/www.maison-rhenanie-palatinat.org\/demos\/stages-et-mobilite\/guide-de-mobilite\/","title":{"rendered":"Guide de mobilit\u00e9"},"content":{"rendered":"<p>Pour plus de renseignements sur chaque programme, cliquer sur le nom du programme.<\/p>\n<div id=\"inline\">\n<table class=\"inline\" border=\"1\" width=\"100%\" cellspacing=\"0\" cellpadding=\"7\">\n<colgroup>\n<col width=\"55*\" \/>\n<col width=\"100*\" \/>\n<col width=\"54*\" \/>\n<col width=\"47*\" \/> <\/colgroup>\n<tbody>\n<tr>\n<td width=\"21%\">\n<p class=\"western\"><strong>Programmes<\/strong><\/p>\n<\/td>\n<td width=\"39%\">\n<p class=\"western\"><strong>Nom<\/strong><\/p>\n<\/td>\n<td width=\"21%\">\n<p class=\"western\"><strong>Age<\/strong><\/p>\n<\/td>\n<td width=\"18%\">\n<p class=\"western\"><strong>Dur\u00e9e<\/strong><\/p>\n<\/td>\n<\/tr>\n<tr>\n<td rowspan=\"3\" bgcolor=\"#aecf00\" width=\"21%\">\n<p class=\"western\"><strong><span style=\"color: #000000;\">Programmes Scolaires<\/span><\/strong><\/p>\n<\/td>\n<td width=\"39%\">\n<p class=\"western\"><a href=\"http:\/\/www.maison-rhenanie-palatinat.org\/wp-content\/uploads\/2011\/07\/Brigitte-Sauzay.pdf\" target=\"_blank\" rel=\"noopener noreferrer\">Echange Brigitte Sauzay<\/a><\/p>\n<\/td>\n<td width=\"21%\">\n<p class=\"western\">4\u00e8me &#8211; 1\u00e8re<\/p>\n<\/td>\n<td width=\"18%\">\n<p class=\"western\">3 mois<\/p>\n<\/td>\n<\/tr>\n<tr>\n<td width=\"39%\">\n<p class=\"western\"><a href=\"http:\/\/www.maison-rhenanie-palatinat.org\/wp-content\/uploads\/echange-voltaire.png\" target=\"_blank\" rel=\"noopener noreferrer\">Echange Voltaire<\/a><\/p>\n<\/td>\n<td width=\"21%\">\n<p class=\"western\">3\u00e8me \u2013 2nde<\/p>\n<\/td>\n<td width=\"18%\">\n<p class=\"western\">6 mois<\/p>\n<\/td>\n<\/tr>\n<tr>\n<td width=\"39%\">\n<p class=\"western\"><a href=\"http:\/\/www.maison-rhenanie-palatinat.org\/wp-content\/uploads\/2011\/07\/Romain-Rolland.pdf\" target=\"_blank\" rel=\"noopener noreferrer\">\u00c9change Romain Rolland \/ Anna Seghers<\/a><\/p>\n<\/td>\n<td width=\"21%\">\n<p class=\"western\">3\u00e8me \u2013 2nde<\/p>\n<\/td>\n<td width=\"18%\">\n<p class=\"western\">2 sem. + 2 sem.<\/p>\n<\/td>\n<\/tr>\n<tr>\n<td rowspan=\"6\" bgcolor=\"#94006b\" width=\"21%\">\n<p class=\"western\"><strong><span style=\"color: #ffffff;\">Formation professionnelle<\/span><\/strong><\/p>\n<\/td>\n<td width=\"39%\">\n<p class=\"western\"><a href=\"http:\/\/www.maison-rhenanie-palatinat.org\/wp-content\/uploads\/mobilite-apprentis.png\" target=\"_blank\" rel=\"noopener noreferrer\">Mobilit\u00e9 des apprentis de Bourgogne en Europe<\/a><\/p>\n<\/td>\n<td width=\"21%\">\n<p class=\"western\">Apprentis bourguignons<\/p>\n<\/td>\n<td width=\"18%\">\n<p class=\"western\">3 sem.<\/p>\n<\/td>\n<\/tr>\n<tr>\n<td width=\"39%\">\n<p class=\"western\"><a href=\"http:\/\/www.maison-rhenanie-palatinat.org\/wp-content\/uploads\/stage-allemagne.png\" target=\"_blank\" rel=\"noopener noreferrer\">Stage en Allemagne<\/a><\/p>\n<\/td>\n<td width=\"21%\">\n<p class=\"western\">18 \u2013 30 ans<\/p>\n<\/td>\n<td width=\"18%\">\n<p class=\"western\">1 \u00e0 3 mois<\/p>\n<\/td>\n<\/tr>\n<tr>\n<td width=\"39%\">\n<p class=\"western\"><a href=\"http:\/\/www.maison-rhenanie-palatinat.org\/wp-content\/uploads\/bourse-stage pratique.png\" target=\"_blank\" rel=\"noopener noreferrer\">Bourse pour stage pratique en Allemagne<\/a><\/p>\n<\/td>\n<td width=\"21%\">\n<p class=\"western\">18 \u2013 30 ans<\/p>\n<\/td>\n<td width=\"18%\">\n<p class=\"western\">\u00a04 sem. min.<\/p>\n<\/td>\n<\/tr>\n<tr>\n<td width=\"39%\">\n<p class=\"western\"><a href=\"http:\/\/www.maison-rhenanie-palatinat.org\/wp-content\/uploads\/bourse-de-mobilite.png\" target=\"_blank\" rel=\"noopener noreferrer\">Bourse de mobilit\u00e9 internationale<\/a><\/p>\n<\/td>\n<td width=\"21%\">\n<p class=\"western\">Apprentis \/ Etudiants<\/p>\n<\/td>\n<td width=\"18%\"><\/td>\n<\/tr>\n<tr>\n<td width=\"39%\">\n<p class=\"western\"><a href=\"http:\/\/www.maison-rhenanie-palatinat.org\/wp-content\/uploads\/cursus.png\" target=\"_blank\" rel=\"noopener noreferrer\">Cursus Int\u00e9gr\u00e9s bi- et trinationaux<\/a><\/p>\n<\/td>\n<td width=\"21%\">\n<p class=\"western\">Etudiants<\/p>\n<\/td>\n<td width=\"18%\"><\/td>\n<\/tr>\n<tr>\n<td width=\"39%\">\n<p class=\"western\"><a href=\"http:\/\/www.maison-rhenanie-palatinat.org\/wp-content\/uploads\/erasmus-.png\" target=\"_blank\" rel=\"noopener noreferrer\">Erasmus+<\/a><\/p>\n<\/td>\n<td width=\"21%\">\n<p class=\"western\">Etudiants<\/p>\n<\/td>\n<td width=\"18%\">\n<p class=\"western\">3 mois \u00e0 1 an<\/p>\n<\/td>\n<\/tr>\n<tr>\n<td rowspan=\"2\" bgcolor=\"#eb613d\" width=\"21%\">\n<p class=\"western\"><span style=\"color: #000000;\">Volontariat et Vie professionnelle<\/span><\/p>\n<\/td>\n<td width=\"39%\">\n<p class=\"western\"><a href=\"http:\/\/www.maison-rhenanie-palatinat.org\/wp-content\/uploads\/volontariat.png\" target=\"_blank\" rel=\"noopener noreferrer\">Volontariat \u00c9cologique Franco-Allemand<\/a><\/p>\n<\/td>\n<td width=\"21%\">\n<p class=\"western\">18 \u2013 25 ans<\/p>\n<\/td>\n<td width=\"18%\">\n<p class=\"western\">1 an<\/p>\n<\/td>\n<\/tr>\n<tr>\n<td width=\"39%\">\n<p class=\"western\"><a href=\"http:\/\/www.maison-rhenanie-palatinat.org\/wp-content\/uploads\/volontariat-18-25.png\" target=\"_blank\" rel=\"noopener noreferrer\">Volontariat Culturel Franco-Allemand<\/a><\/p>\n<\/td>\n<td width=\"21%\">\n<p class=\"western\">18 &#8211; 25 ans<\/p>\n<\/td>\n<td width=\"18%\">\n<p class=\"western\">1 an<\/p>\n<\/td>\n<\/tr>\n<tr>\n<td bgcolor=\"#0099ff\" width=\"21%\">\n<p class=\"western\"><span style=\"color: #000000;\">Programmes individuels pour jeunes<\/span><\/p>\n<\/td>\n<td width=\"39%\">\n<p class=\"western\"><a href=\"http:\/\/www.maison-rhenanie-palatinat.org\/wp-content\/uploads\/job-v-j.png\" target=\"_blank\" rel=\"noopener noreferrer\">Job dans la ville jumel\u00e9e<\/a><\/p>\n<\/td>\n<td width=\"21%\">\n<p class=\"western\">16 \u2013 30 ans<\/p>\n<\/td>\n<td width=\"18%\">\n<p class=\"western\">4 sem.<\/p>\n<\/td>\n<\/tr>\n<tr>\n<td rowspan=\"2\" bgcolor=\"#9966cc\" width=\"21%\">\n<p class=\"western\"><span style=\"color: #ffffff;\">Cours de langue et test de langue<\/span><\/p>\n<\/td>\n<td width=\"39%\">\n<p class=\"western\"><a href=\"http:\/\/www.maison-rhenanie-palatinat.org\/wp-content\/uploads\/bourse-langue-intensif.png\" target=\"_blank\" rel=\"noopener noreferrer\">Bourse \u00ab Cours de langue intensif \u00bb<\/a><\/p>\n<\/td>\n<td width=\"21%\">\n<p class=\"western\">18 \u2013 30 ans<\/p>\n<\/td>\n<td width=\"18%\">\n<p class=\"western\">3 \u00e0 4 sem.<\/p>\n<\/td>\n<\/tr>\n<tr>\n<td width=\"39%\">\n<p class=\"western\"><a href=\"http:\/\/www.maison-rhenanie-palatinat.org\/wp-content\/uploads\/test-daf.png\">Test DAF et Goethe<\/a><\/p>\n<\/td>\n<td width=\"21%\">\n<p class=\"western\">17 \u2013 77 ans<\/p>\n<\/td>\n<td width=\"18%\"><\/td>\n<\/tr>\n<\/tbody>\n<\/table>\n<\/div>\n","protected":false},"excerpt":{"rendered":"<p>Pour plus de renseignements sur chaque programme, cliquer sur le nom du programme. Programmes Nom Age Dur\u00e9e Programmes Scolaires Echange Brigitte Sauzay 4\u00e8me &#8211; 1\u00e8re 3 mois Echange Voltaire 3\u00e8me \u2013 2nde 6 mois \u00c9change Romain Rolland \/ Anna Seghers 3\u00e8me \u2013 2nde 2 sem. + 2 sem. Formation professionnelle Mobilit\u00e9 des apprentis de Bourgogne&#8230;<\/p>\n","protected":false},"author":1,"featured_media":0,"parent":785,"menu_order":4,"comment_status":"closed","ping_status":"closed","template":"page-no-sidebar.php","meta":{"_acf_changed":false,"_piecal_is_event":false,"_piecal_start_date":"","_piecal_end_date":"","_piecal_is_allday":false,"_uag_custom_page_level_css":"","_kad_blocks_custom_css":"","_kad_blocks_head_custom_js":"","_kad_blocks_body_custom_js":"","_kad_blocks_footer_custom_js":"","_kadence_starter_templates_imported_post":false,"_kad_post_transparent":"","_kad_post_title":"","_kad_post_layout":"","_kad_post_sidebar_id":"","_kad_post_content_style":"","_kad_post_vertical_padding":"","_kad_post_feature":"","_kad_post_feature_position":"","_kad_post_header":false,"_kad_post_footer":false,"footnotes":""},"acf":[],"taxonomy_info":[],"featured_image_src_large":false,"author_info":{"display_name":"admin","author_link":"https:\/\/www.maison-rhenanie-palatinat.org\/demos\/author\/admin\/"},"comment_info":0,"uagb_featured_image_src":{"full":false,"thumbnail":false,"medium":false,"medium_large":false,"large":false,"1536x1536":false,"2048x2048":false},"uagb_author_info":{"display_name":"admin","author_link":"https:\/\/www.maison-rhenanie-palatinat.org\/demos\/author\/admin\/"},"uagb_comment_info":0,"uagb_excerpt":"Pour plus de renseignements sur chaque programme, cliquer sur le nom du programme. Programmes Nom Age Dur\u00e9e Programmes Scolaires Echange Brigitte Sauzay 4\u00e8me &#8211; 1\u00e8re 3 mois Echange Voltaire 3\u00e8me \u2013 2nde 6 mois \u00c9change Romain Rolland \/ Anna Seghers 3\u00e8me \u2013 2nde 2 sem. + 2 sem. Formation professionnelle Mobilit\u00e9 des apprentis de Bourgogne...","_links":{"self":[{"href":"https:\/\/www.maison-rhenanie-palatinat.org\/demos\/wp-json\/wp\/v2\/pages\/3313"}],"collection":[{"href":"https:\/\/www.maison-rhenanie-palatinat.org\/demos\/wp-json\/wp\/v2\/pages"}],"about":[{"href":"https:\/\/www.maison-rhenanie-palatinat.org\/demos\/wp-json\/wp\/v2\/types\/page"}],"author":[{"embeddable":true,"href":"https:\/\/www.maison-rhenanie-palatinat.org\/demos\/wp-json\/wp\/v2\/users\/1"}],"replies":[{"embeddable":true,"href":"https:\/\/www.maison-rhenanie-palatinat.org\/demos\/wp-json\/wp\/v2\/comments?post=3313"}],"version-history":[{"count":37,"href":"https:\/\/www.maison-rhenanie-palatinat.org\/demos\/wp-json\/wp\/v2\/pages\/3313\/revisions"}],"predecessor-version":[{"id":9955,"href":"https:\/\/www.maison-rhenanie-palatinat.org\/demos\/wp-json\/wp\/v2\/pages\/3313\/revisions\/9955"}],"up":[{"embeddable":true,"href":"https:\/\/www.maison-rhenanie-palatinat.org\/demos\/wp-json\/wp\/v2\/pages\/785"}],"wp:attachment":[{"href":"https:\/\/www.maison-rhenanie-palatinat.org\/demos\/wp-json\/wp\/v2\/media?parent=3313"}],"curies":[{"name":"wp","href":"https:\/\/api.w.org\/{rel}","templated":true}]}}