{"id":657,"date":"2009-11-16T15:32:31","date_gmt":"2009-11-16T13:32:31","guid":{"rendered":"http:\/\/www.maison-rhenanie-palatinat.org\/?page_id=657"},"modified":"2022-11-06T11:58:15","modified_gmt":"2022-11-06T09:58:15","slug":"mission","status":"publish","type":"page","link":"https:\/\/www.maison-rhenanie-palatinat.org\/demos\/about-2\/mission\/","title":{"rendered":"Mission"},"content":{"rendered":"<style>#kt-layout-id_f9b487-a8 > .kt-row-column-wrap{align-content:start;}:where(#kt-layout-id_f9b487-a8 > .kt-row-column-wrap) > .wp-block-kadence-column{justify-content:start;}#kt-layout-id_f9b487-a8 > .kt-row-column-wrap{column-gap:var(--global-kb-gap-md, 2rem);row-gap:var(--global-kb-gap-md, 2rem);padding-top:var( --global-kb-row-default-top, 25px );padding-bottom:var( --global-kb-row-default-bottom, 25px );padding-top:0px;grid-template-columns:minmax(0, 1fr);}#kt-layout-id_f9b487-a8 > .kt-row-layout-overlay{opacity:0.30;}@media all and (max-width: 1024px){#kt-layout-id_f9b487-a8 > .kt-row-column-wrap{grid-template-columns:minmax(0, 1fr);}}@media all and (max-width: 767px){#kt-layout-id_f9b487-a8 > .kt-row-column-wrap{grid-template-columns:minmax(0, 1fr);}}<\/style>\n<div class=\"wp-block-kadence-rowlayout alignnone\"><div id=\"kt-layout-id_f9b487-a8\" class=\"kt-row-layout-inner kt-layout-id_f9b487-a8\"><div class=\"kt-row-column-wrap kt-has-1-columns kt-gutter-default kt-v-gutter-default kt-row-valign-top kt-row-layout-equal kt-tab-layout-inherit kt-m-colapse-left-to-right kt-mobile-layout-row\"><style>.kadence-column_fb072d-81 > .kt-inside-inner-col{border-top-width:0px;border-right-width:0px;border-bottom-width:0px;border-left-width:0px;}.kadence-column_fb072d-81 > .kt-inside-inner-col,.kadence-column_fb072d-81 > .kt-inside-inner-col:before{border-top-left-radius:0px;border-top-right-radius:0px;border-bottom-right-radius:0px;border-bottom-left-radius:0px;}.kadence-column_fb072d-81 > .kt-inside-inner-col{column-gap:var(--global-kb-gap-sm, 1rem);}.kadence-column_fb072d-81 > .kt-inside-inner-col{flex-direction:column;}.kadence-column_fb072d-81 > .kt-inside-inner-col > .aligncenter{width:100%;}.kadence-column_fb072d-81 > .kt-inside-inner-col:before{opacity:0.3;}.kadence-column_fb072d-81{position:relative;}@media all and (max-width: 1024px){.kadence-column_fb072d-81 > .kt-inside-inner-col{flex-direction:column;}}@media all and (max-width: 767px){.kadence-column_fb072d-81 > .kt-inside-inner-col{flex-direction:column;}}<\/style>\n<div class=\"wp-block-kadence-column inner-column-1 kadence-column_fb072d-81\"><div class=\"kt-inside-inner-col\"><style>.kt-tabs-id_5c55b7-6b > .kt-tabs-content-wrap > .wp-block-kadence-tab{border-top-width:3px;border-right-width:0px;border-bottom-width:0px;border-left-width:0px;border-color:#0a6689;border-top-left-radius:0px;border-top-right-radius:0px;border-bottom-right-radius:0px;border-bottom-left-radius:0px;padding-top:var(--global-kb-spacing-sm, 1.5rem);padding-right:var(--global-kb-spacing-sm, 1.5rem);padding-bottom:var(--global-kb-spacing-sm, 1.5rem);padding-left:var(--global-kb-spacing-sm, 1.5rem);background:#ffffff;}.wp-block-kadence-tabs .kt-tabs-id_5c55b7-6b > .kt-tabs-title-list li{margin-top:0px;margin-right:8px;margin-bottom:0px;margin-left:0px;}.wp-block-kadence-tabs .kt-tabs-id_5c55b7-6b > .kt-tabs-title-list li:last-child{margin-right:0px;}.wp-block-kadence-tabs .kt-tabs-id_5c55b7-6b > .kt-tabs-title-list li .kt-tab-title, .wp-block-kadence-tabs .kt-tabs-id_5c55b7-6b > .kt-tabs-content-wrap > .kt-tabs-accordion-title .kt-tab-title{font-size:1.1em;line-height:1.4em;font-weight:regular;font-style:normal;border-top-width:0px;border-right-width:0px;border-bottom-width:0px;border-left-width:0px;border-top-left-radius:4px;border-top-right-radius:4px;border-bottom-right-radius:0px;border-bottom-left-radius:0px;padding-top:8px;padding-right:20px;padding-bottom:8px;padding-left:20px;border-color:#eeeeee;color:#222222;background:#eeeeee;}.wp-block-kadence-tabs .kt-tabs-id_5c55b7-6b > .kt-tabs-content-wrap > .kt-tabs-accordion-title .kt-tab-title{margin-top:0px;margin-right:8px;margin-bottom:0px;margin-left:0px;}.wp-block-kadence-tabs .kt-tabs-id_5c55b7-6b > .kt-tabs-title-list li .kt-tab-title:hover, .wp-block-kadence-tabs .kt-tabs-id_5c55b7-6b > .kt-tabs-content-wrap > .kt-tabs-accordion-title .kt-tab-title:hover{border-color:#eeeeee;color:#222222;background:#e2e2e2;}.wp-block-kadence-tabs .kt-tabs-id_5c55b7-6b > .kt-tabs-title-list li.kt-tab-title-active .kt-tab-title, .wp-block-kadence-tabs .kt-tabs-id_5c55b7-6b > .kt-tabs-content-wrap > .kt-tabs-accordion-title.kt-tab-title-active .kt-tab-title{border-color:#eeeeee;color:#ffffff;background:#0a6689;}<\/style>\n<div class=\"wp-block-kadence-tabs alignnone\"><div class=\"kt-tabs-wrap kt-tabs-id_5c55b7-6b kt-tabs-has-2-tabs kt-active-tab-1 kt-tabs-layout-tabs kt-tabs-tablet-layout-inherit kt-tabs-mobile-layout-inherit kt-tab-alignment-left \" style=\"max-width:none\"><ul class=\"kt-tabs-title-list\"><li id=\"tab-francais\" class=\"kt-title-item kt-title-item-1 kt-tabs-svg-show-always kt-tabs-icon-side-right kt-tab-title-active\"><a href=\"#tab-francais\" data-tab=\"1\" class=\"kt-tab-title kt-tab-title-1 \"><span class=\"kt-title-text\">Francais<\/span><\/a><\/li><li id=\"tab-deutsch\" class=\"kt-title-item kt-title-item-2 kt-tabs-svg-show-always kt-tabs-icon-side-right kt-tab-title-inactive\"><a href=\"#tab-deutsch\" data-tab=\"2\" class=\"kt-tab-title kt-tab-title-2 \"><span class=\"kt-title-text\">Deutsch<\/span><\/a><\/li><\/ul><div class=\"kt-tabs-content-wrap\">\n<div class=\"wp-block-kadence-tab kt-tab-inner-content kt-inner-tab-1 kt-inner-tab_f00a81-6e\"><div class=\"kt-tab-inner-content-inner\">\n<p><strong>La mission de la Maison de Rh\u00e9nanie-Palatinat est de renforcer l&rsquo;amiti\u00e9 franco-allemande et de promouvoir la coop\u00e9ration entre la Bourgogne-Franche-Comt\u00e9 et la Rh\u00e9nanie-Palatinat et entre la France et l&rsquo;Allemagne.<\/strong><\/p>\n\n\n\n<p>Si vous souhaitez:<\/p>\n\n\n\n<ul><li>apprendre l\u2019allemand ou simplement tester votre niveau d\u2019allemand,<\/li><li>effectuer un stage professionnel en Rh\u00e9nanie-Palatinat,<\/li><li>vous engager en tant que volontaire en Allemagne dans les domaines culturel et \u00e9cologique,<\/li><li>nouer des contacts \u00e9conomiques avec des entreprises en Rh\u00e9nanie-Palatinat,<\/li><li>trouver une bourse de mobilit\u00e9 scolaire, universitaire ou professionnelle,<\/li><li>participer aux manifestations culturelles ou aux projets avec l\u2019Allemagne et la Rh\u00e9nanie-Palatinat,<\/li><li>mettre en place un projet franco-allemand,<\/li><li>vous informer sur l\u2019Allemagne actuelle ou sur les sites touristiques en Rh\u00e9nanie-Palatinat par exemple,<\/li><li>solliciter les services du consulat honoraire d\u2019Allemagne,<\/li><\/ul>\n\n\n\n<p>contactez nous par mail, par t\u00e9l\u00e9phone ou passez chez nous, 29 rue Buffon \u00e0 Dijon. Au plaisir de vous rencontrer, \u00e0 bient\u00f4t und bis bald Votre \u00e9quipe de la Maison de Rh\u00e9nanie-Palatinat<\/p>\n<\/div><\/div>\n\n\n\n<div class=\"wp-block-kadence-tab kt-tab-inner-content kt-inner-tab-2 kt-inner-tab_bec458-18\"><div class=\"kt-tab-inner-content-inner\">\n<p><strong>Aufgabe des Hauses Rheinland-Pfalz ist es, dazu beizutragen, die deutsch-franz\u00f6sische Freundschaft zu vertiefen und die Zusammenarbeit zwischen Frankreich und Deutschland, besonders die zwischen Rheinland-Pfalz und Burgund voranzutreiben.<\/strong><\/p>\n\n\n\n<p>Mit diesem Ziel richtet sich die Maison de Rh\u00e9nanie-Palatinat zun\u00e4chst an Ihre franz\u00f6sischen Freunde in&nbsp; Burgund,&nbsp; der Partnerregion des Landes Rheinland-Pfalz. Sie k\u00f6nnen das franz\u00f6sische Angebot auf der franz\u00f6sischen Version dieser Web-Seite einsehen. Rheinland-Pf\u00e4lzer und Deutsche finden Unterst\u00fctzung im Haus Rheinland-Pfalz, wenn Sie zum Beispiel:<\/p>\n\n\n\n<ul><li>ein deutsch-franz\u00f6sisches Projekt planen<\/li><li>an einem Franz\u00f6sisch-Sprachkurs im Haus Rheinland-Pfalz teilnehmen m\u00f6chten<\/li><li>eine Gruppenreise nach Burgund vorgesehen haben<\/li><li>ein Seminar in Burgund planen<\/li><li>die Dienste des deutschen Honorarkonsuls in Anspruch nehmen wollen<\/li><li>Insider-Informationen \u00fcber Burgund brauchen<\/li><\/ul>\n\n\n\n<p>Wenden Sie sich an uns per E-Mail oder per Telefon oder vereinbaren Sie einen Termin mit uns. Wir freuen uns darauf, Sie kennenzulernen. Ihre Equipe des Hauses Rheinland-Pfalz<\/p>\n<\/div><\/div>\n<\/div><\/div><\/div>\n<\/div><\/div>\n<\/div><\/div><\/div>\n","protected":false},"excerpt":{"rendered":"<p><!-- wp:kadence\/rowlayout {\"uniqueID\":\"_f9b487-a8\",\"columns\":1,\"colLayout\":\"equal\",\"topPadding\":0} --><\/p>\n<div class=\"wp-block-kadence-rowlayout alignnone\">\n<div id=\"kt-layout-id_f9b487-a8\" class=\"kt-row-layout-inner kt-layout-id_f9b487-a8\">\n<div class=\"k... \n\n","protected":false},"author":1,"featured_media":0,"parent":9,"menu_order":1,"comment_status":"closed","ping_status":"closed","template":"","meta":{"_acf_changed":false,"_piecal_is_event":false,"_piecal_start_date":"","_piecal_end_date":"","_piecal_is_allday":false,"_uag_custom_page_level_css":"","_kad_blocks_custom_css":"","_kad_blocks_head_custom_js":"","_kad_blocks_body_custom_js":"","_kad_blocks_footer_custom_js":"","_kadence_starter_templates_imported_post":false,"_kad_post_transparent":"","_kad_post_title":"","_kad_post_layout":"","_kad_post_sidebar_id":"","_kad_post_content_style":"","_kad_post_vertical_padding":"","_kad_post_feature":"","_kad_post_feature_position":"","_kad_post_header":false,"_kad_post_footer":false,"footnotes":""},"acf":[],"taxonomy_info":[],"featured_image_src_large":false,"author_info":{"display_name":"admin","author_link":"https:\/\/www.maison-rhenanie-palatinat.org\/demos\/author\/admin\/"},"comment_info":0,"uagb_featured_image_src":{"full":false,"thumbnail":false,"medium":false,"medium_large":false,"large":false,"1536x1536":false,"2048x2048":false},"uagb_author_info":{"display_name":"admin","author_link":"https:\/\/www.maison-rhenanie-palatinat.org\/demos\/author\/admin\/"},"uagb_comment_info":0,"uagb_excerpt":null,"_links":{"self":[{"href":"https:\/\/www.maison-rhenanie-palatinat.org\/demos\/wp-json\/wp\/v2\/pages\/657"}],"collection":[{"href":"https:\/\/www.maison-rhenanie-palatinat.org\/demos\/wp-json\/wp\/v2\/pages"}],"about":[{"href":"https:\/\/www.maison-rhenanie-palatinat.org\/demos\/wp-json\/wp\/v2\/types\/page"}],"author":[{"embeddable":true,"href":"https:\/\/www.maison-rhenanie-palatinat.org\/demos\/wp-json\/wp\/v2\/users\/1"}],"replies":[{"embeddable":true,"href":"https:\/\/www.maison-rhenanie-palatinat.org\/demos\/wp-json\/wp\/v2\/comments?post=657"}],"version-history":[{"count":15,"href":"https:\/\/www.maison-rhenanie-palatinat.org\/demos\/wp-json\/wp\/v2\/pages\/657\/revisions"}],"predecessor-version":[{"id":27623,"href":"https:\/\/www.maison-rhenanie-palatinat.org\/demos\/wp-json\/wp\/v2\/pages\/657\/revisions\/27623"}],"up":[{"embeddable":true,"href":"https:\/\/www.maison-rhenanie-palatinat.org\/demos\/wp-json\/wp\/v2\/pages\/9"}],"wp:attachment":[{"href":"https:\/\/www.maison-rhenanie-palatinat.org\/demos\/wp-json\/wp\/v2\/media?parent=657"}],"curies":[{"name":"wp","href":"https:\/\/api.w.org\/{rel}","templated":true}]}}