{"id":671,"date":"2009-11-16T16:20:10","date_gmt":"2009-11-16T15:20:10","guid":{"rendered":"http:\/\/www.maison-rhenanie-palatinat.org\/?page_id=671"},"modified":"2023-10-22T10:24:01","modified_gmt":"2023-10-22T08:24:01","slug":"apprendre-lallemand","status":"publish","type":"page","link":"https:\/\/www.maison-rhenanie-palatinat.org\/demos\/apprendre-lallemand\/","title":{"rendered":"Apprendre l'allemand"},"content":{"rendered":"<style>#kt-layout-id_9912f1-79 > .kt-row-column-wrap{align-content:start;}:where(#kt-layout-id_9912f1-79 > .kt-row-column-wrap) > .wp-block-kadence-column{justify-content:start;}#kt-layout-id_9912f1-79 > .kt-row-column-wrap{column-gap:var(--global-kb-gap-md, 2rem);row-gap:var(--global-kb-gap-md, 2rem);padding-top:var( --global-kb-row-default-top, 25px );padding-bottom:var( --global-kb-row-default-bottom, 25px );padding-top:var(--global-kb-spacing-sm, 1.5rem);padding-bottom:var(--global-kb-spacing-sm, 1.5rem);grid-template-columns:minmax(0, 1fr);}#kt-layout-id_9912f1-79 > .kt-row-layout-overlay{opacity:0.30;}@media all and (max-width: 1024px){#kt-layout-id_9912f1-79 > .kt-row-column-wrap{grid-template-columns:minmax(0, 1fr);}}@media all and (max-width: 767px){#kt-layout-id_9912f1-79 > .kt-row-column-wrap{grid-template-columns:minmax(0, 1fr);}}<\/style>\r\n<div class=\"wp-block-kadence-rowlayout alignnone\">\r\n<div id=\"kt-layout-id_9912f1-79\" class=\"kt-row-layout-inner kt-layout-id_9912f1-79\">\r\n<div class=\"kt-row-column-wrap kt-has-1-columns kt-gutter-default kt-v-gutter-default kt-row-valign-top kt-row-layout-equal kt-tab-layout-inherit kt-m-colapse-left-to-right kt-mobile-layout-row\"><style>.kadence-column_5b8786-2f > .kt-inside-inner-col{border-top-width:0px;border-right-width:0px;border-bottom-width:0px;border-left-width:0px;}.kadence-column_5b8786-2f > .kt-inside-inner-col,.kadence-column_5b8786-2f > .kt-inside-inner-col:before{border-top-left-radius:0px;border-top-right-radius:0px;border-bottom-right-radius:0px;border-bottom-left-radius:0px;}.kadence-column_5b8786-2f > .kt-inside-inner-col{column-gap:var(--global-kb-gap-sm, 1rem);}.kadence-column_5b8786-2f > .kt-inside-inner-col{flex-direction:column;}.kadence-column_5b8786-2f > .kt-inside-inner-col > .aligncenter{width:100%;}.kadence-column_5b8786-2f > .kt-inside-inner-col:before{opacity:0.3;}.kadence-column_5b8786-2f{position:relative;}@media all and (max-width: 1024px){.kadence-column_5b8786-2f > .kt-inside-inner-col{flex-direction:column;}}@media all and (max-width: 767px){.kadence-column_5b8786-2f > .kt-inside-inner-col{flex-direction:column;}}<\/style>\r\n<div class=\"wp-block-kadence-column inner-column-1 kadence-column_5b8786-2f\">\r\n<div class=\"kt-inside-inner-col\"><style>.kt-tabs-id_45ec52-c1 > .kt-tabs-content-wrap > .wp-block-kadence-tab{border-top-width:3px;border-right-width:0px;border-bottom-width:0px;border-left-width:0px;border-color:#0a6689;border-top-left-radius:0px;border-top-right-radius:0px;border-bottom-right-radius:0px;border-bottom-left-radius:0px;padding-top:var(--global-kb-spacing-sm, 1.5rem);padding-right:var(--global-kb-spacing-sm, 1.5rem);padding-bottom:var(--global-kb-spacing-sm, 1.5rem);padding-left:var(--global-kb-spacing-sm, 1.5rem);background:#ffffff;}.wp-block-kadence-tabs .kt-tabs-id_45ec52-c1 > .kt-tabs-title-list li{margin-top:0px;margin-right:8px;margin-bottom:0px;margin-left:0px;}.wp-block-kadence-tabs .kt-tabs-id_45ec52-c1 > .kt-tabs-title-list li:last-child{margin-right:0px;}.wp-block-kadence-tabs .kt-tabs-id_45ec52-c1 > .kt-tabs-title-list li .kt-tab-title, .wp-block-kadence-tabs .kt-tabs-id_45ec52-c1 > .kt-tabs-content-wrap > .kt-tabs-accordion-title .kt-tab-title{font-size:1.1em;line-height:1.4em;font-weight:regular;font-style:normal;border-top-width:0px;border-right-width:0px;border-bottom-width:0px;border-left-width:0px;border-top-left-radius:4px;border-top-right-radius:4px;border-bottom-right-radius:0px;border-bottom-left-radius:0px;padding-top:8px;padding-right:20px;padding-bottom:8px;padding-left:20px;border-color:#eeeeee;color:#222222;background:#eeeeee;}.wp-block-kadence-tabs .kt-tabs-id_45ec52-c1 > .kt-tabs-content-wrap > .kt-tabs-accordion-title .kt-tab-title{margin-top:0px;margin-right:8px;margin-bottom:0px;margin-left:0px;}.wp-block-kadence-tabs .kt-tabs-id_45ec52-c1 > .kt-tabs-title-list li .kt-tab-title:hover, .wp-block-kadence-tabs .kt-tabs-id_45ec52-c1 > .kt-tabs-content-wrap > .kt-tabs-accordion-title .kt-tab-title:hover{border-color:#eeeeee;color:#222222;background:#e2e2e2;}.wp-block-kadence-tabs .kt-tabs-id_45ec52-c1 > .kt-tabs-title-list li.kt-tab-title-active .kt-tab-title, .wp-block-kadence-tabs .kt-tabs-id_45ec52-c1 > .kt-tabs-content-wrap > .kt-tabs-accordion-title.kt-tab-title-active .kt-tab-title{border-color:#eeeeee;color:#ffffff;background:#0a6689;}<\/style>\r\n<div class=\"wp-block-kadence-tabs alignnone\">\r\n<div class=\"kt-tabs-wrap kt-tabs-id_45ec52-c1 kt-tabs-has-2-tabs kt-active-tab-1 kt-tabs-layout-tabs kt-tabs-tablet-layout-inherit kt-tabs-mobile-layout-inherit kt-tab-alignment-left \" style=\"max-width: none;\">\r\n<ul class=\"kt-tabs-title-list\">\r\n<li id=\"tab-francais\" class=\"kt-title-item kt-title-item-1 kt-tabs-svg-show-always kt-tabs-icon-side-right kt-tab-title-active\"><a class=\"kt-tab-title kt-tab-title-1 \" href=\"#tab-francais\" data-tab=\"1\"><span class=\"kt-title-text\">Francais<\/span><\/a><\/li>\r\n<li id=\"tab-deutsch\" class=\"kt-title-item kt-title-item-2 kt-tabs-svg-show-always kt-tabs-icon-side-right kt-tab-title-inactive\"><a class=\"kt-tab-title kt-tab-title-2 \" href=\"#tab-deutsch\" data-tab=\"2\"><span class=\"kt-title-text\">Deutsch<\/span><\/a><\/li>\r\n<\/ul>\r\n<div class=\"kt-tabs-content-wrap\">\r\n<div class=\"wp-block-kadence-tab kt-tab-inner-content kt-inner-tab-1 kt-inner-tab_b87827-b3\">\r\n<div class=\"kt-tab-inner-content-inner\">\r\n<p><strong>\u201cBonjour\u00a0et guten Tag\u201d<\/strong><\/p>\r\n\r\n\r\n\r\n<p><strong>La Maison de Rh\u00e9nanie-Palatinat est votre centre pour apprendre l\u2019allemand avec des professionnels, dans un environnement germanophone unique en Bourgogne-Franche-Comt\u00e9. <\/strong><\/p>\r\n\r\n\r\n\r\n<p>Notre \u00e9quipe d\u2019enseignants de langue maternelle allemande vous propose des cours extensifs ou intensifs selon vos besoins et vos envies. Apr\u00e8s une \u00e9valuation individuelle gratuite, vous choisirez le cours qui convient \u00e0 votre niveau. Vous pouvez pr\u00e9parer et\/ou passer un examen validant vos acquis quelque soit votre niveau.<\/p>\r\n\r\n\r\n\r\n<p>Notre offre de cours s\u2019adresse \u00e0 tous les publics (<a href=\"http:\/\/maison-rhenanie-palatinat.org\/apprendre-lallemand\/cours-collectifs-pour-adultes\/\" target=\"_blank\" rel=\"noreferrer noopener\"><strong>adultes<\/strong><\/a>,\u00a0<a href=\"http:\/\/maison-rhenanie-palatinat.org\/apprendre-lallemand\/cours-jeunes\/\" target=\"_blank\" rel=\"noreferrer noopener\"><strong>jeunes<\/strong><\/a>,\u00a0<a href=\"http:\/\/maison-rhenanie-palatinat.org\/apprendre-lallemand\/cours-pour-jeunes-2\/\"><strong>enfants<\/strong><\/a>) et sous diff\u00e9rentes formes (cours collectifs, en duo, individuels, stages intensifs\u2026). Tous nos cours correspondent aux exigences et aux niveaux d\u00e9finis par le Cadre Europ\u00e9en Commun de R\u00e9f\u00e9rence pour les Langues (<a href=\"http:\/\/maison-rhenanie-palatinat.org\/wp-content\/uploads\/2020\/11\/assessment_grid_french.pdf\" target=\"_blank\" rel=\"noreferrer noopener\"><strong>CECRL<\/strong><\/a>) .<\/p>\r\n\r\n\r\n\r\n<p>De plus, la Maison de Rh\u00e9nanie-Palatinat est\u00a0<a href=\"http:\/\/maison-rhenanie-palatinat.org\/apprendre-lallemand\/centre-dexamens\/\"><strong>centre d\u2018examens<\/strong><\/a>\u00a0du Goethe-Institut, du Test-DaF-Institut et de la Chambre Franco-Allemande de Commerce et d\u2018Industrie.<\/p>\r\n\r\n\r\n\r\n<p>Gr\u00e2ce \u00e0 l\u2019animatrice\u00a0<a href=\"http:\/\/maison-rhenanie-palatinat.org\/apprendre-lallemand\/animations\/\"><strong>Mobiklasse.de<\/strong><\/a>, la Maison de Rh\u00e9nanie-Palatinat propose, des animations linguistiques pour les enfants, directement dans les \u00e9tablissements scolaires de la r\u00e9gion Bourgogne-Franche-Comt\u00e9.<\/p>\r\n\r\n\r\n\r\n<p>Pour approfondir vos connaissances de la langue allemande, la Maison de Rh\u00e9nanie-Palatinat dispose \u00e9galement d\u2019un centre de documentation, proposant de nombreuses ressources documentaires en lien avec l\u2019allemand pour les professeurs et d\u2019une\u00a0<a href=\"http:\/\/maison-rhenanie-palatinat.org\/bibliotheque\/\"><strong>biblioth\u00e8que<\/strong><\/a>\u00a0ouverte \u00e0 tous.<\/p>\r\n\r\n\r\n\r\n<p>Pour plus de d\u00e9tails sur les s\u00e9ances pr\u00e9paratoires, les dates et modalit\u00e9s d\u2019inscription, ainsi que pour des renseignements compl\u00e9mentaires, n\u2019h\u00e9sitez pas \u00e0 nous contacter.<\/p>\r\n\r\n\r\n\r\n<p><a href=\"http:\/\/maison-rhenanie-palatinat.org\/demande-de-renseignements\/\" target=\"_blank\" rel=\"noreferrer noopener\"><strong>Je m&rsquo;y mets maintenant!<\/strong><\/a><\/p>\r\n\r\n\r\n\r\n<h3 class=\"wp-block-heading\"><a href=\"https:\/\/maison-rhenanie-palatinat.org\/apprendre-lallemand\/#acc-x80m222-0\">Arguments pour l\u2019allemand<\/a><\/h3>\r\n\r\n\r\n\r\n<ul>\r\n<li>Plus de cent millions de personnes parlent l\u2019allemand en Europe.<\/li>\r\n<li>23% des \u00e9l\u00e8ves apprennent l\u2019allemand comme langue \u00e9trang\u00e8re dans l\\\u2019Union Europ\u00e9enne.<\/li>\r\n<li>Plus de 200 000 jeunes participent chaque ann\u00e9e aux programmes d\u2019\u00e9change de l\u2019Office franco-allemand pour la Jeunesse.<\/li>\r\n<li>L\u2019Allemagne vous invite \u00e0 d\u00e9couvrir ses 42 sites inscrits au patrimoine mondial de l\u2019UNESCO.<\/li>\r\n<li>L\u2019Allemagne est l\\\u2019un des pays les plus visit\u00e9s en Europe.<strong>Un atout pour votre avenir<\/strong><em>Certes l\u2019anglais est indispensable dans un monde globalis\u00e9 et un moyen de communication international, mais conna\u00eetre l\u2019anglais allant d\u00e9sormais de soi, la langue perd son caract\u00e8re exclusif.<\/em><\/li>\r\n<li>Des connaissances en allemand sont souvent un crit\u00e8re d\u00e9terminant au moment de l\u2019entr\u00e9e dans la vie professionnelle. Depuis de nombreuses ann\u00e9es, l\u2019Allemagne est le premier partenaire commercial de la France et les entreprises, aussi bien fran\u00e7aises qu\u2019allemandes, recherchent du personnel sachant comprendre et parler correctement l\u2019allemand, dans la mesure o\u00f9 les n\u00e9gociations dans une langue tiers peuvent conduire \u00e0 d\u2019inutiles malentendus.<\/li>\r\n<li>Pr\u00e8s de 2 800 coop\u00e9rations existent entre des universit\u00e9s et des grandes \u00e9coles fran\u00e7aises et allemandes, qui permettent de mieux conna\u00eetre le pays partenaire. Et 177 doubles dipl\u00f4mes permettent en outre d\u2019obtenir un dipl\u00f4me franco-allemand de l\u2019enseignement sup\u00e9rieur.<\/li>\r\n<\/ul>\r\n\r\n\r\n\r\n<p>Lire les\u00a0<a href=\"http:\/\/maison-rhenanie-palatinat.org\/wp-content\/uploads\/2021\/12\/CGV-MRP.pdf\" target=\"_blank\" rel=\"noreferrer noopener\"><strong>conditions g\u00e9n\u00e9rales de vente<\/strong><\/a>.<\/p>\r\n<\/div>\r\n<\/div>\r\n\r\n\r\n\r\n<div class=\"wp-block-kadence-tab kt-tab-inner-content kt-inner-tab-2 kt-inner-tab_618d35-86\">\r\n<div class=\"kt-tab-inner-content-inner\">\r\n<p><strong>Mit rund 250 Einschreibungen pro Jahr bietet das Haus Rheinland-Pfalz Einzel-, Gruppen- und Spezialkurse, Kurse f\u00fcr Anf\u00e4nger und Fortgeschrittene zwischen 6 und 80 Jahren an.<\/strong><\/p>\r\n\r\n\r\n\r\n<p>Zugleich ist es Pr\u00fcfungszentrum des Goethe-Instituts und der Deutsch-Franz\u00f6sischen Industrie- und Handelskammer Paris.<\/p>\r\n<\/div>\r\n<\/div>\r\n<\/div>\r\n<\/div>\r\n<\/div>\r\n<\/div>\r\n<\/div>\r\n<\/div>\r\n<\/div>\r\n<\/div>\r\n\r\n\r\n","protected":false},"excerpt":{"rendered":"<p><!-- wp:kadence\/rowlayout {\"uniqueID\":\"_9912f1-79\",\"columns\":1,\"colLayout\":\"equal\"} --><\/p>\n<div class=\"wp-block-kadence-rowlayout alignnone\">\n<div id=\"kt-layout-id_9912f1-79\" class=\"kt-row-layout-inner kt-layout-id_9912f1-79\">\n<div class=\"kt-row-colu... \n\n","protected":false},"author":1,"featured_media":10202,"parent":0,"menu_order":2,"comment_status":"closed","ping_status":"closed","template":"","meta":{"_acf_changed":false,"_piecal_is_event":false,"_piecal_start_date":"","_piecal_end_date":"","_piecal_is_allday":false,"_uag_custom_page_level_css":"","_kad_blocks_custom_css":"","_kad_blocks_head_custom_js":"","_kad_blocks_body_custom_js":"","_kad_blocks_footer_custom_js":"","_kadence_starter_templates_imported_post":false,"_kad_post_transparent":"default","_kad_post_title":"default","_kad_post_layout":"right","_kad_post_sidebar_id":"","_kad_post_content_style":"default","_kad_post_vertical_padding":"default","_kad_post_feature":"","_kad_post_feature_position":"","_kad_post_header":false,"_kad_post_footer":false,"footnotes":""},"acf":[],"taxonomy_info":[],"featured_image_src_large":["https:\/\/www.maison-rhenanie-palatinat.org\/demos\/wp-content\/uploads\/2022\/10\/f2.jpg",300,300,false],"author_info":{"display_name":"admin","author_link":"https:\/\/www.maison-rhenanie-palatinat.org\/demos\/author\/admin\/"},"comment_info":0,"uagb_featured_image_src":{"full":["https:\/\/www.maison-rhenanie-palatinat.org\/demos\/wp-content\/uploads\/2022\/10\/f2.jpg",300,300,false],"thumbnail":["https:\/\/www.maison-rhenanie-palatinat.org\/demos\/wp-content\/uploads\/2022\/10\/f2-150x150.jpg",150,150,true],"medium":["https:\/\/www.maison-rhenanie-palatinat.org\/demos\/wp-content\/uploads\/2022\/10\/f2-300x300.jpg",300,300,true],"medium_large":["https:\/\/www.maison-rhenanie-palatinat.org\/demos\/wp-content\/uploads\/2022\/10\/f2.jpg",300,300,false],"large":["https:\/\/www.maison-rhenanie-palatinat.org\/demos\/wp-content\/uploads\/2022\/10\/f2.jpg",300,300,false],"1536x1536":["https:\/\/www.maison-rhenanie-palatinat.org\/demos\/wp-content\/uploads\/2022\/10\/f2.jpg",300,300,false],"2048x2048":["https:\/\/www.maison-rhenanie-palatinat.org\/demos\/wp-content\/uploads\/2022\/10\/f2.jpg",300,300,false]},"uagb_author_info":{"display_name":"admin","author_link":"https:\/\/www.maison-rhenanie-palatinat.org\/demos\/author\/admin\/"},"uagb_comment_info":0,"uagb_excerpt":null,"_links":{"self":[{"href":"https:\/\/www.maison-rhenanie-palatinat.org\/demos\/wp-json\/wp\/v2\/pages\/671"}],"collection":[{"href":"https:\/\/www.maison-rhenanie-palatinat.org\/demos\/wp-json\/wp\/v2\/pages"}],"about":[{"href":"https:\/\/www.maison-rhenanie-palatinat.org\/demos\/wp-json\/wp\/v2\/types\/page"}],"author":[{"embeddable":true,"href":"https:\/\/www.maison-rhenanie-palatinat.org\/demos\/wp-json\/wp\/v2\/users\/1"}],"replies":[{"embeddable":true,"href":"https:\/\/www.maison-rhenanie-palatinat.org\/demos\/wp-json\/wp\/v2\/comments?post=671"}],"version-history":[{"count":33,"href":"https:\/\/www.maison-rhenanie-palatinat.org\/demos\/wp-json\/wp\/v2\/pages\/671\/revisions"}],"predecessor-version":[{"id":27688,"href":"https:\/\/www.maison-rhenanie-palatinat.org\/demos\/wp-json\/wp\/v2\/pages\/671\/revisions\/27688"}],"wp:featuredmedia":[{"embeddable":true,"href":"https:\/\/www.maison-rhenanie-palatinat.org\/demos\/wp-json\/wp\/v2\/media\/10202"}],"wp:attachment":[{"href":"https:\/\/www.maison-rhenanie-palatinat.org\/demos\/wp-json\/wp\/v2\/media?parent=671"}],"curies":[{"name":"wp","href":"https:\/\/api.w.org\/{rel}","templated":true}]}}