{"id":7083,"date":"2015-09-21T18:25:25","date_gmt":"2015-09-21T16:25:25","guid":{"rendered":"http:\/\/www.maison-rhenanie-palatinat.org\/?page_id=7083"},"modified":"2023-10-03T08:21:23","modified_gmt":"2023-10-03T06:21:23","slug":"programme-sprache","status":"publish","type":"page","link":"https:\/\/www.maison-rhenanie-palatinat.org\/demos\/apprendre-lallemand\/programme-sprache\/","title":{"rendered":"Programme Sprache +"},"content":{"rendered":"<p><strong>A partir du niveau B1<\/strong><br \/>\n<strong>Des cours th\u00e9matiques selon vos envies et vos besoins<br \/>\n<\/strong><\/p>\n<p lang=\"de-DE\" align=\"left\"><em><strong>Apropos Deutschland <\/strong><\/em><strong>(C1\/C2)<\/strong><\/p>\n<p lang=\"de-DE\" align=\"left\">Cours hebdomadaire autour de l&rsquo;actualit\u00e9 politique, sociale et culturelle allemande<\/p>\n<p>Mardi de 18h \u00e0 19h30<br \/>\nD\u00e9but du cours : 3 octobre 2017<br \/>\n60 unit\u00e9s de cours &#8211; 425,00 \u20ac<\/p>\n<hr \/>\n<p lang=\"de-DE\" align=\"left\"><em><strong>Unterwegs&nbsp;<\/strong> <\/em><strong>(B2+)<\/strong> \u2013 hebdomadaire<\/p>\n<p><span style=\"font-size: large;\">Des lectures comme des voyages, des situations et lieux exceptionnels comment\u00e9s par des \u00e9crivains, penseurs et po\u00e8tes \u00e0 travers les si\u00e8cles, cours interactif, entra\u00eenement \u00e0 la prise de parole, exercices de \u201ekreatives Schreiben\u201c associ\u00e9s.<\/span><\/p>\n<p>Cours hebdomadaire interactif, niveau B2 +<br \/>\nMardi 10h-11h, 20 s\u00e9ances &#8211; 210,00 \u20ac<br \/>\nD\u00e9but du cours : 3 octobre 2017<\/p>\n<hr \/>\n<p lang=\"de-DE\" align=\"left\"><em><strong>Unterwegs<\/strong> <\/em><strong>(C2)<\/strong> \u2013 bi-mensuel<\/p>\n<p><span style=\"font-size: large;\">Des lectures comme des voyages, des situations et lieux exceptionnels comment\u00e9s par des \u00e9crivains, penseurs et po\u00e8tes \u00e0 travres les si\u00e8cles, cours interactif, entra\u00eenement \u00e0 la prise de parole, exercices de \u201ekreatives Schreiben\u201c associ\u00e9s.<\/span><\/p>\n<p>Cours bi-mensuel<br \/>\nMardi 11h-12h, 10 s\u00e9ances &#8211; 110,00 \u20ac<br \/>\nD\u00e9but du cours : 10 octobre 2017<\/p>\n<hr \/>\n<p lang=\"de-DE\" align=\"left\"><em><strong>\u00dcbersetzerwerkstatt<\/strong><\/em><\/p>\n<p lang=\"de-DE\" align=\"left\">Atelier de traduction dans le cadre d&rsquo;un partenariat b\u00e9n\u00e9vole avec <em>T\u00e8mpo\u00e9sie<\/em><\/p>\n<p>\u00c0 partir du niveau C1<br \/>\nMardi 11h-12h, 12 s\u00e9ances bi-mensuelles<br \/>\n60,00 \u20ac de participation pour les non-inscrits \u00e0 nos cours<br \/>\nD\u00e9but du cours : 3 octobre 2017<\/p>\n<hr \/>\n<p lang=\"de-DE\" align=\"left\"><em><strong><a href=\"http:\/\/www.maison-rhenanie-palatinat.org\/wp-content\/uploads\/2015\/09\/Geschmacksache.jpg\"><img loading=\"lazy\" decoding=\"async\" class=\"size-medium wp-image-7784 alignright\" src=\"http:\/\/www.maison-rhenanie-palatinat.org\/wp-content\/uploads\/2015\/09\/Geschmacksache-300x225.jpg\" alt=\"geschmacksache\" width=\"300\" height=\"225\" srcset=\"https:\/\/www.maison-rhenanie-palatinat.org\/demos\/wp-content\/uploads\/2015\/09\/Geschmacksache-300x225.jpg 300w, https:\/\/www.maison-rhenanie-palatinat.org\/demos\/wp-content\/uploads\/2015\/09\/Geschmacksache-768x576.jpg 768w, https:\/\/www.maison-rhenanie-palatinat.org\/demos\/wp-content\/uploads\/2015\/09\/Geschmacksache-1024x768.jpg 1024w\" sizes=\"(max-width: 300px) 100vw, 300px\" \/><\/a>Geschmacksache&nbsp; Niveau B1<\/strong><\/em><\/p>\n<p><span style=\"font-size: 12pt; font-family: frutiger;\">D\u00e9couverte des histoires et traditions culinaires, tendances actuelles, \u00e9change de recettes insolites &#8211; cours de conversation, accompagn\u00e9 d&rsquo;un caf\u00e9 et de d\u00e9gustations<\/span><\/p>\n<p><span style=\"font-family: frutiger;\">\u00c0 partir du niveau B1 &#8211; D\u00e9but du cours : 17 octobre 2017<\/span><br \/>\n<span style=\"font-family: frutiger;\"> Mardi 12h30-13h30, 8 rendez-vous &#8211; 100 \u20ac<\/span><\/p>\n<p><span style=\"font-family: frutiger;\">Possibilit\u00e9 de s&rsquo;inscrire seulement \u00e0 quelques s\u00e9ances choisies. Renseignez-vous sur les prochains rendez-vous.<\/span><\/p>\n<p>&nbsp;<\/p>\n","protected":false},"excerpt":{"rendered":"<p><strong>A partir du niveau B1<\/strong><br \/>\n<strong>Des cours th\u00e9matiques selon vos envies et vos besoins<br \/>\n<\/strong><\/p>\n<p lang=\"de-DE\" align=\"left\"><em><strong>Apropos Deutschland <\/strong><\/em><strong>(C1\/C2)<\/strong><\/p>\n<p lang=\"de-DE\" align=\"left\">Cours &#8230;<\/p>\n","protected":false},"author":1,"featured_media":0,"parent":671,"menu_order":0,"comment_status":"closed","ping_status":"closed","template":"","meta":{"_acf_changed":false,"_piecal_is_event":false,"_piecal_start_date":"","_piecal_end_date":"","_piecal_is_allday":false,"_uag_custom_page_level_css":"","_kad_blocks_custom_css":"","_kad_blocks_head_custom_js":"","_kad_blocks_body_custom_js":"","_kad_blocks_footer_custom_js":"","_kadence_starter_templates_imported_post":false,"_kad_post_transparent":"","_kad_post_title":"","_kad_post_layout":"right","_kad_post_sidebar_id":"","_kad_post_content_style":"","_kad_post_vertical_padding":"","_kad_post_feature":"","_kad_post_feature_position":"","_kad_post_header":false,"_kad_post_footer":false,"footnotes":""},"acf":[],"taxonomy_info":[],"featured_image_src_large":false,"author_info":{"display_name":"admin","author_link":"https:\/\/www.maison-rhenanie-palatinat.org\/demos\/author\/admin\/"},"comment_info":0,"uagb_featured_image_src":{"full":false,"thumbnail":false,"medium":false,"medium_large":false,"large":false,"1536x1536":false,"2048x2048":false},"uagb_author_info":{"display_name":"admin","author_link":"https:\/\/www.maison-rhenanie-palatinat.org\/demos\/author\/admin\/"},"uagb_comment_info":0,"uagb_excerpt":"A partir du niveau B1 Des cours th\u00e9matiques selon vos envies et vos besoins Apropos Deutschland (C1\/C2) Cours ...","_links":{"self":[{"href":"https:\/\/www.maison-rhenanie-palatinat.org\/demos\/wp-json\/wp\/v2\/pages\/7083"}],"collection":[{"href":"https:\/\/www.maison-rhenanie-palatinat.org\/demos\/wp-json\/wp\/v2\/pages"}],"about":[{"href":"https:\/\/www.maison-rhenanie-palatinat.org\/demos\/wp-json\/wp\/v2\/types\/page"}],"author":[{"embeddable":true,"href":"https:\/\/www.maison-rhenanie-palatinat.org\/demos\/wp-json\/wp\/v2\/users\/1"}],"replies":[{"embeddable":true,"href":"https:\/\/www.maison-rhenanie-palatinat.org\/demos\/wp-json\/wp\/v2\/comments?post=7083"}],"version-history":[{"count":33,"href":"https:\/\/www.maison-rhenanie-palatinat.org\/demos\/wp-json\/wp\/v2\/pages\/7083\/revisions"}],"predecessor-version":[{"id":26953,"href":"https:\/\/www.maison-rhenanie-palatinat.org\/demos\/wp-json\/wp\/v2\/pages\/7083\/revisions\/26953"}],"up":[{"embeddable":true,"href":"https:\/\/www.maison-rhenanie-palatinat.org\/demos\/wp-json\/wp\/v2\/pages\/671"}],"wp:attachment":[{"href":"https:\/\/www.maison-rhenanie-palatinat.org\/demos\/wp-json\/wp\/v2\/media?parent=7083"}],"curies":[{"name":"wp","href":"https:\/\/api.w.org\/{rel}","templated":true}]}}