{"id":7090,"date":"2015-09-21T18:36:00","date_gmt":"2015-09-21T16:36:00","guid":{"rendered":"http:\/\/www.maison-rhenanie-palatinat.org\/?page_id=7090"},"modified":"2023-10-03T08:22:08","modified_gmt":"2023-10-03T06:22:08","slug":"cours-pour-scolaires-et-etudiants","status":"publish","type":"page","link":"https:\/\/www.maison-rhenanie-palatinat.org\/demos\/apprendre-lallemand\/cours-pour-scolaires-et-etudiants\/","title":{"rendered":"Cours pour scolaires et \u00e9tudiants"},"content":{"rendered":"<p><strong>Pour optimiser votre apprentissage de l&rsquo;allemand<\/strong><\/p>\n<p><strong>\u00ab <span style=\"color: #ff8c00;\">Coup de pouce<\/span> \u00bb scolaire<br \/>\n<\/strong><\/p>\n<p>\u2022 Un programme de remise \u00e0 niveau sur mesure individuel ou en petit groupe<br \/>\n\u2022 Pour scolaires et \u00e9tudiants<br \/>\n\u2022 Inscriptions tout au long de l\u2019ann\u00e9e<br \/>\n\u2022 Tarif en individuel : 150\u20ac pour 5 heures, 290\u20ac pour 10 heures<br \/>\n\u2022 Tarif en duo: 85 \u20ac pour 5 heures, 160 \u20ac pour 10 heures par participant<\/p>\n<hr \/>\n<p><strong><span style=\"color: #ff8c00;\">Stages intensifs<\/span> pendant les vacances scolaires<\/strong><\/p>\n<p>\u2022 Pendant les vacances, nous proposons aux \u00e9l\u00e8ves de coll\u00e8ge et lyc\u00e9e et aux \u00e9tudiants de classes pr\u00e9paratoires une semaine intensive d\u2019entra\u00eenement et de remise \u00e0 niveau syst\u00e9matique (en individuel ou par groupes de niveau)<br \/>\n\u2022 Horaires : de 9h \u00e0 12h<br \/>\n\u2022 Tarif : 190 \u20ac<\/p>\n<p><strong>1. Stage d\u2019hiver : du lundi 12 au vendredi 16 f\u00e9vrier 2018<\/strong><br \/>\n<strong> 2. Stage de printemps : du mardi 9 au samedi 13 avril 2018<\/strong><br \/>\n<strong> 3. Stage de pr\u00e9-rentr\u00e9e : du lundi 27 au vendredi 31 ao\u00fbt 2018<br \/>\n<\/strong><\/p>\n<p>Avec trois ateliers par matin\u00e9e : grammaire, oral, \u00e9crit. Vous avez la possibilit\u00e9 de participer aux trois ateliers et de vous entra\u00eener \u00e0 la prise de parole, \u00e0 l&rsquo;expression \u00e9crite et de r\u00e9viser les structures grammaticales ; ou bien choisir un ou deux ateliers.<br \/>\n<strong>Renseignements et inscriptions aupr\u00e8s d&rsquo;Ursula Hurson (par mail de pr\u00e9f\u00e9rence).<\/strong><\/p>\n<hr \/>\n<p><strong>Nouveau : <span style=\"color: #ff8c00;\">Sp\u00e9cial vacances d&rsquo;automne<\/span><\/strong><br \/>\nUne formule de mise au point en 1, 2 ou 3 s\u00e9ances avec un planning \u00e0 la carte individuel ou en duo<br \/>\nFrais de participation : 30 \u20ac \/ s\u00e9ances de 75 minutes<\/p>\n<hr \/>\n<p><strong>Et aussi : <span style=\"color: #ff8c00;\">pr\u00e9paration aux concours<\/span><\/strong><\/p>\n<p>\u2022 Destin\u00e9e \u00e0 tous les \u00e9tudiants qui d\u00e9sirent s\u2019entra\u00eener \u00e0 l\u2019\u00e9preuve \u00e9crite ou orale dans le cadre d\u2019un concours<br \/>\n\u2022 Planning individuel \u00e0 la carte tout au long de l\u2019ann\u00e9e<\/p>\n","protected":false},"excerpt":{"rendered":"<p><strong>Pour optimiser votre apprentissage de l&rsquo;allemand<\/strong><\/p>\n<p><strong>\u00ab <span style=\"color: #ff8c00;\">Coup de pouce<\/span> \u00bb scolaire<br \/>\n<\/strong><\/p>\n<p>\u2022 Un programme de remise \u00e0 niveau sur mesure individuel ou en petit groupe<br \/>\n\u2022 Pour scolaires et \u00e9tudi&#8230;<\/p>\n","protected":false},"author":1,"featured_media":0,"parent":671,"menu_order":0,"comment_status":"closed","ping_status":"closed","template":"","meta":{"_acf_changed":false,"_piecal_is_event":false,"_piecal_start_date":"","_piecal_end_date":"","_piecal_is_allday":false,"_uag_custom_page_level_css":"","_kad_blocks_custom_css":"","_kad_blocks_head_custom_js":"","_kad_blocks_body_custom_js":"","_kad_blocks_footer_custom_js":"","_kadence_starter_templates_imported_post":false,"_kad_post_transparent":"","_kad_post_title":"","_kad_post_layout":"right","_kad_post_sidebar_id":"","_kad_post_content_style":"","_kad_post_vertical_padding":"","_kad_post_feature":"","_kad_post_feature_position":"","_kad_post_header":false,"_kad_post_footer":false,"footnotes":""},"acf":[],"taxonomy_info":[],"featured_image_src_large":false,"author_info":{"display_name":"admin","author_link":"https:\/\/www.maison-rhenanie-palatinat.org\/demos\/author\/admin\/"},"comment_info":0,"uagb_featured_image_src":{"full":false,"thumbnail":false,"medium":false,"medium_large":false,"large":false,"1536x1536":false,"2048x2048":false},"uagb_author_info":{"display_name":"admin","author_link":"https:\/\/www.maison-rhenanie-palatinat.org\/demos\/author\/admin\/"},"uagb_comment_info":0,"uagb_excerpt":"Pour optimiser votre apprentissage de l'allemand \u00ab Coup de pouce \u00bb scolaire \u2022 Un programme de remise \u00e0 niveau sur mesure individuel ou en petit groupe \u2022 Pour scolaires et \u00e9tudi...","_links":{"self":[{"href":"https:\/\/www.maison-rhenanie-palatinat.org\/demos\/wp-json\/wp\/v2\/pages\/7090"}],"collection":[{"href":"https:\/\/www.maison-rhenanie-palatinat.org\/demos\/wp-json\/wp\/v2\/pages"}],"about":[{"href":"https:\/\/www.maison-rhenanie-palatinat.org\/demos\/wp-json\/wp\/v2\/types\/page"}],"author":[{"embeddable":true,"href":"https:\/\/www.maison-rhenanie-palatinat.org\/demos\/wp-json\/wp\/v2\/users\/1"}],"replies":[{"embeddable":true,"href":"https:\/\/www.maison-rhenanie-palatinat.org\/demos\/wp-json\/wp\/v2\/comments?post=7090"}],"version-history":[{"count":20,"href":"https:\/\/www.maison-rhenanie-palatinat.org\/demos\/wp-json\/wp\/v2\/pages\/7090\/revisions"}],"predecessor-version":[{"id":26956,"href":"https:\/\/www.maison-rhenanie-palatinat.org\/demos\/wp-json\/wp\/v2\/pages\/7090\/revisions\/26956"}],"up":[{"embeddable":true,"href":"https:\/\/www.maison-rhenanie-palatinat.org\/demos\/wp-json\/wp\/v2\/pages\/671"}],"wp:attachment":[{"href":"https:\/\/www.maison-rhenanie-palatinat.org\/demos\/wp-json\/wp\/v2\/media?parent=7090"}],"curies":[{"name":"wp","href":"https:\/\/api.w.org\/{rel}","templated":true}]}}