{"id":7112,"date":"2015-09-24T12:01:43","date_gmt":"2015-09-24T10:01:43","guid":{"rendered":"http:\/\/www.maison-rhenanie-palatinat.org\/?page_id=7112"},"modified":"2023-10-03T17:50:38","modified_gmt":"2023-10-03T15:50:38","slug":"concours-eustory-france-2021-22","status":"publish","type":"page","link":"https:\/\/www.maison-rhenanie-palatinat.org\/demos\/centenaire\/concours-eustory-france-2021-22\/","title":{"rendered":"Concours EUSTORY-FRANCE"},"content":{"rendered":"<style>.kb-row-layout-id7112_fa991a-aa > .kt-row-column-wrap{align-content:start;}:where(.kb-row-layout-id7112_fa991a-aa > .kt-row-column-wrap) > .wp-block-kadence-column{justify-content:start;}.kb-row-layout-id7112_fa991a-aa > .kt-row-column-wrap{column-gap:var(--global-kb-gap-md, 2rem);row-gap:var(--global-kb-gap-md, 2rem);padding-top:var(--global-kb-spacing-sm, 1.5rem);padding-bottom:var(--global-kb-spacing-sm, 1.5rem);grid-template-columns:minmax(0, 1fr);}.kb-row-layout-id7112_fa991a-aa > .kt-row-layout-overlay{opacity:0.30;}@media all and (max-width: 1024px){.kb-row-layout-id7112_fa991a-aa > .kt-row-column-wrap{grid-template-columns:minmax(0, 1fr);}}@media all and (max-width: 767px){.kb-row-layout-id7112_fa991a-aa > .kt-row-column-wrap{grid-template-columns:minmax(0, 1fr);}}<\/style><div class=\"kb-row-layout-wrap kb-row-layout-id7112_fa991a-aa alignnone wp-block-kadence-rowlayout\"><div class=\"kt-row-column-wrap kt-has-1-columns kt-row-layout-equal kt-tab-layout-inherit kt-mobile-layout-row kt-row-valign-top\">\n<style>.kadence-column7112_b86a00-d8 > .kt-inside-inner-col,.kadence-column7112_b86a00-d8 > .kt-inside-inner-col:before{border-top-left-radius:0px;border-top-right-radius:0px;border-bottom-right-radius:0px;border-bottom-left-radius:0px;}.kadence-column7112_b86a00-d8 > .kt-inside-inner-col{column-gap:var(--global-kb-gap-sm, 1rem);}.kadence-column7112_b86a00-d8 > .kt-inside-inner-col{flex-direction:column;}.kadence-column7112_b86a00-d8 > .kt-inside-inner-col > .aligncenter{width:100%;}.kadence-column7112_b86a00-d8 > .kt-inside-inner-col:before{opacity:0.3;}.kadence-column7112_b86a00-d8{position:relative;}@media all and (max-width: 1024px){.kadence-column7112_b86a00-d8 > .kt-inside-inner-col{flex-direction:column;}}@media all and (max-width: 767px){.kadence-column7112_b86a00-d8 > .kt-inside-inner-col{flex-direction:column;}}<\/style>\n<div class=\"wp-block-kadence-column kadence-column7112_b86a00-d8 inner-column-1\"><div class=\"kt-inside-inner-col\">\n<p><strong>Concours d\u2019histoire scolaire franco-allemand 2021\/22 \u2022 Deutsch-franz\u00f6sischer Geschichtswettbewerb f\u00fcr Sch\u00fclerinnen und Sch\u00fcler 2021\/22<\/strong><\/p>\n\n\n\n<figure class=\"wp-block-image\"><img decoding=\"async\" src=\"http:\/\/maison-rhenanie-palatinat.org\/wp-content\/uploads\/2022\/01\/Concours-Histoire-FR-All_2021-22-1024x576.jpg\" alt=\"\" class=\"wp-image-23075\"\/><\/figure>\n\n\n\n<p><strong>La Maison de Rh\u00e9nanie-Palatinat, en tant que si\u00e8ge de la F\u00e9d\u00e9ration des Maisons Franco-Allemandes, coordonne le concours d\u2019histoire scolaire franco-allemand 2021\/22 \u201cAu-del\u00e0 des fronti\u00e8res : itin\u00e9raires franco-allemands\u201c. <\/strong><\/p>\n\n\n\n<p>Pour cette nouvelle \u00e9dition, le concours d\u2019histoire franco-allemand propose aux \u00e9l\u00e8ves de partir sur les traces des femmes et des hommes qui, pour une raison ou une autre, r\u00e9cemment ou dans le pass\u00e9, ont \u00e9t\u00e9 des \u201cpasseurs de fronti\u00e8res\u201d.<\/p>\n\n\n\n<p>Suite aux concours d\u2019histoire organis\u00e9s successivement en 2014\/15, 2015\/16 et 2018\/19 autour des th\u00e9matiques \u201cl\u2019Europe sur le champ de bataille. Que nous reste-t-il de la Premi\u00e8re guerre mondiale ?\u201d, \u201cVerdun \u2013 lieu de m\u00e9moire europ\u00e9en ?\u201d et \u201cLa Paix apr\u00e8s la \u2018Grande Guerre\u2019 en France, en Allemagne et en Europe. M\u00e9moires et h\u00e9ritage d\u2019un conflit mondial\u201d, la F\u00e9d\u00e9ration des Maisons Franco-Allemandes a souhait\u00e9 poursuivre ce travail p\u00e9dagogique autour de l\u2019id\u00e9e europ\u00e9enne, dans l\u2019esprit franco-allemand qui l\u2019anime en 2020-2021.<\/p>\n\n\n<style>.wp-block-kadence-advancedheading.kt-adv-heading7112_b2fecf-1a, .wp-block-kadence-advancedheading.kt-adv-heading7112_b2fecf-1a[data-kb-block=\"kb-adv-heading7112_b2fecf-1a\"]{font-style:normal;}.wp-block-kadence-advancedheading.kt-adv-heading7112_b2fecf-1a mark, .wp-block-kadence-advancedheading.kt-adv-heading7112_b2fecf-1a[data-kb-block=\"kb-adv-heading7112_b2fecf-1a\"] mark{font-style:normal;color:#f76a0c;padding-top:0px;padding-right:0px;padding-bottom:0px;padding-left:0px;}<\/style>\n<h2 class=\"kt-adv-heading7112_b2fecf-1a wp-block-kadence-advancedheading\" data-kb-block=\"kb-adv-heading7112_b2fecf-1a\">Les objectifs p\u00e9dagogiques<\/h2>\n\n\n\n<p><\/p>\n\n\n\n<ul>\n<li>Les concours d\u2019histoire visent \u00e0 \u00e9veiller chez les \u00e9l\u00e8ves fran\u00e7ais et allemands un int\u00e9r\u00eat pour leur histoire locale et familiale respective et \u00e0 inscrire des \u00e9v\u00e9nements locaux dans un contexte international.<\/li>\n\n\n\n<li>Le concours d\u2019histoire invite les \u00e9l\u00e8ves \u00e0 faire des recherches et \u00e0 d\u00e9couvrir l\u2019histoire locale, si possible avec l\u2019aide des archives locales ainsi qu\u2019en s\u2019appuyant sur des sources primaires (rapports, t\u00e9moignages, etc.). Ils pourront \u00e9galement interroger leur entourage familial et pr\u00eater attention \u00e0 leur environnement imm\u00e9diat (monuments historiques, mus\u00e9es, nom de rues, cartes postales, photos, etc.).<\/li>\n\n\n\n<li>Les enseignant.e.s qui encadrent leur classe ou un groupe d\u2019\u00e9l\u00e8ves sont invit\u00e9.e.s \u00e0 mener leur projet et leur travail p\u00e9dagogique avec un groupe ou une classe partenaire allemand.e afin de pouvoir \u00e9changer sur la th\u00e9matique donn\u00e9e et d\u2019inclure dans le travail commun le point de vue du voisin europ\u00e9en.<\/li>\n<\/ul>\n\n\n\n<p>Pour en savoir plus, vous trouverez de nombreuses informations, ainsi que les conditions de participation sur le site internet Eustory-France :&nbsp;<a href=\"http:\/\/www.eustory.fr\/\" target=\"_blank\" rel=\"noreferrer noopener\"><strong>www.eustory.fr<\/strong><\/a><\/p>\n<\/div><\/div>\n\n<\/div><\/div>\n\n","protected":false},"excerpt":{"rendered":"<p><!-- wp:kadence\/rowlayout {\"uniqueID\":\"7112_fa991a-aa\",\"columns\":1,\"colLayout\":\"equal\",\"kbVersion\":2} --><br \/>\n<!-- wp:kadence\/column {\"borderWidth\":[\"\",\"\",\"\",\"\"],\"uniqueID\":\"7112_b86a00-d8\",\"borderStyle\":[{\"top\":[\"\",\"\",\"\"],\"right\":[\"\",\"\",\"\"],\"bottom\":[\"\"...\n<\/p>\n","protected":false},"author":1,"featured_media":0,"parent":6370,"menu_order":0,"comment_status":"closed","ping_status":"closed","template":"","meta":{"_acf_changed":false,"_piecal_is_event":false,"_piecal_start_date":"","_piecal_end_date":"","_piecal_is_allday":false,"_uag_custom_page_level_css":"","_kad_blocks_custom_css":"","_kad_blocks_head_custom_js":"","_kad_blocks_body_custom_js":"","_kad_blocks_footer_custom_js":"","_kadence_starter_templates_imported_post":false,"_kad_post_transparent":"","_kad_post_title":"","_kad_post_layout":"","_kad_post_sidebar_id":"","_kad_post_content_style":"","_kad_post_vertical_padding":"","_kad_post_feature":"","_kad_post_feature_position":"","_kad_post_header":false,"_kad_post_footer":false,"footnotes":""},"acf":[],"taxonomy_info":[],"featured_image_src_large":false,"author_info":{"display_name":"admin","author_link":"https:\/\/www.maison-rhenanie-palatinat.org\/demos\/author\/admin\/"},"comment_info":0,"uagb_featured_image_src":{"full":false,"thumbnail":false,"medium":false,"medium_large":false,"large":false,"1536x1536":false,"2048x2048":false},"uagb_author_info":{"display_name":"admin","author_link":"https:\/\/www.maison-rhenanie-palatinat.org\/demos\/author\/admin\/"},"uagb_comment_info":0,"uagb_excerpt":null,"_links":{"self":[{"href":"https:\/\/www.maison-rhenanie-palatinat.org\/demos\/wp-json\/wp\/v2\/pages\/7112"}],"collection":[{"href":"https:\/\/www.maison-rhenanie-palatinat.org\/demos\/wp-json\/wp\/v2\/pages"}],"about":[{"href":"https:\/\/www.maison-rhenanie-palatinat.org\/demos\/wp-json\/wp\/v2\/types\/page"}],"author":[{"embeddable":true,"href":"https:\/\/www.maison-rhenanie-palatinat.org\/demos\/wp-json\/wp\/v2\/users\/1"}],"replies":[{"embeddable":true,"href":"https:\/\/www.maison-rhenanie-palatinat.org\/demos\/wp-json\/wp\/v2\/comments?post=7112"}],"version-history":[{"count":15,"href":"https:\/\/www.maison-rhenanie-palatinat.org\/demos\/wp-json\/wp\/v2\/pages\/7112\/revisions"}],"predecessor-version":[{"id":27133,"href":"https:\/\/www.maison-rhenanie-palatinat.org\/demos\/wp-json\/wp\/v2\/pages\/7112\/revisions\/27133"}],"up":[{"embeddable":true,"href":"https:\/\/www.maison-rhenanie-palatinat.org\/demos\/wp-json\/wp\/v2\/pages\/6370"}],"wp:attachment":[{"href":"https:\/\/www.maison-rhenanie-palatinat.org\/demos\/wp-json\/wp\/v2\/media?parent=7112"}],"curies":[{"name":"wp","href":"https:\/\/api.w.org\/{rel}","templated":true}]}}