{"id":735,"date":"2009-11-16T17:48:43","date_gmt":"2009-11-16T15:48:43","guid":{"rendered":"http:\/\/www.maison-rhenanie-palatinat.org\/?page_id=735"},"modified":"2022-11-06T16:57:33","modified_gmt":"2022-11-06T14:57:33","slug":"cours-collectifs-pour-adultes","status":"publish","type":"page","link":"https:\/\/www.maison-rhenanie-palatinat.org\/demos\/apprendre-lallemand\/cours-collectifs-pour-adultes\/","title":{"rendered":"Cours pour adultes"},"content":{"rendered":"<style>#kt-layout-id_aff8c4-47 > .kt-row-column-wrap{align-content:start;}:where(#kt-layout-id_aff8c4-47 > .kt-row-column-wrap) > .wp-block-kadence-column{justify-content:start;}#kt-layout-id_aff8c4-47 > .kt-row-column-wrap{column-gap:var(--global-kb-gap-md, 2rem);row-gap:var(--global-kb-gap-md, 2rem);padding-top:var( --global-kb-row-default-top, 25px );padding-bottom:var( --global-kb-row-default-bottom, 25px );padding-top:var(--global-kb-spacing-sm, 1.5rem);padding-bottom:var(--global-kb-spacing-sm, 1.5rem);grid-template-columns:minmax(0, 1fr);}#kt-layout-id_aff8c4-47 > .kt-row-layout-overlay{opacity:0.30;}@media all and (max-width: 1024px){#kt-layout-id_aff8c4-47 > .kt-row-column-wrap{grid-template-columns:minmax(0, 1fr);}}@media all and (max-width: 767px){#kt-layout-id_aff8c4-47 > .kt-row-column-wrap{grid-template-columns:minmax(0, 1fr);}}<\/style>\n<div class=\"wp-block-kadence-rowlayout alignnone\"><div id=\"kt-layout-id_aff8c4-47\" class=\"kt-row-layout-inner kt-layout-id_aff8c4-47\"><div class=\"kt-row-column-wrap kt-has-1-columns kt-gutter-default kt-v-gutter-default kt-row-valign-top kt-row-layout-equal kt-tab-layout-inherit kt-m-colapse-left-to-right kt-mobile-layout-row\"><style>.kadence-column_146cfc-7f > .kt-inside-inner-col{border-top-width:0px;border-right-width:0px;border-bottom-width:0px;border-left-width:0px;}.kadence-column_146cfc-7f > .kt-inside-inner-col,.kadence-column_146cfc-7f > .kt-inside-inner-col:before{border-top-left-radius:0px;border-top-right-radius:0px;border-bottom-right-radius:0px;border-bottom-left-radius:0px;}.kadence-column_146cfc-7f > .kt-inside-inner-col{column-gap:var(--global-kb-gap-sm, 1rem);}.kadence-column_146cfc-7f > .kt-inside-inner-col{flex-direction:column;}.kadence-column_146cfc-7f > .kt-inside-inner-col > .aligncenter{width:100%;}.kadence-column_146cfc-7f > .kt-inside-inner-col:before{opacity:0.3;}.kadence-column_146cfc-7f{position:relative;}@media all and (max-width: 1024px){.kadence-column_146cfc-7f > .kt-inside-inner-col{flex-direction:column;}}@media all and (max-width: 767px){.kadence-column_146cfc-7f > .kt-inside-inner-col{flex-direction:column;}}<\/style>\n<div class=\"wp-block-kadence-column inner-column-1 kadence-column_146cfc-7f\"><div class=\"kt-inside-inner-col\">\n<p><strong>Les plus de la Maison : une approche interculturelle et communicative pour tous nos cours qui s\u2019inscrivent dans le Cadre Europ\u00e9en Commun de R\u00e9f\u00e9rence pour les Langues (CECRL)*<\/strong><\/p>\n\n\n\n<p>Notre offre de cours d\u2019allemand pour adultes s\u2019articule principalement autour de cours adapt\u00e9s \u00e0 tous (pour d\u00e9butants \u00e0 confirm\u00e9s) :<\/p>\n\n\n\n<p>\u2022&nbsp;<a href=\"http:\/\/maison-rhenanie-palatinat.org\/apprendre-lallemand\/cours-collectifs\/\"><strong>cours collectifs<\/strong><\/a><br>\u2022&nbsp;<a href=\"http:\/\/maison-rhenanie-palatinat.org\/apprendre-lallemand\/cours-individuels-2\/\"><strong>cours individuels<\/strong><\/a><br>\u2022&nbsp;<a href=\"http:\/\/maison-rhenanie-palatinat.org\/apprendre-lallemand\/cours-thematiques\/\"><strong>cours th\u00e9matiques<\/strong><\/a><br>\u2022&nbsp;<a href=\"http:\/\/maison-rhenanie-palatinat.org\/apprendre-lallemand\/formation-continue\/\"><strong>cours dans le cadre de la formation continue<\/strong><\/a><\/p>\n\n\n\n<p><strong>ET AUSSI : pr\u00e9paration aux concours et aux \u00e9preuves (par exemple : agr\u00e9gation, soutenance de th\u00e8se\u2026)<br><\/strong>\u2022 Planning individuel \u00e0 la carte tout au long de l\u2019ann\u00e9e.<\/p>\n\n\n\n<ul><li><a href=\"https:\/\/maison-rhenanie-palatinat.org\/apprendre-lallemand\/cours-collectifs-pour-adultes\/#acc-g6nr233-0\"><em><\/em>Le Cadre Europ\u00e9en Commun de R\u00e9f\u00e9rence pour les Langues (CECRL)<\/a><strong>A1 : niveau d\u00e9butant<\/strong>&nbsp;Acquisition du vocabulaire de la communication active, compr\u00e9hension de textes simples, structures principales de grammaire permettant de comprendre et de r\u00e9agir dans un contexte quotidien<br><strong>A2 : niveau \u00e9l\u00e9mentaire<\/strong>&nbsp;Compl\u00e9ment du vocabulaire et des structures grammaticales permettant de s\u2019exprimer dans des situations quotidiennes<br><strong>B1<\/strong>&nbsp;<strong>: niveau seuil&nbsp;<\/strong>Compr\u00e9hension de situations plus complexes, expression orale plus nuanc\u00e9e, r\u00e9daction d\u2019\u00e9nonc\u00e9s simples<br><strong>B2<\/strong>&nbsp;:<strong>&nbsp;niveau avanc\u00e9<\/strong>&nbsp;Expression orale et \u00e9crite de niveau plus complexe, compr\u00e9hension de textes plus \u00e9labor\u00e9s, \u00e9largissement des connaissances grammaticales<br><strong>C1 \u2013 C2 : niveau autonome<\/strong>&nbsp;Approfondissement des connaissances, expression orale et \u00e9crite de niveau \u00e9lev\u00e9, compr\u00e9hension de documents plus difficiles<\/li><\/ul>\n\n\n\n<ul><li><a href=\"https:\/\/maison-rhenanie-palatinat.org\/apprendre-lallemand\/cours-collectifs-pour-adultes\/#acc-68d4237-0\"><em><\/em>Centre agr\u00e9\u00e9 de formation continue et d\u2019examens<\/a><a href=\"https:\/\/www.goethe.de\/ins\/fr\/fr\/sta\/par\/prf\/bulats.cfm\" target=\"_blank\" rel=\"noreferrer noopener\"><\/a><ul><li>Une \u00e9quipe de professeurs de langue maternelle allemande qualifi\u00e9e<\/li><li>Une m\u00e9thode op\u00e9rationnelle d\u2019apprentissage adapt\u00e9e \u00e0 votre niveau et \u00e0 vos besoins<\/li><li>Une d\u00e9marche qualit\u00e9 garantie par une \u00e9valuation de vos comp\u00e9tences linguistiques \u00e0 tous les stades de la formation<\/li><li>Certifications : A1-C1 du Goethe-Institut, le Goethe-Test PRO, le TestDaF, CLOE et le WiDaF.<\/li><\/ul><a href=\"https:\/\/www.goethe.de\/ins\/fr\/fr\/spr\/prf.html\" target=\"_blank\" rel=\"noreferrer noopener\"><\/a><a href=\"https:\/\/www.testdaf.de\/de\/\" target=\"_blank\" rel=\"noreferrer noopener\"><\/a><a href=\"https:\/\/www.francecompetences.fr\/recherche\/rs\/5661\/\" target=\"_blank\" rel=\"noreferrer noopener\"><\/a><a href=\"https:\/\/www.data-dock.fr\/\" target=\"_blank\" rel=\"noreferrer noopener\"><\/a><a href=\"https:\/\/www.francecompetences.fr\/fiche\/la-loi-avenir-professionnel-lexigence-qualite\/#qualiopi\" target=\"_blank\" rel=\"noreferrer noopener\"><\/a><\/li><\/ul>\n\n\n\n<p><a href=\"http:\/\/maison-rhenanie-palatinat.org\/demande-de-renseignements\/\" target=\"_blank\" rel=\"noreferrer noopener\">Je m&rsquo;y mets maintenant!<\/a><\/p>\n\n\n\n<hr class=\"wp-block-separator has-alpha-channel-opacity\"\/>\n\n\n\n<p><strong>Conditions d\u2019inscription<\/strong><br>\u2022 Pr\u00e9alablement \u00e0 toute premi\u00e8re inscription, nous vous invitons \u00e0 passer un test d\u2019\u00e9valuation gratuit, sans engagement de votre part<br>\u2022 Le paiement s\u2019effectue \u00e0 l\u2019inscription, par ch\u00e8que ou en esp\u00e8ces, les frais pour livres de cours et examens sont en sus<br>\u2022 Le tarif et la dur\u00e9e de la session pour les cours collectifs sont valables pour des groupes de 8 personnes.<br>\u2022 Facilit\u00e9s de paiement possibles (r\u00e8glement en une, deux ou trois fois)<br>\u2022 R\u00e9duction \u00e0 partir d\u2019une inscription \u00e0 2 cours diff\u00e9rents sur l\u2019ann\u00e9e<br>\u2022 Proratisation des frais d\u2019inscription si celle-ci est effectu\u00e9e en cours d\u2019ann\u00e9e<br>\u2022 Une fois le d\u00e9but des cours effectu\u00e9, aucun remboursement ne sera possible<\/p>\n\n\n\n<p>Lire les&nbsp;<a href=\"http:\/\/maison-rhenanie-palatinat.org\/wp-content\/uploads\/2021\/12\/CGV-MRP.pdf\" target=\"_blank\" rel=\"noreferrer noopener\"><strong>conditions g\u00e9n\u00e9rales de vente<\/strong><\/a>.<\/p>\n<\/div><\/div>\n<\/div><\/div><\/div>\n","protected":false},"excerpt":{"rendered":"<p>Les plus de la Maison : une approche interculturelle et communicative pour tous nos cours qui s\u2019inscrivent dans le Cadre Europ\u00e9en Commun de R\u00e9f\u00e9rence pour les Langues (CECRL)* Notre offre de cours d\u2019allemand pour adultes s\u2019articule principalement autour de cours adapt\u00e9s \u00e0 tous (pour d\u00e9butants \u00e0 confirm\u00e9s) : \u2022&nbsp;cours collectifs\u2022&nbsp;cours individuels\u2022&nbsp;cours th\u00e9matiques\u2022&nbsp;cours dans le cadre&#8230;<\/p>\n","protected":false},"author":1,"featured_media":0,"parent":671,"menu_order":1,"comment_status":"closed","ping_status":"closed","template":"","meta":{"_acf_changed":false,"_piecal_is_event":false,"_piecal_start_date":"","_piecal_end_date":"","_piecal_is_allday":false,"_uag_custom_page_level_css":"","_kad_blocks_custom_css":"","_kad_blocks_head_custom_js":"","_kad_blocks_body_custom_js":"","_kad_blocks_footer_custom_js":"","_kadence_starter_templates_imported_post":false,"_kad_post_transparent":"","_kad_post_title":"","_kad_post_layout":"right","_kad_post_sidebar_id":"","_kad_post_content_style":"","_kad_post_vertical_padding":"","_kad_post_feature":"","_kad_post_feature_position":"","_kad_post_header":false,"_kad_post_footer":false,"footnotes":""},"acf":[],"taxonomy_info":[],"featured_image_src_large":false,"author_info":{"display_name":"admin","author_link":"https:\/\/www.maison-rhenanie-palatinat.org\/demos\/author\/admin\/"},"comment_info":0,"uagb_featured_image_src":{"full":false,"thumbnail":false,"medium":false,"medium_large":false,"large":false,"1536x1536":false,"2048x2048":false},"uagb_author_info":{"display_name":"admin","author_link":"https:\/\/www.maison-rhenanie-palatinat.org\/demos\/author\/admin\/"},"uagb_comment_info":0,"uagb_excerpt":"Les plus de la Maison : une approche interculturelle et communicative pour tous nos cours qui s\u2019inscrivent dans le Cadre Europ\u00e9en Commun de R\u00e9f\u00e9rence pour les Langues (CECRL)* Notre offre de cours d\u2019allemand pour adultes s\u2019articule principalement autour de cours adapt\u00e9s \u00e0 tous (pour d\u00e9butants \u00e0 confirm\u00e9s) : \u2022&nbsp;cours collectifs\u2022&nbsp;cours individuels\u2022&nbsp;cours th\u00e9matiques\u2022&nbsp;cours dans le cadre...","_links":{"self":[{"href":"https:\/\/www.maison-rhenanie-palatinat.org\/demos\/wp-json\/wp\/v2\/pages\/735"}],"collection":[{"href":"https:\/\/www.maison-rhenanie-palatinat.org\/demos\/wp-json\/wp\/v2\/pages"}],"about":[{"href":"https:\/\/www.maison-rhenanie-palatinat.org\/demos\/wp-json\/wp\/v2\/types\/page"}],"author":[{"embeddable":true,"href":"https:\/\/www.maison-rhenanie-palatinat.org\/demos\/wp-json\/wp\/v2\/users\/1"}],"replies":[{"embeddable":true,"href":"https:\/\/www.maison-rhenanie-palatinat.org\/demos\/wp-json\/wp\/v2\/comments?post=735"}],"version-history":[{"count":42,"href":"https:\/\/www.maison-rhenanie-palatinat.org\/demos\/wp-json\/wp\/v2\/pages\/735\/revisions"}],"predecessor-version":[{"id":26543,"href":"https:\/\/www.maison-rhenanie-palatinat.org\/demos\/wp-json\/wp\/v2\/pages\/735\/revisions\/26543"}],"up":[{"embeddable":true,"href":"https:\/\/www.maison-rhenanie-palatinat.org\/demos\/wp-json\/wp\/v2\/pages\/671"}],"wp:attachment":[{"href":"https:\/\/www.maison-rhenanie-palatinat.org\/demos\/wp-json\/wp\/v2\/media?parent=735"}],"curies":[{"name":"wp","href":"https:\/\/api.w.org\/{rel}","templated":true}]}}