{"id":8676,"date":"2017-01-19T16:46:44","date_gmt":"2017-01-19T14:46:44","guid":{"rendered":"http:\/\/www.maison-rhenanie-palatinat.org\/?page_id=8676"},"modified":"2017-02-06T19:54:28","modified_gmt":"2017-02-06T17:54:28","slug":"devenir-structure-daccueil","status":"publish","type":"page","link":"https:\/\/www.maison-rhenanie-palatinat.org\/demos\/volontariat-franco-allemand\/devenir-structure-daccueil\/","title":{"rendered":"Devenir structure d\u2019accueil en France"},"content":{"rendered":"<div id=\"inhalt\" lang=\"fr-FR\" align=\"justify\">\n<p style=\"text-align: left;\" align=\"justify\">Vous \u00eates une association, une fondation ou un organisme qui r\u00e9alise des missions d\u2019int\u00e9r\u00eat g\u00e9n\u00e9ral ?<\/p>\n<p>D\u00e8s le mois de septembre, vous pouvez b\u00e9n\u00e9ficier de la pr\u00e9sence d\u2019un\/e jeune volontaire allemand\/e pour une dur\u00e9e de 12 mois gr\u00e2ce au programme de Volontariat Culturel Franco-Allemand.<\/p>\n<\/div>\n","protected":false},"excerpt":{"rendered":"<p>Vous \u00eates une association, une fondation ou un organisme qui r\u00e9alise des missions d\u2019int\u00e9r\u00eat g\u00e9n\u00e9ral ? D\u00e8s le mois de septembre, vous pouvez b\u00e9n\u00e9ficier de la pr\u00e9sence d\u2019un\/e jeune volontaire allemand\/e pour une dur\u00e9e de 12 mois gr\u00e2ce au programme de Volontariat Culturel Franco-Allemand.<\/p>\n","protected":false},"author":1,"featured_media":0,"parent":2702,"menu_order":4,"comment_status":"closed","ping_status":"closed","template":"page-no-sidebar.php","meta":{"_acf_changed":false,"_piecal_is_event":false,"_piecal_start_date":"","_piecal_end_date":"","_piecal_is_allday":false,"_uag_custom_page_level_css":"","_kad_blocks_custom_css":"","_kad_blocks_head_custom_js":"","_kad_blocks_body_custom_js":"","_kad_blocks_footer_custom_js":"","_kadence_starter_templates_imported_post":false,"_kad_post_transparent":"","_kad_post_title":"","_kad_post_layout":"","_kad_post_sidebar_id":"","_kad_post_content_style":"","_kad_post_vertical_padding":"","_kad_post_feature":"","_kad_post_feature_position":"","_kad_post_header":false,"_kad_post_footer":false,"footnotes":""},"acf":[],"taxonomy_info":[],"featured_image_src_large":false,"author_info":{"display_name":"admin","author_link":"https:\/\/www.maison-rhenanie-palatinat.org\/demos\/author\/admin\/"},"comment_info":0,"uagb_featured_image_src":{"full":false,"thumbnail":false,"medium":false,"medium_large":false,"large":false,"1536x1536":false,"2048x2048":false},"uagb_author_info":{"display_name":"admin","author_link":"https:\/\/www.maison-rhenanie-palatinat.org\/demos\/author\/admin\/"},"uagb_comment_info":0,"uagb_excerpt":"Vous \u00eates une association, une fondation ou un organisme qui r\u00e9alise des missions d\u2019int\u00e9r\u00eat g\u00e9n\u00e9ral ? D\u00e8s le mois de septembre, vous pouvez b\u00e9n\u00e9ficier de la pr\u00e9sence d\u2019un\/e jeune volontaire allemand\/e pour une dur\u00e9e de 12 mois gr\u00e2ce au programme de Volontariat Culturel Franco-Allemand.","_links":{"self":[{"href":"https:\/\/www.maison-rhenanie-palatinat.org\/demos\/wp-json\/wp\/v2\/pages\/8676"}],"collection":[{"href":"https:\/\/www.maison-rhenanie-palatinat.org\/demos\/wp-json\/wp\/v2\/pages"}],"about":[{"href":"https:\/\/www.maison-rhenanie-palatinat.org\/demos\/wp-json\/wp\/v2\/types\/page"}],"author":[{"embeddable":true,"href":"https:\/\/www.maison-rhenanie-palatinat.org\/demos\/wp-json\/wp\/v2\/users\/1"}],"replies":[{"embeddable":true,"href":"https:\/\/www.maison-rhenanie-palatinat.org\/demos\/wp-json\/wp\/v2\/comments?post=8676"}],"version-history":[{"count":105,"href":"https:\/\/www.maison-rhenanie-palatinat.org\/demos\/wp-json\/wp\/v2\/pages\/8676\/revisions"}],"predecessor-version":[{"id":9122,"href":"https:\/\/www.maison-rhenanie-palatinat.org\/demos\/wp-json\/wp\/v2\/pages\/8676\/revisions\/9122"}],"up":[{"embeddable":true,"href":"https:\/\/www.maison-rhenanie-palatinat.org\/demos\/wp-json\/wp\/v2\/pages\/2702"}],"wp:attachment":[{"href":"https:\/\/www.maison-rhenanie-palatinat.org\/demos\/wp-json\/wp\/v2\/media?parent=8676"}],"curies":[{"name":"wp","href":"https:\/\/api.w.org\/{rel}","templated":true}]}}