{"id":8776,"date":"2017-01-25T17:44:22","date_gmt":"2017-01-25T15:44:22","guid":{"rendered":"http:\/\/www.maison-rhenanie-palatinat.org\/?page_id=8776"},"modified":"2017-07-28T23:21:39","modified_gmt":"2017-07-28T21:21:39","slug":"structures-daccueil-en-allemagne","status":"publish","type":"page","link":"https:\/\/www.maison-rhenanie-palatinat.org\/demos\/volontariat-franco-allemand\/structures-daccueil-en-allemagne\/","title":{"rendered":"Structures d&rsquo;accueil en Allemagne"},"content":{"rendered":"<p>Notre partenaire en Allemagne pour le volontariat culturel est le <a href=\"http:\/\/kulturbuero-rlp.de\/\" target=\"_blank\" rel=\"noopener noreferrer\">Kulturb\u00fcro Rheinland-Pfalz<\/a><br \/>\nder LAG Soziokultur &amp; Kulturp\u00e4dagogik e.V. \u00e0 Lahnstein. Cet organisme \u0153uvre dans le cadre du volontariat allemand depuis 2006.<\/p>\n<p><iframe loading=\"lazy\" src=\"https:\/\/www.google.com\/maps\/d\/embed?mid=1TuWsU462QbydwIvbIkZLo_B_sVI\" width=\"690\" height=\"517\"><\/iframe><\/p>\n<p>Les structures d\u2019accueil se trouvent en Rh\u00e9nanie-Palatinat et dans d&rsquo;autres L\u00e4nder allemands\u00a0:<\/p>\n<p><span style=\"color: #800000;\">\u2022 <a style=\"color: #800000;\" href=\"http:\/\/www.maison-rhenanie-palatinat.org\/volontariat-franco-allemand\/structures-daccueil-en-allemagne\/altes-wasserwerk-a-lorrach\/\" target=\"_blank\" rel=\"noopener noreferrer\"><strong>Altes Wasserwerk*<\/strong><\/a><\/span> \u00e0 L\u00f6rrach<\/p>\n<p>\u2022<span style=\"color: #800000;\"> <strong><a style=\"color: #800000;\" href=\"http:\/\/www.maison-rhenanie-palatinat.org\/volontariat-franco-allemand\/structures-daccueil-en-allemagne\/vhs-und-musikschule-bingen\/\" target=\"_blank\" rel=\"noopener noreferrer\">VHS*<\/a><\/strong> <\/span>\u00e0 Bingen<\/p>\n<p>\u2022 <span style=\"color: #800000;\"><strong><a style=\"color: #800000;\" href=\"http:\/\/www.maison-rhenanie-palatinat.org\/volontariat-franco-allemand\/structures-daccueil-en-allemagne\/centre-culturel-francais-freiburg\/\" target=\"_blank\" rel=\"noopener noreferrer\">Centre Culturel Fran\u00e7ais*<\/a><\/strong><\/span> \u00e0 Freiburg<br \/>\n\u2022<span style=\"color: #32cd32;\">\u00a0<span style=\"color: #800000;\"><strong><a style=\"color: #800000;\" href=\"http:\/\/www.maison-rhenanie-palatinat.org\/volontariat-franco-allemand\/structures-daccueil-en-allemagne\/dfi-erlangen\/\" target=\"_blank\" rel=\"noopener noreferrer\">Deutsch-Franz\u00f6sisches Institut*<\/a><\/strong><\/span><\/span> \u00e0 Erlangen<em>\u00a0\u00a0\u00a0<\/em><\/p>\n<p>\u2022 <span style=\"color: #800000;\"><strong><a style=\"color: #800000;\" href=\"http:\/\/www.maison-rhenanie-palatinat.org\/volontariat-franco-allemand\/structures-daccueil-en-allemagne\/laks-baden-wurttemberg-et-fondation-centre-culturel-franco-allemand-karlsruhe\/\" target=\"_blank\" rel=\"noopener noreferrer\">LAKS Baden-W\u00fcrttemberg et Fondation Centre Culturel Franco-Allemand*<\/a><\/strong> <\/span>\u00e0 Karlsruhe<\/p>\n<p>\u2022 <span style=\"color: #800000;\"><a style=\"color: #800000;\" href=\"http:\/\/www.maison-rhenanie-palatinat.org\/volontariat-franco-allemand\/structures-daccueil-en-allemagne\/arp-museum-bahnhof-rolandseck\/\" target=\"_blank\" rel=\"noopener noreferrer\"><strong>Arp Museum Bahnhof Rolandseck*<\/strong><\/a><\/span> \u00e0 Remagen<br \/>\n\u2022 <span style=\"color: #800000;\"><a style=\"color: #800000;\" href=\"http:\/\/www.maison-rhenanie-palatinat.org\/volontariat-franco-allemand\/structures-daccueil-en-allemagne\/landesmuseum-koblenz\/\" target=\"_blank\" rel=\"noopener noreferrer\"><strong>Landesmuseum*<\/strong><\/a><\/span> \u00e0 Koblenz<\/p>\n<p><span style=\"color: #800000;\">\u2022 <strong><a style=\"color: #800000;\" href=\"http:\/\/www.maison-rhenanie-palatinat.org\/volontariat-franco-allemand\/structures-daccueil-en-allemagne\/saarlandisches-kunstlerhaus-saarbrucken-e-v-et-stadtgalerie-saarbrucken\/\" target=\"_blank\" rel=\"noopener noreferrer\">Saarl\u00e4ndisches K\u00fcnstlerhaus et Stadtgalerie*<\/a><\/strong><\/span> \u00e0 Saarbr\u00fccken<\/p>\n<p>\u2022 <span style=\"color: #800000;\"><strong><a style=\"color: #800000;\" href=\"http:\/\/www.maison-rhenanie-palatinat.org\/volontariat-franco-allemand\/structures-daccueil-en-allemagne\/deutscher-werkbund-et-hellerau-a-dresden\/\" target=\"_blank\" rel=\"noopener noreferrer\">Deutscher Werkbund et Hellerau*<\/a><\/strong><\/span> \u00e0 Dresden<br \/>\n\u2022 <span style=\"color: #800000;\"><strong><a style=\"color: #800000;\" href=\"http:\/\/www.maison-rhenanie-palatinat.org\/volontariat-franco-allemand\/structures-daccueil-en-allemagne\/centre-pour-la-culture-architecturale-de-saxe-a-dresde\/\" target=\"_blank\" rel=\"noopener noreferrer\">Zentrum f\u00fcr Baukultur Sachsen*<\/a><\/strong><\/span> \u00e0 Dresden<\/p>\n<p>\u2022 <span style=\"color: #800000;\"><a style=\"color: #800000;\" href=\"http:\/\/www.maison-rhenanie-palatinat.org\/volontariat-franco-allemand\/structures-daccueil-en-allemagne\/landesarcheologie-koblenz\/\" target=\"_blank\" rel=\"noopener noreferrer\"><strong>Landesarch\u00e4ologie Au\u00dfenstelle*<\/strong><\/a><\/span> \u00e0 Koblenz<\/p>\n<p>\u2022 <span style=\"color: #800000;\"><a style=\"color: #800000;\" href=\"http:\/\/www.maison-rhenanie-palatinat.org\/volontariat-franco-allemand\/structures-daccueil-en-allemagne\/karlstorbahnhof\/\" target=\"_blank\" rel=\"noopener noreferrer\"><strong>Karlstorbahnhof*<\/strong><\/a><\/span> \u00e0 Heidelberg<br \/>\n\u2022 <span style=\"color: #800000;\"><a style=\"color: #800000;\" href=\"http:\/\/www.maison-rhenanie-palatinat.org\/volontariat-franco-allemand\/structures-daccueil-en-allemagne\/tanz-und-theaterwerkstatt\/\" target=\"_blank\" rel=\"noopener noreferrer\"><strong>Tanz-und Theaterwerkstatt*<\/strong><\/a><\/span> \u00e0 Ludwigsburg<\/p>\n<p>&nbsp;<\/p>\n","protected":false},"excerpt":{"rendered":"<p>Notre partenaire en Allemagne pour le volontariat culturel est le Kulturb\u00fcro Rheinland-Pfalz der LAG Soziokultur &amp; Kulturp\u00e4dagogik e.V. \u00e0 Lahnstein. Cet organisme \u0153uvre dans le cadre du volontariat allemand depuis 2006. Les structures d\u2019accueil se trouvent en Rh\u00e9nanie-Palatinat et dans d&rsquo;autres L\u00e4nder allemands\u00a0: \u2022 Altes Wasserwerk* \u00e0 L\u00f6rrach \u2022 VHS* \u00e0 Bingen \u2022 Centre Culturel&#8230;<\/p>\n","protected":false},"author":1,"featured_media":0,"parent":2702,"menu_order":3,"comment_status":"closed","ping_status":"closed","template":"page-no-sidebar.php","meta":{"_acf_changed":false,"_piecal_is_event":false,"_piecal_start_date":"","_piecal_end_date":"","_piecal_is_allday":false,"_uag_custom_page_level_css":"","_kad_blocks_custom_css":"","_kad_blocks_head_custom_js":"","_kad_blocks_body_custom_js":"","_kad_blocks_footer_custom_js":"","_kadence_starter_templates_imported_post":false,"_kad_post_transparent":"","_kad_post_title":"","_kad_post_layout":"","_kad_post_sidebar_id":"","_kad_post_content_style":"","_kad_post_vertical_padding":"","_kad_post_feature":"","_kad_post_feature_position":"","_kad_post_header":false,"_kad_post_footer":false,"footnotes":""},"acf":[],"taxonomy_info":[],"featured_image_src_large":false,"author_info":{"display_name":"admin","author_link":"https:\/\/www.maison-rhenanie-palatinat.org\/demos\/author\/admin\/"},"comment_info":0,"uagb_featured_image_src":{"full":false,"thumbnail":false,"medium":false,"medium_large":false,"large":false,"1536x1536":false,"2048x2048":false},"uagb_author_info":{"display_name":"admin","author_link":"https:\/\/www.maison-rhenanie-palatinat.org\/demos\/author\/admin\/"},"uagb_comment_info":0,"uagb_excerpt":"Notre partenaire en Allemagne pour le volontariat culturel est le Kulturb\u00fcro Rheinland-Pfalz der LAG Soziokultur &amp; Kulturp\u00e4dagogik e.V. \u00e0 Lahnstein. Cet organisme \u0153uvre dans le cadre du volontariat allemand depuis 2006. Les structures d\u2019accueil se trouvent en Rh\u00e9nanie-Palatinat et dans d&rsquo;autres L\u00e4nder allemands\u00a0: \u2022 Altes Wasserwerk* \u00e0 L\u00f6rrach \u2022 VHS* \u00e0 Bingen \u2022 Centre Culturel...","_links":{"self":[{"href":"https:\/\/www.maison-rhenanie-palatinat.org\/demos\/wp-json\/wp\/v2\/pages\/8776"}],"collection":[{"href":"https:\/\/www.maison-rhenanie-palatinat.org\/demos\/wp-json\/wp\/v2\/pages"}],"about":[{"href":"https:\/\/www.maison-rhenanie-palatinat.org\/demos\/wp-json\/wp\/v2\/types\/page"}],"author":[{"embeddable":true,"href":"https:\/\/www.maison-rhenanie-palatinat.org\/demos\/wp-json\/wp\/v2\/users\/1"}],"replies":[{"embeddable":true,"href":"https:\/\/www.maison-rhenanie-palatinat.org\/demos\/wp-json\/wp\/v2\/comments?post=8776"}],"version-history":[{"count":53,"href":"https:\/\/www.maison-rhenanie-palatinat.org\/demos\/wp-json\/wp\/v2\/pages\/8776\/revisions"}],"predecessor-version":[{"id":9926,"href":"https:\/\/www.maison-rhenanie-palatinat.org\/demos\/wp-json\/wp\/v2\/pages\/8776\/revisions\/9926"}],"up":[{"embeddable":true,"href":"https:\/\/www.maison-rhenanie-palatinat.org\/demos\/wp-json\/wp\/v2\/pages\/2702"}],"wp:attachment":[{"href":"https:\/\/www.maison-rhenanie-palatinat.org\/demos\/wp-json\/wp\/v2\/media?parent=8776"}],"curies":[{"name":"wp","href":"https:\/\/api.w.org\/{rel}","templated":true}]}}