{"id":8798,"date":"2017-01-25T16:40:54","date_gmt":"2017-01-25T14:40:54","guid":{"rendered":"http:\/\/www.maison-rhenanie-palatinat.org\/?page_id=8798"},"modified":"2023-10-03T06:53:53","modified_gmt":"2023-10-03T04:53:53","slug":"volontariat-culturel-franco-allemand","status":"publish","type":"page","link":"https:\/\/www.maison-rhenanie-palatinat.org\/demos\/volontariat-franco-allemand\/volontariat-culturel-franco-allemand\/","title":{"rendered":"Volontariat culturel franco-allemand"},"content":{"rendered":"<style>.kb-row-layout-id8798_cbcba5-7e > .kt-row-column-wrap{align-content:start;}:where(.kb-row-layout-id8798_cbcba5-7e > .kt-row-column-wrap) > .wp-block-kadence-column{justify-content:start;}.kb-row-layout-id8798_cbcba5-7e > .kt-row-column-wrap{column-gap:var(--global-kb-gap-md, 2rem);row-gap:var(--global-kb-gap-md, 2rem);padding-top:var(--global-kb-spacing-sm, 1.5rem);padding-bottom:var(--global-kb-spacing-sm, 1.5rem);grid-template-columns:minmax(0, 1fr);}.kb-row-layout-id8798_cbcba5-7e > .kt-row-layout-overlay{opacity:0.30;}@media all and (max-width: 1024px){.kb-row-layout-id8798_cbcba5-7e > .kt-row-column-wrap{grid-template-columns:minmax(0, 1fr);}}@media all and (max-width: 767px){.kb-row-layout-id8798_cbcba5-7e > .kt-row-column-wrap{grid-template-columns:minmax(0, 1fr);}}<\/style><div class=\"kb-row-layout-wrap kb-row-layout-id8798_cbcba5-7e alignnone wp-block-kadence-rowlayout\"><div class=\"kt-row-column-wrap kt-has-1-columns kt-row-layout-equal kt-tab-layout-inherit kt-mobile-layout-row kt-row-valign-top\">\n<style>.kadence-column8798_759663-d9 > .kt-inside-inner-col,.kadence-column8798_759663-d9 > .kt-inside-inner-col:before{border-top-left-radius:0px;border-top-right-radius:0px;border-bottom-right-radius:0px;border-bottom-left-radius:0px;}.kadence-column8798_759663-d9 > .kt-inside-inner-col{column-gap:var(--global-kb-gap-sm, 1rem);}.kadence-column8798_759663-d9 > .kt-inside-inner-col{flex-direction:column;}.kadence-column8798_759663-d9 > .kt-inside-inner-col > .aligncenter{width:100%;}.kadence-column8798_759663-d9 > .kt-inside-inner-col:before{opacity:0.3;}.kadence-column8798_759663-d9{position:relative;}@media all and (max-width: 1024px){.kadence-column8798_759663-d9 > .kt-inside-inner-col{flex-direction:column;}}@media all and (max-width: 767px){.kadence-column8798_759663-d9 > .kt-inside-inner-col{flex-direction:column;}}<\/style>\n<div class=\"wp-block-kadence-column kadence-column8798_759663-d9 inner-column-1\"><div class=\"kt-inside-inner-col\"><div class=\"wp-block-image\">\n<figure class=\"aligncenter\"><img decoding=\"async\" src=\"http:\/\/maison-rhenanie-palatinat.org\/wp-content\/uploads\/2018\/11\/IMG_4636-1024x683.jpg\" alt=\"\" class=\"wp-image-13729\"\/><\/figure><\/div>\n\n\n<p><br \/>Le&nbsp;<a href=\"http:\/\/vc-fa.org\/\" target=\"_blank\" rel=\"noreferrer noopener\"><strong>Volontariat Culturel Franco Allemand<\/strong><\/a>&nbsp;<strong>vous offre la possibilit\u00e9 de passer une ann\u00e9e en Allemagne, afin d\u2019acqu\u00e9rir des comp\u00e9tences dans le domaine culturel et d\u2019apprendre ou d\u2019am\u00e9liorer votre allemand.<\/strong><\/p>\n\n\n\n<p><strong>Le VCFA \u2013 Qu\u2019est-ce que c\u2019est ?<\/strong><\/p>\n\n\n\n<p>\u2022 Une ann\u00e9e d\u2019orientation professionnelle et de formation pour des jeunes Allemands et Fran\u00e7ais (de 18 \u00e0 25 ans)<br \/>\u2022 D\u00e9couvrir la culture allemande au quotidien, rencontrer de jeunes Allemands<br \/>\u2022 Faire une exp\u00e9rience professionnelle valorisante \u00e0 l\u2019\u00e9tranger, dans le domaine de la culture (mus\u00e9es, th\u00e9\u00e2tre\/danse, orchestres, centres socioculturels, \u2026)<br \/>\u2022 Un engagement aupr\u00e8s d\u2019une structure d\u2019accueil pour une dur\u00e9e de 12 mois<br \/>\u2022 S\u2019engager personnellement dans un projet choisi avec la structure d\u2019accueil<br \/>\u2022 Acqu\u00e9rir des comp\u00e9tences professionnelles, relationnelles et interculturelles<br \/>\u2022 Participer \u00e0 4 s\u00e9minaires dans l\u2019ann\u00e9e, en France et en Allemagne, pendant lesquels les volontaires fran\u00e7ais retrouvent les volontaires allemands.<\/p>\n\n\n\n<p><strong>Comp\u00e9tences requises<\/strong><\/p>\n\n\n\n<p>\u2022 Aucune comp\u00e9tence particuli\u00e8re n\u2019est requise<br \/>\u2022 De la motivation, curiosit\u00e9 et avoir l\u2019ouverture d\u2019esprit<br \/>\u2022 Envie de d\u00e9couvrir une autre culture<br \/>\u2022 Les d\u00e9butants en allemand sont les bienvenus<\/p>\n\n\n\n<p><strong>D\u00e9p\u00f4t des candidatures : Merci de nous contacter directement pour conna\u00eetre les missions encore disponibles.<\/strong><\/p>\n\n\n\n<p><strong>D\u00e9but de l\u2019ann\u00e9e de volontariat : 1<sup>er&nbsp;<\/sup>septembre de chaque ann\u00e9e<\/strong><\/p>\n\n\n\n<p><strong>Pour obtenir plus d\u2019informations sur les missions propos\u00e9es, le processus de candidature et le d\u00e9roulement du Volontariat Culturel Franco-Allemand (VCFA) veuillez aller sur le site :<\/strong><\/p>\n\n\n\n<p><strong><a href=\"http:\/\/vc-fa.org\/\" target=\"_blank\" rel=\"noreferrer noopener\">www.vc-fa.org<\/a><\/strong><\/p>\n\n\n\n<p><strong>Et aussi<\/strong>&nbsp;: Retrouvez le t\u00e9moignage de Vera, volontaire \u00e0 la M\u00e9diath\u00e8que de Chevigny-Saint-Sauveur, paru dans le Magazine de l\u2019OFAJ en cliquant&nbsp;<strong><a rel=\"noreferrer noopener\" href=\"https:\/\/www.dfjw.org\/media\/dfjw-magazin-3-2015.pdf\" target=\"_blank\">ici<\/a><\/strong>&nbsp;(pages 16-23).<\/p>\n<\/div><\/div>\n\n\n<style>.kadence-column8798_54ad7b-f5 > .kt-inside-inner-col{padding-top:20px;padding-right:20px;padding-bottom:20px;padding-left:20px;}.kadence-column8798_54ad7b-f5 > .kt-inside-inner-col,.kadence-column8798_54ad7b-f5 > .kt-inside-inner-col:before{border-top-left-radius:0px;border-top-right-radius:0px;border-bottom-right-radius:0px;border-bottom-left-radius:0px;}.kadence-column8798_54ad7b-f5 > .kt-inside-inner-col{column-gap:var(--global-kb-gap-sm, 1rem);}.kadence-column8798_54ad7b-f5 > .kt-inside-inner-col{flex-direction:column;}.kadence-column8798_54ad7b-f5 > .kt-inside-inner-col > .aligncenter{width:100%;}.kadence-column8798_54ad7b-f5 > .kt-inside-inner-col{background-color:#f6f6f6;}.kadence-column8798_54ad7b-f5 > .kt-inside-inner-col:before{opacity:0.3;}.kadence-column8798_54ad7b-f5{position:relative;}@media all and (max-width: 1024px){.kadence-column8798_54ad7b-f5 > .kt-inside-inner-col{flex-direction:column;}}@media all and (max-width: 767px){.kadence-column8798_54ad7b-f5 > .kt-inside-inner-col{flex-direction:column;}}<\/style>\n<div class=\"wp-block-kadence-column kadence-column8798_54ad7b-f5 inner-column-2\"><div class=\"kt-inside-inner-col\">\n<p><strong>Amelie BOCK<br \/><br \/><\/strong>Responsable du programme<br \/><br \/>T\u00e9l. : 03 80 68 86 01<br \/><br \/>E-mail : volontariat@maison-rhenanie-palatinat.org<\/p>\n\n\n\n<p><strong>Liens utiles<br \/><br \/><\/strong><a href=\"http:\/\/vc-fa.org\/\" target=\"_blank\" rel=\"noreferrer noopener\">www.vc-fa.org<\/a><br \/><br \/><a href=\"https:\/\/www.dffd-kultur.de\/\" target=\"_blank\" rel=\"noreferrer noopener\">www.dffd-kultur.de<\/a><\/p>\n\n\n\n<p><strong>Ines DEBORD<br \/><br \/><\/strong>Responsable administrative volontariats<br \/><br \/>T\u00e9l. : 03 80 68 21 09<br \/><br \/>E-mail : debord@maison-rhenanie-palatinat.org<\/p>\n<\/div><\/div>\n\n<\/div><\/div>","protected":false},"excerpt":{"rendered":"<p><!-- wp:kadence\/rowlayout {\"uniqueID\":\"8798_cbcba5-7e\",\"columns\":1,\"colLayout\":\"equal\",\"kbVersion\":2} --><br \/>\n<!-- wp:kadence\/column {\"borderWidth\":[\"\",\"\",\"\",\"\"],\"uniqueID\":\"8798_759663-d9\",\"borderStyle\":[{\"top\":[\"\",\"\",\"\"],\"right\":[\"\",\"\",\"\"],\"bottom\":[\"\"...\n<\/p>\n","protected":false},"author":1,"featured_media":0,"parent":2702,"menu_order":2,"comment_status":"closed","ping_status":"closed","template":"page-no-sidebar.php","meta":{"_acf_changed":false,"_piecal_is_event":false,"_piecal_start_date":"","_piecal_end_date":"","_piecal_is_allday":false,"_uag_custom_page_level_css":"","_kad_blocks_custom_css":"","_kad_blocks_head_custom_js":"","_kad_blocks_body_custom_js":"","_kad_blocks_footer_custom_js":"","_kadence_starter_templates_imported_post":false,"_kad_post_transparent":"","_kad_post_title":"","_kad_post_layout":"right","_kad_post_sidebar_id":"sidebar-primary","_kad_post_content_style":"","_kad_post_vertical_padding":"","_kad_post_feature":"","_kad_post_feature_position":"","_kad_post_header":false,"_kad_post_footer":false,"footnotes":""},"acf":[],"taxonomy_info":[],"featured_image_src_large":false,"author_info":{"display_name":"admin","author_link":"https:\/\/www.maison-rhenanie-palatinat.org\/demos\/author\/admin\/"},"comment_info":0,"uagb_featured_image_src":{"full":false,"thumbnail":false,"medium":false,"medium_large":false,"large":false,"1536x1536":false,"2048x2048":false},"uagb_author_info":{"display_name":"admin","author_link":"https:\/\/www.maison-rhenanie-palatinat.org\/demos\/author\/admin\/"},"uagb_comment_info":0,"uagb_excerpt":null,"_links":{"self":[{"href":"https:\/\/www.maison-rhenanie-palatinat.org\/demos\/wp-json\/wp\/v2\/pages\/8798"}],"collection":[{"href":"https:\/\/www.maison-rhenanie-palatinat.org\/demos\/wp-json\/wp\/v2\/pages"}],"about":[{"href":"https:\/\/www.maison-rhenanie-palatinat.org\/demos\/wp-json\/wp\/v2\/types\/page"}],"author":[{"embeddable":true,"href":"https:\/\/www.maison-rhenanie-palatinat.org\/demos\/wp-json\/wp\/v2\/users\/1"}],"replies":[{"embeddable":true,"href":"https:\/\/www.maison-rhenanie-palatinat.org\/demos\/wp-json\/wp\/v2\/comments?post=8798"}],"version-history":[{"count":74,"href":"https:\/\/www.maison-rhenanie-palatinat.org\/demos\/wp-json\/wp\/v2\/pages\/8798\/revisions"}],"predecessor-version":[{"id":26947,"href":"https:\/\/www.maison-rhenanie-palatinat.org\/demos\/wp-json\/wp\/v2\/pages\/8798\/revisions\/26947"}],"up":[{"embeddable":true,"href":"https:\/\/www.maison-rhenanie-palatinat.org\/demos\/wp-json\/wp\/v2\/pages\/2702"}],"wp:attachment":[{"href":"https:\/\/www.maison-rhenanie-palatinat.org\/demos\/wp-json\/wp\/v2\/media?parent=8798"}],"curies":[{"name":"wp","href":"https:\/\/api.w.org\/{rel}","templated":true}]}}