{"id":9238,"date":"2017-02-23T17:44:39","date_gmt":"2017-02-23T15:44:39","guid":{"rendered":"http:\/\/www.maison-rhenanie-palatinat.org\/?page_id=9238"},"modified":"2024-02-12T14:37:49","modified_gmt":"2024-02-12T12:37:49","slug":"contact-newsletter","status":"publish","type":"page","link":"https:\/\/www.maison-rhenanie-palatinat.org\/demos\/contact-newsletter\/","title":{"rendered":"Contact"},"content":{"rendered":"<style>.kb-row-layout-id9238_edce2a-22 > .kt-row-column-wrap{align-content:start;}:where(.kb-row-layout-id9238_edce2a-22 > .kt-row-column-wrap) > .wp-block-kadence-column{justify-content:start;}.kb-row-layout-id9238_edce2a-22 > .kt-row-column-wrap{column-gap:var(--global-kb-gap-md, 2rem);row-gap:var(--global-kb-gap-md, 2rem);padding-top:var(--global-kb-spacing-sm, 1.5rem);padding-bottom:var(--global-kb-spacing-sm, 1.5rem);grid-template-columns:minmax(0, 1fr);}.kb-row-layout-id9238_edce2a-22 > .kt-row-layout-overlay{opacity:0.30;}@media all and (max-width: 1024px){.kb-row-layout-id9238_edce2a-22 > .kt-row-column-wrap{grid-template-columns:minmax(0, 1fr);}}@media all and (max-width: 767px){.kb-row-layout-id9238_edce2a-22 > .kt-row-column-wrap{grid-template-columns:minmax(0, 1fr);}}<\/style><div class=\"kb-row-layout-wrap kb-row-layout-id9238_edce2a-22 alignnone wp-block-kadence-rowlayout\"><div class=\"kt-row-column-wrap kt-has-1-columns kt-row-layout-equal kt-tab-layout-inherit kt-mobile-layout-row kt-row-valign-top\">\n<style>.kadence-column9238_c3a91a-82 > .kt-inside-inner-col,.kadence-column9238_c3a91a-82 > .kt-inside-inner-col:before{border-top-left-radius:0px;border-top-right-radius:0px;border-bottom-right-radius:0px;border-bottom-left-radius:0px;}.kadence-column9238_c3a91a-82 > .kt-inside-inner-col{column-gap:var(--global-kb-gap-sm, 1rem);}.kadence-column9238_c3a91a-82 > .kt-inside-inner-col{flex-direction:column;}.kadence-column9238_c3a91a-82 > .kt-inside-inner-col > .aligncenter{width:100%;}.kadence-column9238_c3a91a-82 > .kt-inside-inner-col:before{opacity:0.3;}.kadence-column9238_c3a91a-82{position:relative;}@media all and (max-width: 1024px){.kadence-column9238_c3a91a-82 > .kt-inside-inner-col{flex-direction:column;}}@media all and (max-width: 767px){.kadence-column9238_c3a91a-82 > .kt-inside-inner-col{flex-direction:column;}}<\/style>\n<div class=\"wp-block-kadence-column kadence-column9238_c3a91a-82\"><div class=\"kt-inside-inner-col\">\n<div class=\"wpcf7 no-js\" id=\"wpcf7-f28157-o1\" lang=\"fr-FR\" dir=\"ltr\">\n<div class=\"screen-reader-response\"><p role=\"status\" aria-live=\"polite\" aria-atomic=\"true\"><\/p> <ul><\/ul><\/div>\n<form action=\"\/demos\/wp-json\/wp\/v2\/pages\/9238#wpcf7-f28157-o1\" method=\"post\" class=\"wpcf7-form init\" aria-label=\"Formulaire de contact\" novalidate=\"novalidate\" data-status=\"init\">\n<div style=\"display: none;\">\n<input type=\"hidden\" name=\"_wpcf7\" value=\"28157\" \/>\n<input type=\"hidden\" name=\"_wpcf7_version\" value=\"5.8.7\" \/>\n<input type=\"hidden\" name=\"_wpcf7_locale\" value=\"fr_FR\" \/>\n<input type=\"hidden\" name=\"_wpcf7_unit_tag\" value=\"wpcf7-f28157-o1\" \/>\n<input type=\"hidden\" name=\"_wpcf7_container_post\" value=\"0\" \/>\n<input type=\"hidden\" name=\"_wpcf7_posted_data_hash\" value=\"\" \/>\n<input type=\"hidden\" name=\"_map_author\" value=\"1\" \/>\n<input type=\"hidden\" name=\"_c2p_nonce\" value=\"de8a9e0059\" \/>\n<input type=\"hidden\" name=\"_wpnonce\" value=\"4d104d3792\" \/>\n<\/div>\n<p><label> Votre nom<br \/>\n<span class=\"wpcf7-form-control-wrap\" data-name=\"your-name\"><input size=\"40\" class=\"wpcf7-form-control wpcf7-text wpcf7-validates-as-required\" autocomplete=\"name\" aria-required=\"true\" aria-invalid=\"false\" value=\"\" type=\"text\" name=\"your-name\" \/><\/span> <\/label>\n<\/p>\n<p><label> Votre e-mail<br \/>\n<span class=\"wpcf7-form-control-wrap\" data-name=\"your-email\"><input size=\"40\" class=\"wpcf7-form-control wpcf7-email wpcf7-validates-as-required wpcf7-text wpcf7-validates-as-email\" autocomplete=\"email\" aria-required=\"true\" aria-invalid=\"false\" value=\"\" type=\"email\" name=\"your-email\" \/><\/span> <\/label>\n<\/p>\n<p><label> Objet<br \/>\n<span class=\"wpcf7-form-control-wrap\" data-name=\"your-subject\"><input size=\"40\" class=\"wpcf7-form-control wpcf7-text wpcf7-validates-as-required\" aria-required=\"true\" aria-invalid=\"false\" value=\"\" type=\"text\" name=\"your-subject\" \/><\/span> <\/label>\n<\/p>\n<p><label> Votre message (facultatif)<br \/>\n<span class=\"wpcf7-form-control-wrap\" data-name=\"your-message\"><textarea cols=\"40\" rows=\"10\" class=\"wpcf7-form-control wpcf7-textarea\" aria-invalid=\"false\" name=\"your-message\"><\/textarea><\/span> <\/label>\n<\/p>\n<p><input class=\"wpcf7-form-control wpcf7-submit has-spinner\" type=\"submit\" value=\"Envoyer\" \/>\n<\/p><div class=\"wpcf7-response-output\" aria-hidden=\"true\"><\/div>\n<\/form>\n<\/div>\n\n<\/div><\/div>\n\n<\/div><\/div>\n\n<style>.kb-row-layout-wrap.wp-block-kadence-rowlayout.kb-row-layout-id9238_f5e204-1b{margin-top:var(--global-kb-spacing-xxl, 5rem);}.kb-row-layout-id9238_f5e204-1b > .kt-row-column-wrap{align-content:start;}:where(.kb-row-layout-id9238_f5e204-1b > .kt-row-column-wrap) > .wp-block-kadence-column{justify-content:start;}.kb-row-layout-id9238_f5e204-1b > .kt-row-column-wrap{column-gap:var(--global-kb-gap-md, 2rem);row-gap:var(--global-kb-gap-md, 2rem);padding-top:0px;padding-right:0px;padding-bottom:0px;padding-left:0px;grid-template-columns:repeat(2, minmax(0, 1fr));}.kb-row-layout-id9238_f5e204-1b > .kt-row-layout-overlay{opacity:0.30;}@media all and (max-width: 1024px){.kb-row-layout-id9238_f5e204-1b > .kt-row-column-wrap{max-width:500px;margin-left:auto;margin-right:auto;padding-top:60px;padding-right:0px;padding-bottom:60px;padding-left:0px;grid-template-columns:minmax(0, 1fr);}}@media all and (max-width: 767px){.kb-row-layout-id9238_f5e204-1b > .kt-row-column-wrap{padding-top:0px;padding-right:0px;padding-bottom:40px;padding-left:0px;grid-template-columns:minmax(0, 1fr);}}<\/style><div class=\"kb-row-layout-wrap kb-row-layout-id9238_f5e204-1b alignfull has-theme-palette7-background-color kt-row-has-bg wp-block-kadence-rowlayout\"><div class=\"kt-row-column-wrap kt-has-2-columns kt-row-layout-equal kt-tab-layout-row kt-mobile-layout-row kt-row-valign-top\">\n<style>.kadence-column9238_dcfa0c-88 > .kt-inside-inner-col,.kadence-column9238_dcfa0c-88 > .kt-inside-inner-col:before{border-top-left-radius:0px;border-top-right-radius:0px;border-bottom-right-radius:0px;border-bottom-left-radius:0px;}.kadence-column9238_dcfa0c-88 > .kt-inside-inner-col{column-gap:var(--global-kb-gap-sm, 1rem);}.kadence-column9238_dcfa0c-88 > .kt-inside-inner-col{flex-direction:column;}.kadence-column9238_dcfa0c-88 > .kt-inside-inner-col > .aligncenter{width:100%;}.kadence-column9238_dcfa0c-88 > .kt-inside-inner-col:before{opacity:0.3;}.kadence-column9238_dcfa0c-88{position:relative;}@media all and (max-width: 1024px){.kadence-column9238_dcfa0c-88 > .kt-inside-inner-col{flex-direction:column;}}@media all and (max-width: 767px){.kadence-column9238_dcfa0c-88 > .kt-inside-inner-col{flex-direction:column;}}<\/style>\n<div class=\"wp-block-kadence-column kadence-column9238_dcfa0c-88 inner-column-1\"><div class=\"kt-inside-inner-col\"><style>.kb-google-maps-container9238_7ef62a-45{height:700px;}.kb-google-maps-container9238_7ef62a-45{filter:grayscale(50%);}@media all and (max-width: 767px){.kb-google-maps-container9238_7ef62a-45{height:400px;}}<\/style><div class=\"kb-google-maps-container kb-google-maps-container9238_7ef62a-45  wp-block-kadence-googlemaps\" data-mapid=\"9238_7ef62a-45\"><iframe width=\"100%\" height=\"100%\"\n\t\t\t\t\t\t\tstyle=\"border:0\" loading=\"lazy\"\n\t\t\t\t\t\t\tsrc=\"https:\/\/www.google.com\/maps\/embed\/v1\/place?key=AIzaSyBAM2o7PiQqwk15LC1XRH2e_KJ-jUa7KYk&#038;zoom=15&#038;maptype=roadmap&#038;q=Dijon%2C+Rue+Buffon+Maison+de+Rh%C3%A9nanie-Palatinat\"\n\t\t\t\t\t\t\ttitle=\"Google map of Dijon, Rue Buffon Maison de Rh\u00e9nanie-Palatinat\"><\/iframe><\/div><script>function kb_google_map9238_7ef62a_45() { let center = { lat: 37.8201, lng: -122.4781}; let map = new google.maps.Map(document.getElementById(\"kb-google-map9238_7ef62a-45\"), {\n\t\t\t\t\t    zoom: 15,\n\t\t\t\t\t    center: center,});let marker = new google.maps.Marker({   position: { lat: 37.8201, lng: -122.4781},    map: map,  });}<\/script><\/div><\/div>\n\n\n<style>.kadence-column9238_d48670-44, .kt-inside-inner-col > .kadence-column9238_d48670-44:not(.specificity){margin-top:0px;margin-right:0px;margin-bottom:0px;margin-left:100px;}.kadence-column9238_d48670-44 > .kt-inside-inner-col{padding-top:30px;padding-right:0px;padding-bottom:30px;padding-left:0px;}.kadence-column9238_d48670-44 > .kt-inside-inner-col,.kadence-column9238_d48670-44 > .kt-inside-inner-col:before{border-top-left-radius:0px;border-top-right-radius:0px;border-bottom-right-radius:0px;border-bottom-left-radius:0px;}.kadence-column9238_d48670-44 > .kt-inside-inner-col{column-gap:var(--global-kb-gap-sm, 1rem);}.kadence-column9238_d48670-44 > .kt-inside-inner-col{flex-direction:column;}.kadence-column9238_d48670-44 > .kt-inside-inner-col > .aligncenter{width:100%;}.kadence-column9238_d48670-44 > .kt-inside-inner-col:before{opacity:0.3;}.kadence-column9238_d48670-44{position:relative;}@media all and (max-width: 1024px){.kadence-column9238_d48670-44, .kt-inside-inner-col > .kadence-column9238_d48670-44:not(.specificity){margin-right:0px;margin-left:0px;}}@media all and (max-width: 1024px){.kadence-column9238_d48670-44 > .kt-inside-inner-col{padding-top:10px;padding-right:0px;padding-bottom:10px;padding-left:0px;flex-direction:column;}}@media all and (max-width: 767px){.kadence-column9238_d48670-44, .kt-inside-inner-col > .kadence-column9238_d48670-44:not(.specificity){margin-right:0px;margin-left:0px;}.kadence-column9238_d48670-44 > .kt-inside-inner-col{padding-top:20px;padding-right:40px;padding-bottom:20px;padding-left:40px;flex-direction:column;}}<\/style>\n<div class=\"wp-block-kadence-column kadence-column9238_d48670-44 inner-column-2\"><div class=\"kt-inside-inner-col\">\n<p><strong>Maison de Rh\u00e9nanie-Palatinat<br>Centre Franco-Allemand<br>en Bourgogne-Franche-Comt\u00e9<\/strong><br>29, rue Buffon B.P. 32415<br>21024 Dijon Cedex<br>T\u00e9l.: +33 (0)3 80 68 07 00<br>info@benoit<\/p>\n\n\n\n<p><strong>Ouverture\/\u00d6ffnungszeiten:<br><\/strong>Semaine\/Werktags: 10.00-12.00, 14.00-18.00<br>Vendredi\/Freitags: 10.00-12.00<br>et sur rendez-vous<\/p>\n\n\n\n<p>Ouvertures restreintes durant les vacances scolaires, renseignez-vous.<\/p>\n\n\n\n<p>T\u00e9l.: +33 (0)3 80 68 07 00<br>Fax: +33 (0)3 80 68 07 04<br>Courriel: info[at]maison-rhenanie-palatinat.org<\/p>\n<\/div><\/div>\n\n<\/div><\/div>","protected":false},"excerpt":{"rendered":"<p>Maison de Rh\u00e9nanie-PalatinatCentre Franco-Allemanden Bourgogne-Franche-Comt\u00e929, rue Buffon B.P. 3241521024 Dijon CedexT\u00e9l.: +33 (0)3 80 68 07 00info@benoit Ouverture\/\u00d6ffnungszeiten:Semaine\/Werktags: 10.00-12.00, 14.00-18.00Vendredi\/Freitags: 10.00-12.00et sur rendez-vous Ouvertures restreintes durant les vacances scolaires, renseignez-vous. T\u00e9l.: +33 (0)3 80 68 07 00Fax: +33 (0)3 80 68 07 04Courriel: info[at]maison-rhenanie-palatinat.org<\/p>\n","protected":false},"author":1,"featured_media":0,"parent":0,"menu_order":0,"comment_status":"closed","ping_status":"closed","template":"","meta":{"_acf_changed":false,"_piecal_is_event":false,"_piecal_start_date":"","_piecal_end_date":"","_piecal_is_allday":false,"_uag_custom_page_level_css":"","_kad_blocks_custom_css":"","_kad_blocks_head_custom_js":"","_kad_blocks_body_custom_js":"","_kad_blocks_footer_custom_js":"","_kadence_starter_templates_imported_post":false,"_kad_post_transparent":"","_kad_post_title":"hide","_kad_post_layout":"","_kad_post_sidebar_id":"","_kad_post_content_style":"","_kad_post_vertical_padding":"","_kad_post_feature":"","_kad_post_feature_position":"","_kad_post_header":false,"_kad_post_footer":false,"footnotes":""},"acf":[],"taxonomy_info":[],"featured_image_src_large":false,"author_info":{"display_name":"admin","author_link":"https:\/\/www.maison-rhenanie-palatinat.org\/demos\/author\/admin\/"},"comment_info":0,"uagb_featured_image_src":{"full":false,"thumbnail":false,"medium":false,"medium_large":false,"large":false,"1536x1536":false,"2048x2048":false},"uagb_author_info":{"display_name":"admin","author_link":"https:\/\/www.maison-rhenanie-palatinat.org\/demos\/author\/admin\/"},"uagb_comment_info":0,"uagb_excerpt":"Maison de Rh\u00e9nanie-PalatinatCentre Franco-Allemanden Bourgogne-Franche-Comt\u00e929, rue Buffon B.P. 3241521024 Dijon CedexT\u00e9l.: +33 (0)3 80 68 07 00info@benoit Ouverture\/\u00d6ffnungszeiten:Semaine\/Werktags: 10.00-12.00, 14.00-18.00Vendredi\/Freitags: 10.00-12.00et sur rendez-vous Ouvertures restreintes durant les vacances scolaires, renseignez-vous. T\u00e9l.: +33 (0)3 80 68 07 00Fax: +33 (0)3 80 68 07 04Courriel: info[at]maison-rhenanie-palatinat.org","_links":{"self":[{"href":"https:\/\/www.maison-rhenanie-palatinat.org\/demos\/wp-json\/wp\/v2\/pages\/9238"}],"collection":[{"href":"https:\/\/www.maison-rhenanie-palatinat.org\/demos\/wp-json\/wp\/v2\/pages"}],"about":[{"href":"https:\/\/www.maison-rhenanie-palatinat.org\/demos\/wp-json\/wp\/v2\/types\/page"}],"author":[{"embeddable":true,"href":"https:\/\/www.maison-rhenanie-palatinat.org\/demos\/wp-json\/wp\/v2\/users\/1"}],"replies":[{"embeddable":true,"href":"https:\/\/www.maison-rhenanie-palatinat.org\/demos\/wp-json\/wp\/v2\/comments?post=9238"}],"version-history":[{"count":43,"href":"https:\/\/www.maison-rhenanie-palatinat.org\/demos\/wp-json\/wp\/v2\/pages\/9238\/revisions"}],"predecessor-version":[{"id":28159,"href":"https:\/\/www.maison-rhenanie-palatinat.org\/demos\/wp-json\/wp\/v2\/pages\/9238\/revisions\/28159"}],"wp:attachment":[{"href":"https:\/\/www.maison-rhenanie-palatinat.org\/demos\/wp-json\/wp\/v2\/media?parent=9238"}],"curies":[{"name":"wp","href":"https:\/\/api.w.org\/{rel}","templated":true}]}}